{"id":5140,"date":"2020-04-15T09:10:54","date_gmt":"2020-04-15T07:10:54","guid":{"rendered":"http:\/\/sp1.hrubieszow.info\/?page_id=5140"},"modified":"2020-04-15T09:11:26","modified_gmt":"2020-04-15T07:11:26","slug":"80-rocznica-zbrodni-katynskiej","status":"publish","type":"page","link":"https:\/\/sp1hrubieszow.pl\/index.php\/kronika-2019-2020\/80-rocznica-zbrodni-katynskiej\/","title":{"rendered":"80. rocznica Zbrodni Katy\u0144skiej"},"content":{"rendered":"\n<p><img loading=\"lazy\" decoding=\"async\" class=\"alignnone size-medium wp-image-5139\" src=\"http:\/\/sp1.hrubieszow.info\/wp-content\/uploads\/2020\/04\/katyn-300x168.jpg\" alt=\"\" height=\"168\" width=\"300\" srcset=\"https:\/\/sp1hrubieszow.pl\/wp-content\/uploads\/2020\/04\/katyn-300x168.jpg 300w, https:\/\/sp1hrubieszow.pl\/wp-content\/uploads\/2020\/04\/katyn.jpg 538w\" sizes=\"auto, (max-width: 300px) 100vw, 300px\" \/><\/p>\n<p><span style=\"color: #000080;\">Z uwagi na to, \u017ce 80. rocznica Zbrodni Katy\u0144skiej przypada na panuj\u0105cy obecnie czas pandemii, z inicjatywy Prezydenta Rzeczypospolitej Polskiej Andrzeja Dudy powsta\u0142o wirtualne upami\u0119tnienie tej narodowej tragedii.<\/span><\/p>\n<p><span style=\"color: #000080;\">Upami\u0119tnienie w postaci wirtualnej ekspozycji przywo\u0142uje z imienia i nazwiska oficer\u00f3w Wojska Polskiego, \u017co\u0142nierzy Korpusu Ochrony Pogranicza, funkcjonariuszy Policji Pa\u0144stwowej i Stra\u017cy Wi\u0119ziennej, urz\u0119dnik\u00f3w i wszystkich innych przedstawicieli polskiej inteligencji, zamordowanych ludob\u00f3jczo przez re\u017cim sowiecki i pogrzebanych na cmentarzach w Bykowni, Charkowie, Katyniu i Miednoje.<\/span><\/p>\n<p><span style=\"color: #000080;\">Zach\u0119cam Pa\u0144stwa, uczni\u00f3w do odwiedzenia strony <a style=\"color: #000080;\" href=\"http:\/\/www.80rocznicakatynia.pl\">www.80rocznicakatynia.pl<\/a>&nbsp; i do w\u0142\u0105czenia si\u0119 w upami\u0119tnienie w ten symboliczny spos\u00f3b. Pami\u0119taj\u0105c wsp\u00f3lnie o Ofiarach Zbrodni Katy\u0144skiej, piel\u0119gnujemy prawd\u0119, aby przekazywa\u0107 j\u0105 kolejnym pokoleniom.<\/span><\/p>\n","protected":false},"excerpt":{"rendered":"<p>Z uwagi na to, \u017ce 80. rocznica Zbrodni Katy\u0144skiej przypada na panuj\u0105cy obecnie czas pandemii, z inicjatywy Prezydenta Rzeczypospolitej Polskiej Andrzeja Dudy powsta\u0142o wirtualne upami\u0119tnienie tej narodowej tragedii. Upami\u0119tnienie w postaci wirtualnej ekspozycji przywo\u0142uje z imienia i nazwiska oficer\u00f3w Wojska Polskiego, \u017co\u0142nierzy Korpusu Ochrony Pogranicza, funkcjonariuszy Policji Pa\u0144stwowej i Stra\u017cy Wi\u0119ziennej, urz\u0119dnik\u00f3w i wszystkich innych [&hellip;]<\/p>\n","protected":false},"author":2,"featured_media":0,"parent":2167,"menu_order":0,"comment_status":"closed","ping_status":"closed","template":"","meta":{"ngg_post_thumbnail":0,"footnotes":""},"class_list":["post-5140","page","type-page","status-publish","hentry"],"_links":{"self":[{"href":"https:\/\/sp1hrubieszow.pl\/index.php\/wp-json\/wp\/v2\/pages\/5140","targetHints":{"allow":["GET"]}}],"collection":[{"href":"https:\/\/sp1hrubieszow.pl\/index.php\/wp-json\/wp\/v2\/pages"}],"about":[{"href":"https:\/\/sp1hrubieszow.pl\/index.php\/wp-json\/wp\/v2\/types\/page"}],"author":[{"embeddable":true,"href":"https:\/\/sp1hrubieszow.pl\/index.php\/wp-json\/wp\/v2\/users\/2"}],"replies":[{"embeddable":true,"href":"https:\/\/sp1hrubieszow.pl\/index.php\/wp-json\/wp\/v2\/comments?post=5140"}],"version-history":[{"count":1,"href":"https:\/\/sp1hrubieszow.pl\/index.php\/wp-json\/wp\/v2\/pages\/5140\/revisions"}],"predecessor-version":[{"id":5141,"href":"https:\/\/sp1hrubieszow.pl\/index.php\/wp-json\/wp\/v2\/pages\/5140\/revisions\/5141"}],"up":[{"embeddable":true,"href":"https:\/\/sp1hrubieszow.pl\/index.php\/wp-json\/wp\/v2\/pages\/2167"}],"wp:attachment":[{"href":"https:\/\/sp1hrubieszow.pl\/index.php\/wp-json\/wp\/v2\/media?parent=5140"}],"curies":[{"name":"wp","href":"https:\/\/api.w.org\/{rel}","templated":true}]}}