{"id":5135,"date":"2020-04-09T16:54:32","date_gmt":"2020-04-09T14:54:32","guid":{"rendered":"http:\/\/sp1.hrubieszow.info\/?page_id=5135"},"modified":"2020-04-09T16:54:49","modified_gmt":"2020-04-09T14:54:49","slug":"oto-nasza-poezja","status":"publish","type":"page","link":"https:\/\/sp1hrubieszow.pl\/index.php\/kronika-2019-2020\/oto-nasza-poezja\/","title":{"rendered":"Oto nasza poezja.."},"content":{"rendered":"\n<p align=\"LEFT\"><span style=\"color: #330099;\"><span style=\"font-family: Arial, sans-serif;\"><span style=\"font-size: medium;\">Uczniowie z klas 5b i 5d SP1 otrzymali zadanie domowe z j\u0119zyka polskiego, by domow\u0105 nud\u0119 i rutynowe zaj\u0119cia os\u0142odzi\u0107 sobie tworzeniem poezji, zabaw\u0105 s\u0142owem. Oto wiersze autorstwa pomys\u0142owych dzieciak\u00f3w, kt\u00f3re w artystycznej formie opisywa\u0142y rzeczywisto\u015b\u0107 za oknem lub swoje ulubione zwierz\u0105tko. <\/span><\/span><\/span><\/p>\n<p align=\"LEFT\"><span style=\"color: #330099;\"><span style=\"font-family: Arial, sans-serif;\"><span style=\"font-size: medium;\">Po efektach wida\u0107, \u017ce artystyczne zdolno\u015bci drzemi\u0105 w ka\u017cdym.<\/span><\/span><\/span><\/p>\n<p align=\"LEFT\"><span style=\"color: #330099;\"><span style=\"font-family: Arial, sans-serif;\"><span style=\"font-size: medium;\">Zapraszam do lektury.<\/span><\/span><\/span><\/p>\n<p align=\"LEFT\"><a href=\"http:\/\/sp1.hrubieszow.info\/wp-content\/uploads\/2020\/04\/Oto-nasza-poezja.pdf\">Oto nasza poezja<\/a><\/p>\n","protected":false},"excerpt":{"rendered":"<p>Uczniowie z klas 5b i 5d SP1 otrzymali zadanie domowe z j\u0119zyka polskiego, by domow\u0105 nud\u0119 i rutynowe zaj\u0119cia os\u0142odzi\u0107 sobie tworzeniem poezji, zabaw\u0105 s\u0142owem. Oto wiersze autorstwa pomys\u0142owych dzieciak\u00f3w, kt\u00f3re w artystycznej formie opisywa\u0142y rzeczywisto\u015b\u0107 za oknem lub swoje ulubione zwierz\u0105tko. Po efektach wida\u0107, \u017ce artystyczne zdolno\u015bci drzemi\u0105 w ka\u017cdym. Zapraszam do lektury. Oto [&hellip;]<\/p>\n","protected":false},"author":2,"featured_media":0,"parent":2167,"menu_order":0,"comment_status":"closed","ping_status":"closed","template":"","meta":{"ngg_post_thumbnail":0,"footnotes":""},"class_list":["post-5135","page","type-page","status-publish","hentry"],"_links":{"self":[{"href":"https:\/\/sp1hrubieszow.pl\/index.php\/wp-json\/wp\/v2\/pages\/5135","targetHints":{"allow":["GET"]}}],"collection":[{"href":"https:\/\/sp1hrubieszow.pl\/index.php\/wp-json\/wp\/v2\/pages"}],"about":[{"href":"https:\/\/sp1hrubieszow.pl\/index.php\/wp-json\/wp\/v2\/types\/page"}],"author":[{"embeddable":true,"href":"https:\/\/sp1hrubieszow.pl\/index.php\/wp-json\/wp\/v2\/users\/2"}],"replies":[{"embeddable":true,"href":"https:\/\/sp1hrubieszow.pl\/index.php\/wp-json\/wp\/v2\/comments?post=5135"}],"version-history":[{"count":1,"href":"https:\/\/sp1hrubieszow.pl\/index.php\/wp-json\/wp\/v2\/pages\/5135\/revisions"}],"predecessor-version":[{"id":5136,"href":"https:\/\/sp1hrubieszow.pl\/index.php\/wp-json\/wp\/v2\/pages\/5135\/revisions\/5136"}],"up":[{"embeddable":true,"href":"https:\/\/sp1hrubieszow.pl\/index.php\/wp-json\/wp\/v2\/pages\/2167"}],"wp:attachment":[{"href":"https:\/\/sp1hrubieszow.pl\/index.php\/wp-json\/wp\/v2\/media?parent=5135"}],"curies":[{"name":"wp","href":"https:\/\/api.w.org\/{rel}","templated":true}]}}