{"id":5129,"date":"2020-04-08T20:42:08","date_gmt":"2020-04-08T18:42:08","guid":{"rendered":"http:\/\/sp1.hrubieszow.info\/?page_id=5129"},"modified":"2020-04-08T20:42:26","modified_gmt":"2020-04-08T18:42:26","slug":"czytanie-jest-przygoda","status":"publish","type":"page","link":"https:\/\/sp1hrubieszow.pl\/index.php\/kronika-2019-2020\/czytanie-jest-przygoda\/","title":{"rendered":"\u201eCZYTANIE JEST PRZYGOD\u0104\u201d"},"content":{"rendered":"\n<p align=\"JUSTIFY\"><span style=\"color: #330099;\"><span style=\"font-family: Arial, sans-serif;\">Micha\u0142 Grzeszczuk, ucze\u0144 klasy 4a zosta\u0142 laureatem VI Og\u00f3lnopolskiego Konkursu Literackiego o Tw\u00f3rczo\u015bci Kornela Makuszy\u0144skiego \u201eCZYTANIE JEST PRZYGOD\u0104\u201d Konkurs zosta\u0142 zorganizowany przez Pedagogiczn\u0105 Bibliotek\u0119 Wojew\u00f3dzk\u0105 im. KEN w Lublinie we wsp\u00f3\u0142pracy ze Szko\u0142\u0105 Podstawow\u0105 nr 34 im. K. Makuszy\u0144skiego w Lublinie. Patronat nad konkursem obj\u0119li: Rzecznik Praw Dziecka, Lubelski Kurator O\u015bwiaty, Prezydent Miasta Lublin oraz Dyrektor Centrum Bajki im Kozio\u0142ka Mato\u0142ka w Pacanowie i Dyrektor Muzeum im. K. Makuszy\u0144skiego W Zakopanem. <\/span><\/span><\/p>\n<p align=\"JUSTIFY\"><span style=\"color: #330099;\"><span style=\"font-family: Arial, sans-serif;\">Na konkurs wp\u0142yn\u0119\u0142y 344 prace z 15 wojew\u00f3dztw. Micha\u0142 zaj\u0105\u0142 I miejsce w\u015br\u00f3d uczni\u00f3w klas m\u0142odszych. Napisa\u0142 prac\u0119, w kt\u00f3rej zach\u0119ca\u0142 Kozio\u0142ka Mato\u0142ka do odwiedzenia naszego regionu. Gratulujemy!<\/span><\/span><\/p>\n","protected":false},"excerpt":{"rendered":"<p>Micha\u0142 Grzeszczuk, ucze\u0144 klasy 4a zosta\u0142 laureatem VI Og\u00f3lnopolskiego Konkursu Literackiego o Tw\u00f3rczo\u015bci Kornela Makuszy\u0144skiego \u201eCZYTANIE JEST PRZYGOD\u0104\u201d Konkurs zosta\u0142 zorganizowany przez Pedagogiczn\u0105 Bibliotek\u0119 Wojew\u00f3dzk\u0105 im. KEN w Lublinie we wsp\u00f3\u0142pracy ze Szko\u0142\u0105 Podstawow\u0105 nr 34 im. K. Makuszy\u0144skiego w Lublinie. Patronat nad konkursem obj\u0119li: Rzecznik Praw Dziecka, Lubelski Kurator O\u015bwiaty, Prezydent Miasta Lublin oraz [&hellip;]<\/p>\n","protected":false},"author":2,"featured_media":0,"parent":2167,"menu_order":0,"comment_status":"closed","ping_status":"closed","template":"","meta":{"ngg_post_thumbnail":0,"footnotes":""},"class_list":["post-5129","page","type-page","status-publish","hentry"],"_links":{"self":[{"href":"https:\/\/sp1hrubieszow.pl\/index.php\/wp-json\/wp\/v2\/pages\/5129","targetHints":{"allow":["GET"]}}],"collection":[{"href":"https:\/\/sp1hrubieszow.pl\/index.php\/wp-json\/wp\/v2\/pages"}],"about":[{"href":"https:\/\/sp1hrubieszow.pl\/index.php\/wp-json\/wp\/v2\/types\/page"}],"author":[{"embeddable":true,"href":"https:\/\/sp1hrubieszow.pl\/index.php\/wp-json\/wp\/v2\/users\/2"}],"replies":[{"embeddable":true,"href":"https:\/\/sp1hrubieszow.pl\/index.php\/wp-json\/wp\/v2\/comments?post=5129"}],"version-history":[{"count":1,"href":"https:\/\/sp1hrubieszow.pl\/index.php\/wp-json\/wp\/v2\/pages\/5129\/revisions"}],"predecessor-version":[{"id":5130,"href":"https:\/\/sp1hrubieszow.pl\/index.php\/wp-json\/wp\/v2\/pages\/5129\/revisions\/5130"}],"up":[{"embeddable":true,"href":"https:\/\/sp1hrubieszow.pl\/index.php\/wp-json\/wp\/v2\/pages\/2167"}],"wp:attachment":[{"href":"https:\/\/sp1hrubieszow.pl\/index.php\/wp-json\/wp\/v2\/media?parent=5129"}],"curies":[{"name":"wp","href":"https:\/\/api.w.org\/{rel}","templated":true}]}}