{"id":5124,"date":"2020-04-07T12:41:24","date_gmt":"2020-04-07T10:41:24","guid":{"rendered":"http:\/\/sp1.hrubieszow.info\/?page_id=5124"},"modified":"2020-04-07T12:44:21","modified_gmt":"2020-04-07T10:44:21","slug":"zyczenia-swiateczne","status":"publish","type":"page","link":"https:\/\/sp1hrubieszow.pl\/index.php\/kronika-2019-2020\/zyczenia-swiateczne\/","title":{"rendered":"\u017byczenia \u015bwi\u0105teczne"},"content":{"rendered":"\n<p style=\"text-align: center;\"><span style=\"color: #984806;\"><span style=\"font-size: x-large;\"><i><b>Szanowni Pa\u0144stwo , Kochani uczniowie <\/b><\/i><\/span><\/span><\/p>\n<p><img loading=\"lazy\" decoding=\"async\" class=\"size-medium wp-image-5123 aligncenter\" src=\"http:\/\/sp1.hrubieszow.info\/wp-content\/uploads\/2020\/04\/\u015bwi\u0119ta-300x240.jpg\" alt=\"\" width=\"300\" height=\"240\"><\/p>\n<p align=\"CENTER\"><span style=\"color: #984806;\"><span style=\"font-size: large;\"><i><b>\u017cycz\u0105<\/b><\/i><\/span><\/span><\/p>\n<p align=\"CENTER\"><span style=\"color: #984806;\"><span style=\"font-size: large;\"><i><b>Dyrekcja, Grono Pedagogiczne, Uczniowie i Pracownicy<\/b><\/i><\/span><\/span><\/p>\n<p align=\"CENTER\"><span style=\"color: #984806;\"><span style=\"font-size: large;\"><i><b>Szko\u0142y Podstawowej Nr 1 <br>w Hrubieszowie<\/b><\/i><\/span><\/span><\/p>\n<p>&nbsp;<\/p>\n","protected":false},"excerpt":{"rendered":"<p>Szanowni Pa\u0144stwo , Kochani uczniowie \u017cycz\u0105 Dyrekcja, Grono Pedagogiczne, Uczniowie i Pracownicy Szko\u0142y Podstawowej Nr 1 w Hrubieszowie &nbsp;<\/p>\n","protected":false},"author":2,"featured_media":0,"parent":2167,"menu_order":0,"comment_status":"closed","ping_status":"closed","template":"","meta":{"ngg_post_thumbnail":0,"footnotes":""},"class_list":["post-5124","page","type-page","status-publish","hentry"],"_links":{"self":[{"href":"https:\/\/sp1hrubieszow.pl\/index.php\/wp-json\/wp\/v2\/pages\/5124","targetHints":{"allow":["GET"]}}],"collection":[{"href":"https:\/\/sp1hrubieszow.pl\/index.php\/wp-json\/wp\/v2\/pages"}],"about":[{"href":"https:\/\/sp1hrubieszow.pl\/index.php\/wp-json\/wp\/v2\/types\/page"}],"author":[{"embeddable":true,"href":"https:\/\/sp1hrubieszow.pl\/index.php\/wp-json\/wp\/v2\/users\/2"}],"replies":[{"embeddable":true,"href":"https:\/\/sp1hrubieszow.pl\/index.php\/wp-json\/wp\/v2\/comments?post=5124"}],"version-history":[{"count":2,"href":"https:\/\/sp1hrubieszow.pl\/index.php\/wp-json\/wp\/v2\/pages\/5124\/revisions"}],"predecessor-version":[{"id":5128,"href":"https:\/\/sp1hrubieszow.pl\/index.php\/wp-json\/wp\/v2\/pages\/5124\/revisions\/5128"}],"up":[{"embeddable":true,"href":"https:\/\/sp1hrubieszow.pl\/index.php\/wp-json\/wp\/v2\/pages\/2167"}],"wp:attachment":[{"href":"https:\/\/sp1hrubieszow.pl\/index.php\/wp-json\/wp\/v2\/media?parent=5124"}],"curies":[{"name":"wp","href":"https:\/\/api.w.org\/{rel}","templated":true}]}}