{"id":5116,"date":"2020-04-07T12:33:37","date_gmt":"2020-04-07T10:33:37","guid":{"rendered":"http:\/\/sp1.hrubieszow.info\/?page_id=5116"},"modified":"2020-04-07T12:34:18","modified_gmt":"2020-04-07T10:34:18","slug":"wiosenna-przerwa-swiateczna","status":"publish","type":"page","link":"https:\/\/sp1hrubieszow.pl\/index.php\/kronika-2019-2020\/wiosenna-przerwa-swiateczna\/","title":{"rendered":"Wiosenna przerwa \u015bwi\u0105teczna"},"content":{"rendered":"\n<p><span style=\"color: #000080;\">Informacja dla rodzic\u00f3w i uczni\u00f3w:<\/span><\/p>\n<p><a href=\"http:\/\/sp1.hrubieszow.info\/wp-content\/uploads\/2020\/04\/Wiosenna-przerwa-\u015bwi\u0105teczna-w-szko\u0142ach-od-9-do-14-kwietnia-2020-r.docx\">Wiosenna przerwa \u015bwi\u0105teczna w szko\u0142ach od 9 do 14 kwietnia 2020 r<\/a><\/p>\n","protected":false},"excerpt":{"rendered":"<p>Informacja dla rodzic\u00f3w i uczni\u00f3w: Wiosenna przerwa \u015bwi\u0105teczna w szko\u0142ach od 9 do 14 kwietnia 2020 r<\/p>\n","protected":false},"author":2,"featured_media":0,"parent":2167,"menu_order":0,"comment_status":"closed","ping_status":"closed","template":"","meta":{"ngg_post_thumbnail":0,"footnotes":""},"class_list":["post-5116","page","type-page","status-publish","hentry"],"_links":{"self":[{"href":"https:\/\/sp1hrubieszow.pl\/index.php\/wp-json\/wp\/v2\/pages\/5116","targetHints":{"allow":["GET"]}}],"collection":[{"href":"https:\/\/sp1hrubieszow.pl\/index.php\/wp-json\/wp\/v2\/pages"}],"about":[{"href":"https:\/\/sp1hrubieszow.pl\/index.php\/wp-json\/wp\/v2\/types\/page"}],"author":[{"embeddable":true,"href":"https:\/\/sp1hrubieszow.pl\/index.php\/wp-json\/wp\/v2\/users\/2"}],"replies":[{"embeddable":true,"href":"https:\/\/sp1hrubieszow.pl\/index.php\/wp-json\/wp\/v2\/comments?post=5116"}],"version-history":[{"count":1,"href":"https:\/\/sp1hrubieszow.pl\/index.php\/wp-json\/wp\/v2\/pages\/5116\/revisions"}],"predecessor-version":[{"id":5117,"href":"https:\/\/sp1hrubieszow.pl\/index.php\/wp-json\/wp\/v2\/pages\/5116\/revisions\/5117"}],"up":[{"embeddable":true,"href":"https:\/\/sp1hrubieszow.pl\/index.php\/wp-json\/wp\/v2\/pages\/2167"}],"wp:attachment":[{"href":"https:\/\/sp1hrubieszow.pl\/index.php\/wp-json\/wp\/v2\/media?parent=5116"}],"curies":[{"name":"wp","href":"https:\/\/api.w.org\/{rel}","templated":true}]}}