{"id":5100,"date":"2020-03-30T13:08:01","date_gmt":"2020-03-30T11:08:01","guid":{"rendered":"http:\/\/sp1.hrubieszow.info\/?page_id=5100"},"modified":"2020-03-30T13:14:09","modified_gmt":"2020-03-30T11:14:09","slug":"wsparcie-instytutu-edukacji-pozytywnej","status":"publish","type":"page","link":"https:\/\/sp1hrubieszow.pl\/index.php\/kronika-2019-2020\/wsparcie-instytutu-edukacji-pozytywnej\/","title":{"rendered":"Wsparcie Instytutu Edukacji Pozytywnej"},"content":{"rendered":"\n<p><span style=\"color: #000080;\"><img loading=\"lazy\" decoding=\"async\" class=\"alignnone size-medium wp-image-5099\" src=\"http:\/\/sp1.hrubieszow.info\/wp-content\/uploads\/2020\/03\/safe_image-300x156.jpg\" alt=\"\" width=\"300\" height=\"156\" srcset=\"https:\/\/sp1hrubieszow.pl\/wp-content\/uploads\/2020\/03\/safe_image-300x156.jpg 300w, https:\/\/sp1hrubieszow.pl\/wp-content\/uploads\/2020\/03\/safe_image.jpg 540w\" sizes=\"auto, (max-width: 300px) 100vw, 300px\" \/><\/span><\/p>\n<p><span style=\"color: #000080;\">Drodzy Uczniowie, Rodzice i Nauczyciele!<\/span><br><span style=\"color: #000080;\">Pami\u0119tajcie, \u017ce mamy wsparcie Instytutu Edukacji Pozytywnej w ramach programu &#8222;Szko\u0142a My\u015blenia Pozytywnego&#8221;.<\/span><br><span style=\"color: #000080;\">W razie potrzeby mo\u017cna skorzysta\u0107&#8230;<\/span><\/p>\n<div id=\"js_og\" class=\"_5pbx userContent _3576\" data-testid=\"post_message\" data-ft=\"{&quot;tn&quot;:&quot;K&quot;}\">\n<p><a href=\"https:\/\/instytutep.pl\/wsparcie-online?fbclid=IwAR10gRPCeTDm0wqrvdg2tVXI_GQThBn0rDit-6CooFqCAkVzE1F8LOZ73xA\" target=\"_blank\" rel=\"noopener nofollow noreferrer\" data-ft=\"{&quot;tn&quot;:&quot;-U&quot;}\" data-lynx-mode=\"async\" data-lynx-uri=\"https:\/\/l.facebook.com\/l.php?u=https%3A%2F%2Finstytutep.pl%2Fwsparcie-online%3Ffbclid%3DIwAR10gRPCeTDm0wqrvdg2tVXI_GQThBn0rDit-6CooFqCAkVzE1F8LOZ73xA&amp;h=AT1_O_kfBHpcLcy9dY0Nz1TCYGHeGv6O2lrtxX-v_QCax_ujRx799eoBhrmU_aRkVlbtOajIL4enV4AsFnMf1mPeECZS8TpCCcspX3kOfhLZnzYiaNBmkPEIU2uhzJG98RlbO2dByMPezqym-Vt77hl_AXApqBugqFMbFa4cXvwQrVnPoEbGnPuOvXaiz_mcYprbJhELNYLO1WL-_jgGkr65bWGF4lCLcit2atd2-IOiJmMqRcjVEybP3VG3rmqPOGRwKKxy2GPenCkMvjjWDHmT26U46ipHpNZiSjXhrC3IwemBMAeaqkrW8MXiGUMnnaOXPch1n1uzRYBS39jDCCW3OlpkGE8CG2Xz5Hhvl8GyoGsX3rVZ4WvtwUgk6H4o7C2SOyRgx8YuZc5aHSWPe_pkquvsUV_5Ub6fU65WDzItDObPwgDdYi-rt3r8jHX7cHfHr-Ru_KJ1AfJ2YltXQncU2G4bEyuGs3OCoEra4SLPqKlJ67X9S-XlXzYRK9eROS3i6XVO960Wd-whXKLc8ImNpzpCDW7HGD3crHBV_0h0amlq3WkXZiqtSQ3fhUh3L6Fcg_3pFi4Pq6BOADObXIlyu2-2BpDLeJN8G4Y23YQJMdOd_ZL1w0n9lSF4BlzRY9nitxmpVZYfYApw0hh4AaCWdyXYjc3UWwnWavgD2g2zTA\">https:\/\/instytutep.pl\/wsparcie-online\u2026<\/a><\/p>\n<\/div>\n<div class=\"_3x-2\" data-ft=\"{&quot;tn&quot;:&quot;H&quot;}\">\n<div data-ft=\"{&quot;tn&quot;:&quot;H&quot;}\">\n<div class=\"mtm\">\n<div id=\"u_ps_jsonp_14_0_4\" class=\"_6m2 _1zpr clearfix _dcs _4_w4 _41u- _59ap _2bf7 _64lx _3eqz _20pq _3eqw _2rk1 _359m _3n1j _5qqr\" data-ft=\"{&quot;tn&quot;:&quot;H&quot;}\">\n<div class=\"clearfix _2r3x\">\n<div class=\"lfloat _ohe\">\n<div class=\"_63yw\">\n<div class=\"_6ks\">\n<div id=\"u_ps_jsonp_14_0_8\" class=\"accessible_elem inlineBlock\">&nbsp;<\/div>\n<div class=\"_6l- __c_\">&nbsp;<\/div>\n<\/div>\n<\/div>\n<\/div>\n<\/div>\n<\/div>\n<\/div>\n<\/div>\n<\/div>\n","protected":false},"excerpt":{"rendered":"<p>Drodzy Uczniowie, Rodzice i Nauczyciele!Pami\u0119tajcie, \u017ce mamy wsparcie Instytutu Edukacji Pozytywnej w ramach programu &#8222;Szko\u0142a My\u015blenia Pozytywnego&#8221;.W razie potrzeby mo\u017cna skorzysta\u0107&#8230; https:\/\/instytutep.pl\/wsparcie-online\u2026 &nbsp; &nbsp;<\/p>\n","protected":false},"author":2,"featured_media":0,"parent":2167,"menu_order":0,"comment_status":"closed","ping_status":"closed","template":"","meta":{"ngg_post_thumbnail":0,"footnotes":""},"class_list":["post-5100","page","type-page","status-publish","hentry"],"_links":{"self":[{"href":"https:\/\/sp1hrubieszow.pl\/index.php\/wp-json\/wp\/v2\/pages\/5100","targetHints":{"allow":["GET"]}}],"collection":[{"href":"https:\/\/sp1hrubieszow.pl\/index.php\/wp-json\/wp\/v2\/pages"}],"about":[{"href":"https:\/\/sp1hrubieszow.pl\/index.php\/wp-json\/wp\/v2\/types\/page"}],"author":[{"embeddable":true,"href":"https:\/\/sp1hrubieszow.pl\/index.php\/wp-json\/wp\/v2\/users\/2"}],"replies":[{"embeddable":true,"href":"https:\/\/sp1hrubieszow.pl\/index.php\/wp-json\/wp\/v2\/comments?post=5100"}],"version-history":[{"count":1,"href":"https:\/\/sp1hrubieszow.pl\/index.php\/wp-json\/wp\/v2\/pages\/5100\/revisions"}],"predecessor-version":[{"id":5101,"href":"https:\/\/sp1hrubieszow.pl\/index.php\/wp-json\/wp\/v2\/pages\/5100\/revisions\/5101"}],"up":[{"embeddable":true,"href":"https:\/\/sp1hrubieszow.pl\/index.php\/wp-json\/wp\/v2\/pages\/2167"}],"wp:attachment":[{"href":"https:\/\/sp1hrubieszow.pl\/index.php\/wp-json\/wp\/v2\/media?parent=5100"}],"curies":[{"name":"wp","href":"https:\/\/api.w.org\/{rel}","templated":true}]}}