{"id":5094,"date":"2020-03-28T15:54:28","date_gmt":"2020-03-28T14:54:28","guid":{"rendered":"http:\/\/sp1.hrubieszow.info\/?page_id=5094"},"modified":"2020-03-28T15:55:02","modified_gmt":"2020-03-28T14:55:02","slug":"pomoc-i-wsparcie-poradni-psychologiczno-pedgagicznej","status":"publish","type":"page","link":"https:\/\/sp1hrubieszow.pl\/index.php\/kronika-2019-2020\/pomoc-i-wsparcie-poradni-psychologiczno-pedgagicznej\/","title":{"rendered":"Pomoc i wsparcie Poradni Psychologiczno &#8211; Pedgagicznej"},"content":{"rendered":"\n<p><span style=\"color: #000080;\">Informacja na temat obs\u0142ugi klienta w Poradni Psychologiczno-Pedagogicznej w Hrubieszowie.<\/span><\/p>\n<p><span style=\"color: #000080;\">W trosce o zabezpieczenie zdrowia i \u017cycia oraz ograniczenie rozprzes<span class=\"text_exposed_show\">trzeniania koronawirusa w\u015br\u00f3d dzieci, m\u0142odzie\u017cy, rodzic\u00f3w, opiekun\u00f3w prawnych, pracownik\u00f3w, poradnia udziela wsparcia w systemie pracy zdalnej.<\/span><\/span><\/p>\n<div class=\"text_exposed_show\">\n<p><span style=\"color: #000080;\">Poradnia udziela pomocy i wsparcia<\/span><br><span style=\"color: #000080;\">w godz.8.00 do 16.00<\/span><br><span style=\"color: #000080;\">od poniedzia\u0142ku do pi\u0105tku po uprzednim kontakcie telefonicznym<\/span><br><span style=\"color: #000080;\">84 696 29 07<\/span><br><span style=\"color: #000080;\">695 407 361<\/span><br><span style=\"color: #000080;\">email ppphrub@wp.pl<\/span><br><span style=\"color: #000080;\">gdzie mo\u017cna zadawa\u0107 pytania i zostawi\u0107 nr tel. w celu ustalenia konsultacji telefonicznej przez specjalist\u00f3w.<\/span><\/p>\n<p><span style=\"color: #000080;\">W nadzwyczajnych przypadkach np. interwencja kryzysowa specjali\u015bci zatrudnieni w Poradni b\u0119d\u0105 do Pa\u0144stwa dyspozycji.<\/span><\/p>\n<p><span style=\"color: #000080;\">Dyrektor<\/span><br><span style=\"color: #000080;\">Poradni Psychologiczno \u2013 Pedagogicznej w Hrubieszowie<\/span><br><span style=\"color: #000080;\">Ilona Puszek<\/span><\/p>\n<\/div>\n","protected":false},"excerpt":{"rendered":"<p>Informacja na temat obs\u0142ugi klienta w Poradni Psychologiczno-Pedagogicznej w Hrubieszowie. W trosce o zabezpieczenie zdrowia i \u017cycia oraz ograniczenie rozprzestrzeniania koronawirusa w\u015br\u00f3d dzieci, m\u0142odzie\u017cy, rodzic\u00f3w, opiekun\u00f3w prawnych, pracownik\u00f3w, poradnia udziela wsparcia w systemie pracy zdalnej. Poradnia udziela pomocy i wsparciaw godz.8.00 do 16.00od poniedzia\u0142ku do pi\u0105tku po uprzednim kontakcie telefonicznym84 696 29 07695 407 361email [&hellip;]<\/p>\n","protected":false},"author":2,"featured_media":0,"parent":2167,"menu_order":0,"comment_status":"closed","ping_status":"closed","template":"","meta":{"ngg_post_thumbnail":0,"footnotes":""},"class_list":["post-5094","page","type-page","status-publish","hentry"],"_links":{"self":[{"href":"https:\/\/sp1hrubieszow.pl\/index.php\/wp-json\/wp\/v2\/pages\/5094","targetHints":{"allow":["GET"]}}],"collection":[{"href":"https:\/\/sp1hrubieszow.pl\/index.php\/wp-json\/wp\/v2\/pages"}],"about":[{"href":"https:\/\/sp1hrubieszow.pl\/index.php\/wp-json\/wp\/v2\/types\/page"}],"author":[{"embeddable":true,"href":"https:\/\/sp1hrubieszow.pl\/index.php\/wp-json\/wp\/v2\/users\/2"}],"replies":[{"embeddable":true,"href":"https:\/\/sp1hrubieszow.pl\/index.php\/wp-json\/wp\/v2\/comments?post=5094"}],"version-history":[{"count":1,"href":"https:\/\/sp1hrubieszow.pl\/index.php\/wp-json\/wp\/v2\/pages\/5094\/revisions"}],"predecessor-version":[{"id":5095,"href":"https:\/\/sp1hrubieszow.pl\/index.php\/wp-json\/wp\/v2\/pages\/5094\/revisions\/5095"}],"up":[{"embeddable":true,"href":"https:\/\/sp1hrubieszow.pl\/index.php\/wp-json\/wp\/v2\/pages\/2167"}],"wp:attachment":[{"href":"https:\/\/sp1hrubieszow.pl\/index.php\/wp-json\/wp\/v2\/media?parent=5094"}],"curies":[{"name":"wp","href":"https:\/\/api.w.org\/{rel}","templated":true}]}}