{"id":5090,"date":"2020-03-26T15:44:17","date_gmt":"2020-03-26T14:44:17","guid":{"rendered":"http:\/\/sp1.hrubieszow.info\/?page_id=5090"},"modified":"2020-03-26T15:44:44","modified_gmt":"2020-03-26T14:44:44","slug":"informacje-w-sprawie-probnego-egzaminu-klas-8","status":"publish","type":"page","link":"https:\/\/sp1hrubieszow.pl\/index.php\/kronika-2019-2020\/informacje-w-sprawie-probnego-egzaminu-klas-8\/","title":{"rendered":"Informacje w sprawie pr\u00f3bnego egzaminu klas 8"},"content":{"rendered":"\n<p>I<span style=\"color: #000080;\">nformacje w sprawie pr\u00f3bnego egzaminu klas 8 &#8211; informacje MEN i CKE<\/span><\/p>\n<p><a href=\"http:\/\/sp1.hrubieszow.info\/wp-content\/uploads\/2020\/03\/2020.03.26_Pr\u00f3bny-egzamin-\u00f3smoklasisty_informacja-MEN-i-CKE.pdf\">2020.03.26_Pr\u00f3bny egzamin \u00f3smoklasisty_informacja MEN i CKE<\/a><\/p>\n<p>&nbsp;<\/p>\n","protected":false},"excerpt":{"rendered":"<p>Informacje w sprawie pr\u00f3bnego egzaminu klas 8 &#8211; informacje MEN i CKE 2020.03.26_Pr\u00f3bny egzamin \u00f3smoklasisty_informacja MEN i CKE &nbsp;<\/p>\n","protected":false},"author":2,"featured_media":0,"parent":2167,"menu_order":0,"comment_status":"closed","ping_status":"closed","template":"","meta":{"ngg_post_thumbnail":0,"footnotes":""},"class_list":["post-5090","page","type-page","status-publish","hentry"],"_links":{"self":[{"href":"https:\/\/sp1hrubieszow.pl\/index.php\/wp-json\/wp\/v2\/pages\/5090","targetHints":{"allow":["GET"]}}],"collection":[{"href":"https:\/\/sp1hrubieszow.pl\/index.php\/wp-json\/wp\/v2\/pages"}],"about":[{"href":"https:\/\/sp1hrubieszow.pl\/index.php\/wp-json\/wp\/v2\/types\/page"}],"author":[{"embeddable":true,"href":"https:\/\/sp1hrubieszow.pl\/index.php\/wp-json\/wp\/v2\/users\/2"}],"replies":[{"embeddable":true,"href":"https:\/\/sp1hrubieszow.pl\/index.php\/wp-json\/wp\/v2\/comments?post=5090"}],"version-history":[{"count":1,"href":"https:\/\/sp1hrubieszow.pl\/index.php\/wp-json\/wp\/v2\/pages\/5090\/revisions"}],"predecessor-version":[{"id":5091,"href":"https:\/\/sp1hrubieszow.pl\/index.php\/wp-json\/wp\/v2\/pages\/5090\/revisions\/5091"}],"up":[{"embeddable":true,"href":"https:\/\/sp1hrubieszow.pl\/index.php\/wp-json\/wp\/v2\/pages\/2167"}],"wp:attachment":[{"href":"https:\/\/sp1hrubieszow.pl\/index.php\/wp-json\/wp\/v2\/media?parent=5090"}],"curies":[{"name":"wp","href":"https:\/\/api.w.org\/{rel}","templated":true}]}}