{"id":5085,"date":"2020-03-25T16:31:21","date_gmt":"2020-03-25T15:31:21","guid":{"rendered":"http:\/\/sp1.hrubieszow.info\/?page_id=5085"},"modified":"2020-03-25T16:31:56","modified_gmt":"2020-03-25T15:31:56","slug":"wsparcie-pedagogow","status":"publish","type":"page","link":"https:\/\/sp1hrubieszow.pl\/index.php\/kronika-2019-2020\/wsparcie-pedagogow\/","title":{"rendered":"Wsparcie pedagog\u00f3w"},"content":{"rendered":"\n<p><span style=\"color: #000080;\">DRODZY UCZNIOWIE I RODZICE!<\/span><\/p>\n<p><span style=\"color: #000080;\">Pedagodzy szkolni ze Szko\u0142y Podstawowej Nr 1 im. Boles\u0142awa Prusa w Hrubieszowie:<\/span><br><span style=\"color: #000080;\">Marta Kuczy\u0144ska i Anna Karkuszewska zapraszaj\u0105 do kontaktu uczni\u00f3w i rodzic\u00f3w, kt\u00f3rzy chc\u0105 zasi\u0119gn\u0105\u0107 porady, czy te\u017c skonsultowa\u0107 si\u0119 w dowolnej sprawie zwi\u0105zanej z edukacj\u0105, opiek\u0105, wychowaniem, profilaktyk\u0105 b\u0105d\u017a te\u017c obecn\u0105, trudn\u0105 dla wszystkich sytuacj\u0105.<span class=\"text_exposed_show\"><br>S\u0142u\u017cymy pomoc\u0105 i wsparciem!<\/span><\/span><\/p>\n<div class=\"text_exposed_show\">\n<p><span style=\"color: #000080;\">Kontakt mo\u017cliwy poprzez:<\/span><br><span style=\"color: #000080;\">-dziennik elektroniczny Librus-wiadomo\u015bci,<\/span><br><span style=\"color: #000080;\">-poczt\u0119 e-mail (Marta Kuczy\u0144ska: pedagog.mk@op.pl, Anna Karkuszewska: a.karkuszewska@poczta.onet.pl)<\/span><br><span style=\"color: #000080;\">-wiadomo\u015bci w aplikacji Messenger<\/span><\/p>\n<p><span style=\"color: #000080;\">Jeste\u015bmy z Wami w tych trudnych chwilach!<\/span><\/p>\n<\/div>\n","protected":false},"excerpt":{"rendered":"<p>DRODZY UCZNIOWIE I RODZICE! Pedagodzy szkolni ze Szko\u0142y Podstawowej Nr 1 im. Boles\u0142awa Prusa w Hrubieszowie:Marta Kuczy\u0144ska i Anna Karkuszewska zapraszaj\u0105 do kontaktu uczni\u00f3w i rodzic\u00f3w, kt\u00f3rzy chc\u0105 zasi\u0119gn\u0105\u0107 porady, czy te\u017c skonsultowa\u0107 si\u0119 w dowolnej sprawie zwi\u0105zanej z edukacj\u0105, opiek\u0105, wychowaniem, profilaktyk\u0105 b\u0105d\u017a te\u017c obecn\u0105, trudn\u0105 dla wszystkich sytuacj\u0105.S\u0142u\u017cymy pomoc\u0105 i wsparciem! Kontakt mo\u017cliwy [&hellip;]<\/p>\n","protected":false},"author":2,"featured_media":0,"parent":2167,"menu_order":0,"comment_status":"closed","ping_status":"closed","template":"","meta":{"ngg_post_thumbnail":0,"footnotes":""},"class_list":["post-5085","page","type-page","status-publish","hentry"],"_links":{"self":[{"href":"https:\/\/sp1hrubieszow.pl\/index.php\/wp-json\/wp\/v2\/pages\/5085","targetHints":{"allow":["GET"]}}],"collection":[{"href":"https:\/\/sp1hrubieszow.pl\/index.php\/wp-json\/wp\/v2\/pages"}],"about":[{"href":"https:\/\/sp1hrubieszow.pl\/index.php\/wp-json\/wp\/v2\/types\/page"}],"author":[{"embeddable":true,"href":"https:\/\/sp1hrubieszow.pl\/index.php\/wp-json\/wp\/v2\/users\/2"}],"replies":[{"embeddable":true,"href":"https:\/\/sp1hrubieszow.pl\/index.php\/wp-json\/wp\/v2\/comments?post=5085"}],"version-history":[{"count":1,"href":"https:\/\/sp1hrubieszow.pl\/index.php\/wp-json\/wp\/v2\/pages\/5085\/revisions"}],"predecessor-version":[{"id":5086,"href":"https:\/\/sp1hrubieszow.pl\/index.php\/wp-json\/wp\/v2\/pages\/5085\/revisions\/5086"}],"up":[{"embeddable":true,"href":"https:\/\/sp1hrubieszow.pl\/index.php\/wp-json\/wp\/v2\/pages\/2167"}],"wp:attachment":[{"href":"https:\/\/sp1hrubieszow.pl\/index.php\/wp-json\/wp\/v2\/media?parent=5085"}],"curies":[{"name":"wp","href":"https:\/\/api.w.org\/{rel}","templated":true}]}}