{"id":5075,"date":"2020-03-23T08:36:13","date_gmt":"2020-03-23T07:36:13","guid":{"rendered":"http:\/\/sp1.hrubieszow.info\/?page_id=5075"},"modified":"2020-03-23T08:39:59","modified_gmt":"2020-03-23T07:39:59","slug":"pierwszy-kanal-edukacyjny-telewizji-polskiej-online","status":"publish","type":"page","link":"https:\/\/sp1hrubieszow.pl\/index.php\/kronika-2019-2020\/pierwszy-kanal-edukacyjny-telewizji-polskiej-online\/","title":{"rendered":"Pierwszy kana\u0142 edukacyjny Telewizji Polskiej online"},"content":{"rendered":"\n<p><span style=\"color: #000080;\">Zach\u0119camy do zapoznania si\u0119 z ofert\u0105:<\/span><\/p>\n<p><a href=\"http:\/\/sp1.hrubieszow.info\/wp-content\/uploads\/2020\/03\/Szanowni-Pa\u0144stwo.docx\">telewizja edukacyjna<\/a><\/p>\n","protected":false},"excerpt":{"rendered":"<p>Zach\u0119camy do zapoznania si\u0119 z ofert\u0105: telewizja edukacyjna<\/p>\n","protected":false},"author":2,"featured_media":0,"parent":2167,"menu_order":0,"comment_status":"closed","ping_status":"closed","template":"","meta":{"ngg_post_thumbnail":0,"footnotes":""},"class_list":["post-5075","page","type-page","status-publish","hentry"],"_links":{"self":[{"href":"https:\/\/sp1hrubieszow.pl\/index.php\/wp-json\/wp\/v2\/pages\/5075","targetHints":{"allow":["GET"]}}],"collection":[{"href":"https:\/\/sp1hrubieszow.pl\/index.php\/wp-json\/wp\/v2\/pages"}],"about":[{"href":"https:\/\/sp1hrubieszow.pl\/index.php\/wp-json\/wp\/v2\/types\/page"}],"author":[{"embeddable":true,"href":"https:\/\/sp1hrubieszow.pl\/index.php\/wp-json\/wp\/v2\/users\/2"}],"replies":[{"embeddable":true,"href":"https:\/\/sp1hrubieszow.pl\/index.php\/wp-json\/wp\/v2\/comments?post=5075"}],"version-history":[{"count":1,"href":"https:\/\/sp1hrubieszow.pl\/index.php\/wp-json\/wp\/v2\/pages\/5075\/revisions"}],"predecessor-version":[{"id":5076,"href":"https:\/\/sp1hrubieszow.pl\/index.php\/wp-json\/wp\/v2\/pages\/5075\/revisions\/5076"}],"up":[{"embeddable":true,"href":"https:\/\/sp1hrubieszow.pl\/index.php\/wp-json\/wp\/v2\/pages\/2167"}],"wp:attachment":[{"href":"https:\/\/sp1hrubieszow.pl\/index.php\/wp-json\/wp\/v2\/media?parent=5075"}],"curies":[{"name":"wp","href":"https:\/\/api.w.org\/{rel}","templated":true}]}}