{"id":5063,"date":"2020-03-16T17:39:12","date_gmt":"2020-03-16T16:39:12","guid":{"rendered":"http:\/\/sp1.hrubieszow.info\/?page_id=5063"},"modified":"2020-03-16T17:39:43","modified_gmt":"2020-03-16T16:39:43","slug":"list-do-krolowej-wielkiej-brytanii-2","status":"publish","type":"page","link":"https:\/\/sp1hrubieszow.pl\/index.php\/kronika-2019-2020\/list-do-krolowej-wielkiej-brytanii-2\/","title":{"rendered":"List do Kr\u00f3lowej Wielkiej Brytanii"},"content":{"rendered":"\n<p class=\"gwp87aecc78_MsoNormal\"><span style=\"color: #000080;\">Dnia 10 grudnia 2019 r. uczniowie z oddzia\u0142u 7 B na zaj\u0119ciach z j\u0119zyka angielskiego prowadzonym przez p. Ilon\u0119 Winogrodzk\u0105 napisali \u017cyczenia \u015bwi\u0105teczne do Kr\u00f3lowej El\u017cbiety II. Kartka bo\u017conarodzeniowa zosta\u0142a wykonana przez Ol\u0119 Szymko. Wszyscy uczestnicy zaj\u0119\u0107 bardzo ch\u0119tnie zaanga\u017cowali si\u0119 w napisanie \u017cycze\u0144 do Kr\u00f3lowej i ka\u017cdy stara\u0142 si\u0119 napisa\u0107 je jak najdok\u0142adniej. Nast\u0119pnie ca\u0142a grupa wraz na nauczycielem podpisa\u0142a si\u0119 pod pi\u0119knie zredagowanymi \u015bwi\u0105tecznymi pozdrowieniami.<\/span><\/p>\n<p><span style=\"color: #000080;\">Na odpowied\u017a z Pa\u0142acu Buckingham czekali\u015bmy prawie trzy miesi\u0105ce. Bardzo si\u0119 cieszymy, gdy\u017c ma\u0142o kto mo\u017ce otrzyma\u0107 tak\u0105 korespondencj\u0119 z Londynu!!!<\/span><\/p>\nngg_shortcode_0_placeholder\n","protected":false},"excerpt":{"rendered":"<p>Dnia 10 grudnia 2019 r. uczniowie z oddzia\u0142u 7 B na zaj\u0119ciach z j\u0119zyka angielskiego prowadzonym przez p. Ilon\u0119 Winogrodzk\u0105 napisali \u017cyczenia \u015bwi\u0105teczne do Kr\u00f3lowej El\u017cbiety II. Kartka bo\u017conarodzeniowa zosta\u0142a wykonana przez Ol\u0119 Szymko. Wszyscy uczestnicy zaj\u0119\u0107 bardzo ch\u0119tnie zaanga\u017cowali si\u0119 w napisanie \u017cycze\u0144 do Kr\u00f3lowej i ka\u017cdy stara\u0142 si\u0119 napisa\u0107 je jak najdok\u0142adniej. Nast\u0119pnie [&hellip;]<\/p>\n","protected":false},"author":2,"featured_media":0,"parent":2167,"menu_order":0,"comment_status":"closed","ping_status":"closed","template":"","meta":{"ngg_post_thumbnail":0,"footnotes":""},"class_list":["post-5063","page","type-page","status-publish","hentry"],"_links":{"self":[{"href":"https:\/\/sp1hrubieszow.pl\/index.php\/wp-json\/wp\/v2\/pages\/5063","targetHints":{"allow":["GET"]}}],"collection":[{"href":"https:\/\/sp1hrubieszow.pl\/index.php\/wp-json\/wp\/v2\/pages"}],"about":[{"href":"https:\/\/sp1hrubieszow.pl\/index.php\/wp-json\/wp\/v2\/types\/page"}],"author":[{"embeddable":true,"href":"https:\/\/sp1hrubieszow.pl\/index.php\/wp-json\/wp\/v2\/users\/2"}],"replies":[{"embeddable":true,"href":"https:\/\/sp1hrubieszow.pl\/index.php\/wp-json\/wp\/v2\/comments?post=5063"}],"version-history":[{"count":1,"href":"https:\/\/sp1hrubieszow.pl\/index.php\/wp-json\/wp\/v2\/pages\/5063\/revisions"}],"predecessor-version":[{"id":5064,"href":"https:\/\/sp1hrubieszow.pl\/index.php\/wp-json\/wp\/v2\/pages\/5063\/revisions\/5064"}],"up":[{"embeddable":true,"href":"https:\/\/sp1hrubieszow.pl\/index.php\/wp-json\/wp\/v2\/pages\/2167"}],"wp:attachment":[{"href":"https:\/\/sp1hrubieszow.pl\/index.php\/wp-json\/wp\/v2\/media?parent=5063"}],"curies":[{"name":"wp","href":"https:\/\/api.w.org\/{rel}","templated":true}]}}