{"id":5019,"date":"2020-03-13T19:14:39","date_gmt":"2020-03-13T18:14:39","guid":{"rendered":"http:\/\/sp1.hrubieszow.info\/?page_id=5019"},"modified":"2020-03-13T19:18:32","modified_gmt":"2020-03-13T18:18:32","slug":"dzien-kobiet","status":"publish","type":"page","link":"https:\/\/sp1hrubieszow.pl\/index.php\/kronika-2019-2020\/dzien-kobiet\/","title":{"rendered":"Dzie\u0144 Kobiet"},"content":{"rendered":"\n<p><span style=\"color: #000080;\">9 marca 2020r. w Szkole Podstawowej Nr 1 w Hrubieszowie obchodzili\u015bmy Dzie\u0144 Kobiet. Po raz kolejny nie zabrak\u0142o mi\u0142ego akcentu od Ma\u0142ego Samorz\u0105du Uczniowskiego i Samorz\u0105du Uczniowskiego. Tym razem Szymon Musia\u0142 z kl. 2c, Jakub Bajerczak z kl. 3c, Oliwier Stadnicki z kl. 7c i Mateusz Zaj\u0105c z kl. 8c elegancko ubrani z\u0142o\u017cyli \u017cyczenia nauczycielkom i paniom z obs\u0142ugi i administracji. Wr\u0119czyli kwiatki przygotowane przez uczni\u00f3w. Mi\u0142o by\u0142o widzie\u0107 u\u015bmiech na twarzach wszystkich Kobiet tego dnia!<\/span><\/p>\nngg_shortcode_0_placeholder\n","protected":false},"excerpt":{"rendered":"<p>9 marca 2020r. w Szkole Podstawowej Nr 1 w Hrubieszowie obchodzili\u015bmy Dzie\u0144 Kobiet. Po raz kolejny nie zabrak\u0142o mi\u0142ego akcentu od Ma\u0142ego Samorz\u0105du Uczniowskiego i Samorz\u0105du Uczniowskiego. Tym razem Szymon Musia\u0142 z kl. 2c, Jakub Bajerczak z kl. 3c, Oliwier Stadnicki z kl. 7c i Mateusz Zaj\u0105c z kl. 8c elegancko ubrani z\u0142o\u017cyli \u017cyczenia nauczycielkom [&hellip;]<\/p>\n","protected":false},"author":2,"featured_media":0,"parent":2167,"menu_order":0,"comment_status":"closed","ping_status":"closed","template":"","meta":{"ngg_post_thumbnail":0,"footnotes":""},"class_list":["post-5019","page","type-page","status-publish","hentry"],"_links":{"self":[{"href":"https:\/\/sp1hrubieszow.pl\/index.php\/wp-json\/wp\/v2\/pages\/5019","targetHints":{"allow":["GET"]}}],"collection":[{"href":"https:\/\/sp1hrubieszow.pl\/index.php\/wp-json\/wp\/v2\/pages"}],"about":[{"href":"https:\/\/sp1hrubieszow.pl\/index.php\/wp-json\/wp\/v2\/types\/page"}],"author":[{"embeddable":true,"href":"https:\/\/sp1hrubieszow.pl\/index.php\/wp-json\/wp\/v2\/users\/2"}],"replies":[{"embeddable":true,"href":"https:\/\/sp1hrubieszow.pl\/index.php\/wp-json\/wp\/v2\/comments?post=5019"}],"version-history":[{"count":2,"href":"https:\/\/sp1hrubieszow.pl\/index.php\/wp-json\/wp\/v2\/pages\/5019\/revisions"}],"predecessor-version":[{"id":5023,"href":"https:\/\/sp1hrubieszow.pl\/index.php\/wp-json\/wp\/v2\/pages\/5019\/revisions\/5023"}],"up":[{"embeddable":true,"href":"https:\/\/sp1hrubieszow.pl\/index.php\/wp-json\/wp\/v2\/pages\/2167"}],"wp:attachment":[{"href":"https:\/\/sp1hrubieszow.pl\/index.php\/wp-json\/wp\/v2\/media?parent=5019"}],"curies":[{"name":"wp","href":"https:\/\/api.w.org\/{rel}","templated":true}]}}