{"id":5011,"date":"2020-03-13T12:58:48","date_gmt":"2020-03-13T11:58:48","guid":{"rendered":"http:\/\/sp1.hrubieszow.info\/?page_id=5011"},"modified":"2020-03-13T12:59:24","modified_gmt":"2020-03-13T11:59:24","slug":"uwaga","status":"publish","type":"page","link":"https:\/\/sp1hrubieszow.pl\/index.php\/kronika-2019-2020\/uwaga\/","title":{"rendered":"Uwaga!"},"content":{"rendered":"\n<p><span style=\"color: #000080;\">W zwi\u0105zku z odwo\u0142aniem zaj\u0119\u0107 szkolnych nauczyciele poszczeg\u00f3lnych przedmiot\u00f3w b\u0119d\u0105 przysy\u0142a\u0107 przez dziennik elektroniczny zadania do wykonania.<\/span><br><span style=\"color: #000080;\">Ka\u017cdy z nauczycieli indywidualnie okre\u015bli, co uczniowie maj\u0105 zrobi\u0107 i w jakiej formie. Zadania te s\u0105 obowi\u0105zkowe i b\u0119d\u0105 oceniane po wznowieniu zaj\u0119\u0107.<\/span><br><span style=\"color: #000080;\">Prosimy o zmotywowanie dzieci do pracy.<\/span><\/p>\n","protected":false},"excerpt":{"rendered":"<p>W zwi\u0105zku z odwo\u0142aniem zaj\u0119\u0107 szkolnych nauczyciele poszczeg\u00f3lnych przedmiot\u00f3w b\u0119d\u0105 przysy\u0142a\u0107 przez dziennik elektroniczny zadania do wykonania.Ka\u017cdy z nauczycieli indywidualnie okre\u015bli, co uczniowie maj\u0105 zrobi\u0107 i w jakiej formie. Zadania te s\u0105 obowi\u0105zkowe i b\u0119d\u0105 oceniane po wznowieniu zaj\u0119\u0107.Prosimy o zmotywowanie dzieci do pracy.<\/p>\n","protected":false},"author":2,"featured_media":0,"parent":2167,"menu_order":0,"comment_status":"closed","ping_status":"closed","template":"","meta":{"ngg_post_thumbnail":0,"footnotes":""},"class_list":["post-5011","page","type-page","status-publish","hentry"],"_links":{"self":[{"href":"https:\/\/sp1hrubieszow.pl\/index.php\/wp-json\/wp\/v2\/pages\/5011","targetHints":{"allow":["GET"]}}],"collection":[{"href":"https:\/\/sp1hrubieszow.pl\/index.php\/wp-json\/wp\/v2\/pages"}],"about":[{"href":"https:\/\/sp1hrubieszow.pl\/index.php\/wp-json\/wp\/v2\/types\/page"}],"author":[{"embeddable":true,"href":"https:\/\/sp1hrubieszow.pl\/index.php\/wp-json\/wp\/v2\/users\/2"}],"replies":[{"embeddable":true,"href":"https:\/\/sp1hrubieszow.pl\/index.php\/wp-json\/wp\/v2\/comments?post=5011"}],"version-history":[{"count":1,"href":"https:\/\/sp1hrubieszow.pl\/index.php\/wp-json\/wp\/v2\/pages\/5011\/revisions"}],"predecessor-version":[{"id":5012,"href":"https:\/\/sp1hrubieszow.pl\/index.php\/wp-json\/wp\/v2\/pages\/5011\/revisions\/5012"}],"up":[{"embeddable":true,"href":"https:\/\/sp1hrubieszow.pl\/index.php\/wp-json\/wp\/v2\/pages\/2167"}],"wp:attachment":[{"href":"https:\/\/sp1hrubieszow.pl\/index.php\/wp-json\/wp\/v2\/media?parent=5011"}],"curies":[{"name":"wp","href":"https:\/\/api.w.org\/{rel}","templated":true}]}}