{"id":4997,"date":"2020-03-10T19:56:55","date_gmt":"2020-03-10T18:56:55","guid":{"rendered":"http:\/\/sp1.hrubieszow.info\/?page_id=4997"},"modified":"2020-03-10T19:57:27","modified_gmt":"2020-03-10T18:57:27","slug":"zawody-modelarskie-o-puchar-burmistrza-miasta-zielonka","status":"publish","type":"page","link":"https:\/\/sp1hrubieszow.pl\/index.php\/kronika-2019-2020\/zawody-modelarskie-o-puchar-burmistrza-miasta-zielonka\/","title":{"rendered":"Zawody modelarskie o Puchar Burmistrza Miasta Zielonka"},"content":{"rendered":"\n<p align=\"JUSTIFY\"><span style=\"color: #000066;\"><span style=\"font-family: Arial, sans-serif;\"><span style=\"font-size: medium;\">W dniu 08.03.2020r. zawodnicy sekcji modelarskiej z Uczniowskiego Klubu Sportowego \u201eJedynka\u201d w&nbsp;Hrubieszowie uczestniczyli w Og\u00f3lnopolskich Zawodach Modeli Szybowc\u00f3w Halowych klasy F1N o Puchar Burmistrza Miasta Zielonka. Organizatorem tych zawod\u00f3w by\u0142 O\u015brodek Kultury i Sportu w Zielonce. W zawodach tych wystartowa\u0142o ponad 60 zawodnik\u00f3w z nast\u0119puj\u0105cych klub\u00f3w: Uczniowski Klub Sportowy \u201eJedynka\u201d z Hrubieszowa, Aeroklub Warszawski \u2013 LPPL, Wieliszew, Rembert\u00f3w, Legionowo, Zielonka, Aeroklub W\u0142oc\u0142awski, \u0141ask, Chrzan\u00f3w, Gliwic, Tarnobrzeg oraz Suwa\u0142ki. <\/span><\/span><\/span><\/p>\n<p align=\"JUSTIFY\"><span style=\"color: #000066;\"><span style=\"font-family: Arial, sans-serif;\"><span style=\"font-size: medium;\">Jedynka wystartowa\u0142a w sk\u0142adzie: <\/span><\/span><\/span><\/p>\n<ol>\n<li>\n<p><span style=\"color: #000066;\"><span style=\"font-family: Arial, sans-serif;\"><span style=\"font-size: medium;\">Chomiak Jakub<\/span><\/span><\/span><\/p>\n<\/li>\n<li>\n<p><span style=\"color: #000066;\"><span style=\"font-family: Arial, sans-serif;\"><span style=\"font-size: medium;\">Maciejczyk Kacper<\/span><\/span><\/span><\/p>\n<\/li>\n<li>\n<p><span style=\"color: #000066;\"><span style=\"font-family: Arial, sans-serif;\"><span style=\"font-size: medium;\">Ho\u0142uj Kacper<\/span><\/span><\/span><\/p>\n<\/li>\n<li>\n<p><span style=\"color: #000066;\"><span style=\"font-family: Arial, sans-serif;\"><span style=\"font-size: medium;\">Ro\u017cniatowski Kacper<\/span><\/span><\/span><\/p>\n<\/li>\n<li>\n<p><span style=\"color: #000066;\"><span style=\"font-family: Arial, sans-serif;\"><span style=\"font-size: medium;\">Kowalski Karol<\/span><\/span><\/span><\/p>\n<\/li>\n<li>\n<p><span style=\"color: #000066;\"><span style=\"font-family: Arial, sans-serif;\"><span style=\"font-size: medium;\">Trzuskowski Bart\u0142omiej<\/span><\/span><\/span><\/p>\n<\/li>\n<li>\n<p><span style=\"color: #000066;\"><span style=\"font-family: Arial, sans-serif;\"><span style=\"font-size: medium;\">Szumiata Karol<\/span><\/span><\/span><\/p>\n<\/li>\n<li>\n<p><span style=\"color: #000066;\"><span style=\"font-family: Arial, sans-serif;\"><span style=\"font-size: medium;\">Kopera Jakub<\/span><\/span><\/span><\/p>\n<\/li>\n<li>\n<p><span style=\"color: #000066;\"><span style=\"font-family: Arial, sans-serif;\"><span style=\"font-size: medium;\">Mi\u0119czak Mateusz <\/span><\/span><\/span><\/p>\n<\/li>\n<li>\n<p><span style=\"color: #000066;\"><span style=\"font-family: Arial, sans-serif;\"><span style=\"font-size: medium;\">Kaczmarek Kacper<\/span><\/span><\/span><\/p>\n<\/li>\n<\/ol>\n<p><span style=\"color: #000066;\"><span style=\"font-family: Arial, sans-serif;\"><span style=\"font-size: medium;\">Miejsca naszych modelarzy:<\/span><\/span><\/span><\/p>\n<p><span style=\"color: #000066;\"><span style=\"font-family: Arial, sans-serif;\"><span style=\"font-size: medium;\"><u>Kategoria wiekowa m\u0142odzik:<\/u><\/span><\/span><\/span><\/p>\n<p><span style=\"color: #000066;\"><span style=\"font-family: Arial, sans-serif;\"><span style=\"font-size: medium;\">1 miejsce Stasiulewicz Wojciech \u2013 Aeroklub Warszawski<\/span><\/span><\/span><\/p>\n<p><span style=\"color: #000066;\"><span style=\"font-family: Arial, sans-serif;\"><span style=\"font-size: medium;\">2 miejsce Zalewski Patryk \u2013 Aeroklub Warszawski<\/span><\/span><\/span><\/p>\n<p><span style=\"color: #000066;\"><span style=\"font-family: Arial, sans-serif;\"><span style=\"font-size: medium;\">3 miejsce Szyma\u0144czak Mateusz \u2013 Aeroklub Warszawski<\/span><\/span><\/span><\/p>\n<p><span style=\"color: #000066;\"><span style=\"font-family: Arial, sans-serif;\"><span style=\"font-size: medium;\"><b>9 miejsce Chomiak Jakub \u2013 UKS \u201eJedynka\u201d Hrubiesz\u00f3w<\/b><\/span><\/span><\/span><\/p>\n<p><span style=\"color: #000066;\"><span style=\"font-family: Arial, sans-serif;\"><span style=\"font-size: medium;\"><b>11 miejsce Maciejczyk Kacper \u2013 UKS \u201eJedynka\u201d Hrubiesz\u00f3w<\/b><\/span><\/span><\/span><\/p>\n<p><span style=\"color: #000066;\"><span style=\"font-family: Arial, sans-serif;\"><span style=\"font-size: medium;\"><b>23 miejsce Ho\u0142uj Kacper \u2013 UKS \u201eJedynka\u201d Hrubiesz\u00f3w<\/b><\/span><\/span><\/span><\/p>\n<p><span style=\"color: #000066;\"><span style=\"font-family: Arial, sans-serif;\"><span style=\"font-size: medium;\"><b>31 miejsce Ro\u017cniatowski Kacper \u2013 UKS \u201eJedynka\u201d Hrubiesz\u00f3w<\/b><\/span><\/span><\/span><\/p>\n<p><span style=\"color: #000066;\"><span style=\"font-family: Arial, sans-serif;\"><span style=\"font-size: medium;\"><b>32 miejsce Kowalski Karol \u2013 UKS \u201eJedynka\u201d Hrubiesz\u00f3w<\/b><\/span><\/span><\/span><\/p>\n<p><span style=\"color: #000066;\"><span style=\"font-family: Arial, sans-serif;\"><span style=\"font-size: medium;\"><b>36 miejsce Trzuskowski Bart\u0142omiej \u2013 UKS \u201eJedynka\u201d Hrubiesz\u00f3w<\/b><\/span><\/span><\/span><\/p>\n<p><span style=\"color: #000066;\"><span style=\"font-family: Arial, sans-serif;\"><span style=\"font-size: medium;\"><u>Kategoria wiekowa junior m\u0142odszy:<\/u><\/span><\/span><\/span><\/p>\n<p><span style=\"color: #000066;\"><span style=\"font-family: Arial, sans-serif;\"><span style=\"font-size: medium;\">1 miejsce Grzegorz Truchan \u2013 OSiR w Suwa\u0142kach<\/span><\/span><\/span><\/p>\n<p><span style=\"color: #000066;\"> <span style=\"font-family: Arial, sans-serif;\"><span style=\"font-size: medium;\"><b>2 miejsce Kaczmarek Kacper \u2013 UKS \u201eJedynka\u201d Hrubiesz\u00f3w<\/b><\/span><\/span><\/span><\/p>\n<p><span style=\"color: #000066;\"><span style=\"font-family: Arial, sans-serif;\"><span style=\"font-size: medium;\">3 miejsce Budzik Tomasz \u2013 Aeroklub Warszawski<\/span><\/span><\/span><\/p>\n<p><span style=\"color: #000066;\"><span style=\"font-family: Arial, sans-serif;\"><span style=\"font-size: medium;\"><b>5 miejsce Mi\u0119czak Mateusz \u2013 UKS \u201eJedynka\u201d Hrubiesz\u00f3w<\/b><\/span><\/span><\/span><\/p>\n<p><span style=\"color: #000066;\"><span style=\"font-family: Arial, sans-serif;\"><span style=\"font-size: medium;\"><b>6 miejsce Szumiata Karol \u2013 UKS \u201eJedynka\u201d Hrubiesz\u00f3w<\/b><\/span><\/span><\/span><\/p>\n<p><span style=\"color: #000066;\"><span style=\"font-family: Arial, sans-serif;\"><span style=\"font-size: medium;\"><u>Kategoria wiekowa junior:<\/u><\/span><\/span><\/span><\/p>\n<p><span style=\"color: #000066;\"><span style=\"font-family: Arial, sans-serif;\"><span style=\"font-size: medium;\">1 miejsce Rudzi\u0144ski Filip<b> <\/b>\u2013 OSiR w Suwa\u0142kach<\/span><\/span><\/span><\/p>\n<p><span style=\"color: #000066;\"><span style=\"font-family: Arial, sans-serif;\"><span style=\"font-size: medium;\">2 miejsce Szymanowski Rados\u0142aw<b> <\/b>\u2013 OSiR w Suwa\u0142kach<\/span><\/span><\/span><\/p>\n<p><span style=\"color: #000066;\"><span style=\"font-family: Arial, sans-serif;\"><span style=\"font-size: medium;\">3 miejsce Zawistowski Miko\u0142aj \u2013 Aeroklub Warszawski<\/span><\/span><\/span><\/p>\n<p><span style=\"color: #000066;\"><span style=\"font-family: Arial, sans-serif;\"><span style=\"font-size: medium;\"><b>4 miejsce Kopera Jakub<\/b> <b>\u2013 UKS \u201eJedynka\u201d Hrubiesz\u00f3w<\/b><\/span><\/span><\/span><\/p>\n<p align=\"JUSTIFY\"><span style=\"color: #000066;\"><span style=\"font-family: Arial, sans-serif;\"><span style=\"font-size: medium;\">Modelarze z \u201eJedynki\u201d kolejny raz udowodnili, \u017ce nale\u017c\u0105 do czo\u0142owych modelarzy halowych F1N w&nbsp;Polsce. Nast\u0119pne zawody odb\u0119d\u0105 si\u0119 w dniach 14.03.2020r. w&nbsp;Chrzanowie. Miejmy nadziej\u0119, \u017ce i tym razem nie zabraknie medalist\u00f3w w\u015br\u00f3d hrubieszowskich modelarzy.<\/span><\/span><\/span><\/p>\n<p align=\"JUSTIFY\"><span style=\"color: #000066;\"><span style=\"font-family: Arial, sans-serif;\"><span style=\"font-size: medium;\">Hrubieszowskich Modelarzy wspieraj\u0105:<\/span><\/span><\/span><\/p>\n<p align=\"JUSTIFY\"><span style=\"color: #000066;\"><span style=\"font-family: Arial, sans-serif;\"><span style=\"font-size: medium;\">Miasto Hrubiesz\u00f3w <\/span><\/span><\/span><a href=\"https:\/\/www.miasto.hrubieszow.pl\/\"><span style=\"color: #000066;\"><span style=\"font-family: Arial, sans-serif;\"><span style=\"font-size: medium;\"><b>https:\/\/www.miasto.hrubieszow.pl\/<\/b><\/span><\/span><\/span><\/a><\/p>\n<p align=\"JUSTIFY\"><span style=\"color: #000066;\"><span style=\"font-family: Arial, sans-serif;\"><span style=\"font-size: medium;\">Bank Sp\u00f3\u0142dzielczy w Izbicy IBS Bank <\/span><\/span><\/span><a href=\"https:\/\/bsizbica.pl\/\"><span style=\"color: #000066;\"><span style=\"font-family: Arial, sans-serif;\"><span style=\"font-size: medium;\"><b>https:\/\/bsizbica.pl\/<\/b><\/span><\/span><\/span><\/a><\/p>\n<p align=\"JUSTIFY\"><a name=\"_GoBack\"><\/a> <span style=\"color: #000066;\"><span style=\"font-family: Arial, sans-serif;\"><span style=\"font-size: medium;\"><b>Oficjalny Funpage FB UKS Jedynka w Hrubieszowie <\/b><\/span><\/span><\/span><\/p>\n<p align=\"JUSTIFY\"><span style=\"color: #000066;\"><span style=\"font-family: Arial, sans-serif;\"><span style=\"font-size: medium;\"><b><a href=\"https:\/\/www.facebook.com\/pg\/UKSJedynkaHrubieszow\">https:\/\/www.facebook.com\/pg\/UKSJedynkaHrubieszow<\/a> <\/b><\/span><\/span><\/span><\/p>\nngg_shortcode_0_placeholder\n","protected":false},"excerpt":{"rendered":"<p>W dniu 08.03.2020r. zawodnicy sekcji modelarskiej z Uczniowskiego Klubu Sportowego \u201eJedynka\u201d w&nbsp;Hrubieszowie uczestniczyli w Og\u00f3lnopolskich Zawodach Modeli Szybowc\u00f3w Halowych klasy F1N o Puchar Burmistrza Miasta Zielonka. Organizatorem tych zawod\u00f3w by\u0142 O\u015brodek Kultury i Sportu w Zielonce. W zawodach tych wystartowa\u0142o ponad 60 zawodnik\u00f3w z nast\u0119puj\u0105cych klub\u00f3w: Uczniowski Klub Sportowy \u201eJedynka\u201d z Hrubieszowa, Aeroklub Warszawski \u2013 [&hellip;]<\/p>\n","protected":false},"author":2,"featured_media":0,"parent":2167,"menu_order":0,"comment_status":"closed","ping_status":"closed","template":"","meta":{"ngg_post_thumbnail":0,"footnotes":""},"class_list":["post-4997","page","type-page","status-publish","hentry"],"_links":{"self":[{"href":"https:\/\/sp1hrubieszow.pl\/index.php\/wp-json\/wp\/v2\/pages\/4997","targetHints":{"allow":["GET"]}}],"collection":[{"href":"https:\/\/sp1hrubieszow.pl\/index.php\/wp-json\/wp\/v2\/pages"}],"about":[{"href":"https:\/\/sp1hrubieszow.pl\/index.php\/wp-json\/wp\/v2\/types\/page"}],"author":[{"embeddable":true,"href":"https:\/\/sp1hrubieszow.pl\/index.php\/wp-json\/wp\/v2\/users\/2"}],"replies":[{"embeddable":true,"href":"https:\/\/sp1hrubieszow.pl\/index.php\/wp-json\/wp\/v2\/comments?post=4997"}],"version-history":[{"count":1,"href":"https:\/\/sp1hrubieszow.pl\/index.php\/wp-json\/wp\/v2\/pages\/4997\/revisions"}],"predecessor-version":[{"id":4998,"href":"https:\/\/sp1hrubieszow.pl\/index.php\/wp-json\/wp\/v2\/pages\/4997\/revisions\/4998"}],"up":[{"embeddable":true,"href":"https:\/\/sp1hrubieszow.pl\/index.php\/wp-json\/wp\/v2\/pages\/2167"}],"wp:attachment":[{"href":"https:\/\/sp1hrubieszow.pl\/index.php\/wp-json\/wp\/v2\/media?parent=4997"}],"curies":[{"name":"wp","href":"https:\/\/api.w.org\/{rel}","templated":true}]}}