{"id":4862,"date":"2020-03-05T20:58:02","date_gmt":"2020-03-05T19:58:02","guid":{"rendered":"http:\/\/sp1.hrubieszow.info\/?page_id=4862"},"modified":"2020-03-05T21:00:27","modified_gmt":"2020-03-05T20:00:27","slug":"zdrowe-odzywianie","status":"publish","type":"page","link":"https:\/\/sp1hrubieszow.pl\/index.php\/kronika-2019-2020\/zdrowe-odzywianie\/","title":{"rendered":"Zdrowe od\u017cywianie."},"content":{"rendered":"\n<p><span style=\"color: #000066;\"><span style=\"font-family: Arial, sans-serif;\"><span style=\"font-size: medium;\">W dniu 25 lutego 2020 roku uczniowie naszej szko\u0142y uczestniczyli w cyklu spotka\u0144 z pani\u0105 <b>Mart\u0105 Szumiat\u0105<\/b> \u2013 absolwentk\u0105 \u201eJedynki\u201d, in\u017cynierem Politechniki Warszawskiej i in\u017cynierem Technologii \u017bywno\u015bci i \u017bywienia Cz\u0142owieka, a obecnie studentk\u0105 ostatniego roku SGGW w Warszawie.<\/span><\/span><\/span><\/p>\n<p><span style=\"color: #000066;\"><span style=\"font-family: Arial, sans-serif;\"><span style=\"font-size: medium;\">Pani Marta w spos\u00f3b profesjonalny, a jednocze\u015bnie bardzo przyst\u0119pny opowiada\u0142a o zasadach zdrowego stylu \u017cycia. Om\u00f3wi\u0142a piramid\u0119 zdrowego od\u017cywiania i zach\u0119ca\u0142a do stosowania przedstawionych wskaz\u00f3wek na co dzie\u0144. <\/span><\/span><\/span><\/p>\n<p><span style=\"color: #000066;\"><span style=\"font-family: Arial, sans-serif;\"><span style=\"font-size: medium;\">Spotkanie by\u0142o bardzo ciekawe i prowokowa\u0142o do refleksji nad swoim stylem \u017cycia. Mamy nadziej\u0119, \u017ce zaowocuje to super kondycj\u0105 naszych uczni\u00f3w.<\/span><\/span><\/span><\/p>\nngg_shortcode_0_placeholder\n<p>&nbsp;<\/p>\n<p>&nbsp;<\/p>\n","protected":false},"excerpt":{"rendered":"<p>W dniu 25 lutego 2020 roku uczniowie naszej szko\u0142y uczestniczyli w cyklu spotka\u0144 z pani\u0105 Mart\u0105 Szumiat\u0105 \u2013 absolwentk\u0105 \u201eJedynki\u201d, in\u017cynierem Politechniki Warszawskiej i in\u017cynierem Technologii \u017bywno\u015bci i \u017bywienia Cz\u0142owieka, a obecnie studentk\u0105 ostatniego roku SGGW w Warszawie. Pani Marta w spos\u00f3b profesjonalny, a jednocze\u015bnie bardzo przyst\u0119pny opowiada\u0142a o zasadach zdrowego stylu \u017cycia. Om\u00f3wi\u0142a piramid\u0119 [&hellip;]<\/p>\n","protected":false},"author":2,"featured_media":0,"parent":2167,"menu_order":0,"comment_status":"closed","ping_status":"closed","template":"","meta":{"ngg_post_thumbnail":0,"footnotes":""},"class_list":["post-4862","page","type-page","status-publish","hentry"],"_links":{"self":[{"href":"https:\/\/sp1hrubieszow.pl\/index.php\/wp-json\/wp\/v2\/pages\/4862","targetHints":{"allow":["GET"]}}],"collection":[{"href":"https:\/\/sp1hrubieszow.pl\/index.php\/wp-json\/wp\/v2\/pages"}],"about":[{"href":"https:\/\/sp1hrubieszow.pl\/index.php\/wp-json\/wp\/v2\/types\/page"}],"author":[{"embeddable":true,"href":"https:\/\/sp1hrubieszow.pl\/index.php\/wp-json\/wp\/v2\/users\/2"}],"replies":[{"embeddable":true,"href":"https:\/\/sp1hrubieszow.pl\/index.php\/wp-json\/wp\/v2\/comments?post=4862"}],"version-history":[{"count":2,"href":"https:\/\/sp1hrubieszow.pl\/index.php\/wp-json\/wp\/v2\/pages\/4862\/revisions"}],"predecessor-version":[{"id":4869,"href":"https:\/\/sp1hrubieszow.pl\/index.php\/wp-json\/wp\/v2\/pages\/4862\/revisions\/4869"}],"up":[{"embeddable":true,"href":"https:\/\/sp1hrubieszow.pl\/index.php\/wp-json\/wp\/v2\/pages\/2167"}],"wp:attachment":[{"href":"https:\/\/sp1hrubieszow.pl\/index.php\/wp-json\/wp\/v2\/media?parent=4862"}],"curies":[{"name":"wp","href":"https:\/\/api.w.org\/{rel}","templated":true}]}}