{"id":4852,"date":"2020-03-04T18:26:05","date_gmt":"2020-03-04T17:26:05","guid":{"rendered":"http:\/\/sp1.hrubieszow.info\/?page_id=4852"},"modified":"2020-03-04T18:26:35","modified_gmt":"2020-03-04T17:26:35","slug":"otwarcie-pracowni-komputerowej","status":"publish","type":"page","link":"https:\/\/sp1hrubieszow.pl\/index.php\/kronika-2019-2020\/otwarcie-pracowni-komputerowej\/","title":{"rendered":"Otwarcie pracowni komputerowej"},"content":{"rendered":"\n<p align=\"JUSTIFY\"><span style=\"color: #000066;\"><span style=\"font-family: Arial, sans-serif;\"><span style=\"font-size: small;\">W dniu 27 lutego w Szkole Podstawowej Nr 1 w Hrubieszowie odby\u0142o si\u0119 uroczyste otwarcie pracowni komputerowej w ramach realizowanego przez Gmin\u0119 Miejsk\u0105 Hrubiesz\u00f3w Projektu Obywatelskiego. Projekt jest jednym z dzia\u0142a\u0144 w\u0142adz samorz\u0105du, kt\u00f3re ma przyczyni\u0107 si\u0119 do poprawy integracji mieszka\u0144c\u00f3w Gminy ze spo\u0142ecze\u0144stwem informacyjnym a w szczeg\u00f3lno\u015bci skierowany jest do os\u00f3b maj\u0105cych dot\u0105d trudno\u015bci z dost\u0119pem do komputera i Internetu. Uroczyste otwarcie nowej pracowni komputerowej nast\u0105pi\u0142o w Dniu Otwartym Szko\u0142y. Uczestniczyli w nim kandydaci do grupy zerowej i do klasy pierwszej wraz z rodzicami, kt\u00f3rzy licznie przybyli pozna\u0107 swoja now\u0105 szko\u0142\u0119. <\/span><\/span><\/span><\/p>\n<p align=\"JUSTIFY\"><span style=\"color: #000066;\"> <span style=\"font-family: Arial, sans-serif;\"><span style=\"font-size: small;\">Pomys\u0142odawcy projektu: pan Tomasz Magdziak i pan Andrzej Podlewski oraz wiceprzewodnicz\u0105cy Rady Miasta pan Leszek Kryszczuk przeci\u0119li wst\u0119g\u0119, tym samym oficjalnie nasza pracownia zaprasza wszystkich beneficjent\u00f3w projektu.<\/span><\/span><\/span><\/p>\n<p align=\"JUSTIFY\"><span style=\"color: #000066;\"><span style=\"font-family: Arial, sans-serif;\"><span style=\"font-size: small;\">Podczas uroczysto\u015bci otwarcia pracowni komputerowej pani dyrektor wyrazi\u0142a wielk\u0105 rado\u015b\u0107 z faktu, i\u017c dzi\u0119ki wsparciu finansowemu z Projektu Obywatelskiego uda\u0142o si\u0119 doposa\u017cy\u0107 szko\u0142\u0119 w nowe komputery. Nowoczesny sprz\u0119t przyczyni si\u0119 do poprawy wynik\u00f3w na egzaminach zewn\u0119trznych, a tak\u017ce zwi\u0119kszy kompetencje informatyczne przysz\u0142ych absolwent\u00f3w naszej szko\u0142y oraz okolicznych mieszka\u0144c\u00f3w.<\/span><\/span><\/span><\/p>\nngg_shortcode_0_placeholder\n","protected":false},"excerpt":{"rendered":"<p>W dniu 27 lutego w Szkole Podstawowej Nr 1 w Hrubieszowie odby\u0142o si\u0119 uroczyste otwarcie pracowni komputerowej w ramach realizowanego przez Gmin\u0119 Miejsk\u0105 Hrubiesz\u00f3w Projektu Obywatelskiego. Projekt jest jednym z dzia\u0142a\u0144 w\u0142adz samorz\u0105du, kt\u00f3re ma przyczyni\u0107 si\u0119 do poprawy integracji mieszka\u0144c\u00f3w Gminy ze spo\u0142ecze\u0144stwem informacyjnym a w szczeg\u00f3lno\u015bci skierowany jest do os\u00f3b maj\u0105cych dot\u0105d trudno\u015bci [&hellip;]<\/p>\n","protected":false},"author":2,"featured_media":0,"parent":2167,"menu_order":0,"comment_status":"closed","ping_status":"closed","template":"","meta":{"ngg_post_thumbnail":0,"footnotes":""},"class_list":["post-4852","page","type-page","status-publish","hentry"],"_links":{"self":[{"href":"https:\/\/sp1hrubieszow.pl\/index.php\/wp-json\/wp\/v2\/pages\/4852","targetHints":{"allow":["GET"]}}],"collection":[{"href":"https:\/\/sp1hrubieszow.pl\/index.php\/wp-json\/wp\/v2\/pages"}],"about":[{"href":"https:\/\/sp1hrubieszow.pl\/index.php\/wp-json\/wp\/v2\/types\/page"}],"author":[{"embeddable":true,"href":"https:\/\/sp1hrubieszow.pl\/index.php\/wp-json\/wp\/v2\/users\/2"}],"replies":[{"embeddable":true,"href":"https:\/\/sp1hrubieszow.pl\/index.php\/wp-json\/wp\/v2\/comments?post=4852"}],"version-history":[{"count":1,"href":"https:\/\/sp1hrubieszow.pl\/index.php\/wp-json\/wp\/v2\/pages\/4852\/revisions"}],"predecessor-version":[{"id":4853,"href":"https:\/\/sp1hrubieszow.pl\/index.php\/wp-json\/wp\/v2\/pages\/4852\/revisions\/4853"}],"up":[{"embeddable":true,"href":"https:\/\/sp1hrubieszow.pl\/index.php\/wp-json\/wp\/v2\/pages\/2167"}],"wp:attachment":[{"href":"https:\/\/sp1hrubieszow.pl\/index.php\/wp-json\/wp\/v2\/media?parent=4852"}],"curies":[{"name":"wp","href":"https:\/\/api.w.org\/{rel}","templated":true}]}}