{"id":4834,"date":"2020-03-04T18:13:17","date_gmt":"2020-03-04T17:13:17","guid":{"rendered":"http:\/\/sp1.hrubieszow.info\/?page_id=4834"},"modified":"2020-03-04T18:13:56","modified_gmt":"2020-03-04T17:13:56","slug":"zawody-modelarskie-w-pyskowicach","status":"publish","type":"page","link":"https:\/\/sp1hrubieszow.pl\/index.php\/kronika-2019-2020\/zawody-modelarskie-w-pyskowicach\/","title":{"rendered":"Zawody modelarskie w Pyskowicach"},"content":{"rendered":"\n<p align=\"JUSTIFY\"><span style=\"color: #000066;\"><span style=\"font-family: Arial, sans-serif;\"><span style=\"font-size: medium;\">W dniach 29.02 &#8211; 01.03.2020r. zawodnicy sekcji modelarskiej Uczniowskiego Klubu Sportowego \u201eJedynka\u201d w&nbsp;Hrubieszowie udali si\u0119 na XV Og\u00f3lnopolskie Zawody Modeli Szybowc\u00f3w Halowych klasy F1N o&nbsp;Puchar Dyrektora Miejskiego O\u015brodka Kultury i Sportu w Pyskowicach oraz na III Og\u00f3lnopolskie Zawody Modeli Halowych klasy F1N o Puchar Prezesa Gliwickiego Stowarzyszenia Modelarzy Lotniczych. Zawody te zaliczane s\u0105 do punktacji Pucharu Polski w klasie modeli F1N na rok 2020. <\/span><\/span><\/span><\/p>\n<p align=\"JUSTIFY\"><span style=\"color: #000066;\"><span style=\"font-family: Arial, sans-serif;\"><span style=\"font-size: medium;\"><b>Miejsca naszych zawodnik\u00f3w w dniu 29.02.2020r. <\/b><\/span><\/span><\/span><\/p>\n<p align=\"JUSTIFY\"><span style=\"color: #000066;\"><span style=\"font-family: Arial, sans-serif;\"><span style=\"font-size: medium;\"><b>W kategorii junior m\u0142odszy:<\/b><\/span><\/span><\/span><\/p>\n<p align=\"JUSTIFY\"><span style=\"color: #000066;\"><span style=\"font-family: Arial, sans-serif;\"><span style=\"font-size: medium;\">1 miejsce Grzegorz Truchan \u2013 OSiR w Suwa\u0142kach<\/span><\/span><\/span><\/p>\n<p align=\"JUSTIFY\"><span style=\"color: #000066;\"><span style=\"font-family: Arial, sans-serif;\"><span style=\"font-size: medium;\"><b>2 miejsce Kacper Kaczmarek \u2013 UKS \u201eJedynka\u201d Hrubiesz\u00f3w<\/b><\/span><\/span><\/span><\/p>\n<p align=\"JUSTIFY\"><span style=\"color: #000066;\"><span style=\"font-family: Arial, sans-serif;\"><span style=\"font-size: medium;\">3 miejsce Barbara Durkalec \u2013 SML Gliwice <\/span><\/span><\/span><\/p>\n<p align=\"JUSTIFY\"><span style=\"color: #000066;\"><span style=\"font-family: Arial, sans-serif;\"><span style=\"font-size: medium;\"><b>5 miejsce Mateusz Mi\u0119czak \u2013 UKS \u201eJedynka\u201d Hrubiesz\u00f3w<\/b><\/span><\/span><\/span><\/p>\n<p align=\"JUSTIFY\"><span style=\"color: #000066;\"><span style=\"font-family: Arial, sans-serif;\"><span style=\"font-size: medium;\"><b>W kategorii junior:<\/b><\/span><\/span><\/span><\/p>\n<p align=\"JUSTIFY\"><span style=\"color: #000066;\"><span style=\"font-family: Arial, sans-serif;\"><span style=\"font-size: medium;\">1 miejsce Filip Rudzi\u0144ski \u2013 OSiR w Suwa\u0142kach<\/span><\/span><\/span><\/p>\n<p align=\"JUSTIFY\"><span style=\"color: #000066;\"><span style=\"font-family: Arial, sans-serif;\"><span style=\"font-size: medium;\">2 miejsce Stanis\u0142aw Paciejewski \u2013 Warszawa<\/span><\/span><\/span><\/p>\n<p align=\"JUSTIFY\"><span style=\"color: #000066;\"><span style=\"font-family: Arial, sans-serif;\"><span style=\"font-size: medium;\">3 miejsce Piotr Stasiulewicz \u2013 Warszawa<\/span><\/span><\/span><\/p>\n<p align=\"JUSTIFY\"><span style=\"color: #000066;\"><span style=\"font-family: Arial, sans-serif;\"><span style=\"font-size: medium;\"><b>4 miejsce Jakub Kopera \u2013 UKS \u201eJedynka\u201d Hrubiesz\u00f3w<\/b><\/span><\/span><\/span><\/p>\n<p align=\"JUSTIFY\"><span style=\"color: #000066;\"><span style=\"font-family: Arial, sans-serif;\"><span style=\"font-size: medium;\"><b>Miejsca naszych zawodnik\u00f3w w dniu 01.03.2020r. <\/b><\/span><\/span><\/span><\/p>\n<p align=\"JUSTIFY\"><span style=\"color: #000066;\"><span style=\"font-family: Arial, sans-serif;\"><span style=\"font-size: medium;\"><b>W&nbsp;kategorii junior m\u0142odszy:<\/b><\/span><\/span><\/span><\/p>\n<p align=\"JUSTIFY\"><span style=\"color: #000066;\"><span style=\"font-family: Arial, sans-serif;\"><span style=\"font-size: medium;\">1 miejsce Grzegorz Truchan \u2013 Suwa\u0142ki <\/span><\/span><\/span><\/p>\n<p align=\"JUSTIFY\"><span style=\"color: #000066;\"><span style=\"font-family: Arial, sans-serif;\"><span style=\"font-size: medium;\">2 miejsce Barbara Durkalec \u2013 SML Gliwice<\/span><\/span><\/span><\/p>\n<p align=\"JUSTIFY\"><span style=\"color: #000066;\"><span style=\"font-family: Arial, sans-serif;\"><span style=\"font-size: medium;\"><b>3 miejsce<\/b> <b>Kacper Kaczmarek \u2013 UKS \u201eJedynka\u201d Hrubiesz\u00f3w<\/b><\/span><\/span><\/span><\/p>\n<p align=\"JUSTIFY\"><span style=\"color: #000066;\"><span style=\"font-family: Arial, sans-serif;\"><span style=\"font-size: medium;\"><b>4 miejsce Mateusz Mi\u0119czak \u2013 UKS \u201eJedynka\u201d Hrubiesz\u00f3w<\/b><\/span><\/span><\/span><\/p>\n<p align=\"JUSTIFY\"><span style=\"color: #000066;\"><span style=\"font-family: Arial, sans-serif;\"><span style=\"font-size: medium;\"><b>W kategorii junior:<\/b><\/span><\/span><\/span><\/p>\n<p align=\"JUSTIFY\"><span style=\"color: #000066;\"><span style=\"font-family: Arial, sans-serif;\"><span style=\"font-size: medium;\">1 miejsce Filip Rudzi\u0144ski \u2013 OSiR w Suwa\u0142kach<\/span><\/span><\/span><\/p>\n<p align=\"JUSTIFY\"><span style=\"color: #000066;\"><span style=\"font-family: Arial, sans-serif;\"><span style=\"font-size: medium;\">2 miejsce Stanis\u0142aw Paciejewski \u2013 Warszawa<\/span><\/span><\/span><\/p>\n<p align=\"JUSTIFY\"><span style=\"color: #000066;\"><span style=\"font-family: Arial, sans-serif;\"><span style=\"font-size: medium;\"><b>3 miejsce<\/b> <b>Jakub Kopera \u2013 UKS \u201eJedynka\u201d Hrubiesz\u00f3w<\/b><\/span><\/span><\/span><\/p>\n<p align=\"JUSTIFY\"><span style=\"color: #000066;\"><span style=\"font-family: Arial, sans-serif;\"><span style=\"font-size: medium;\">Wyst\u0119py naszych modelarzy na zawodach rangi Pucharu Polski przynosi sukcesy. W&nbsp;miejscowo\u015bci w kt\u00f3rej odbywa si\u0119 puchar zawsze stajemy na podium. Sukces mo\u017cna podkre\u015bli\u0107 tylko du\u017cym zaanga\u017cowaniem m\u0142odzie\u017cy w budow\u0119 modeli jak i systematyczno\u015b\u0107 w&nbsp;treningu na hali. Jest to praca do\u015b\u0107 mozolna i wymagaj\u0105ca du\u017cej cierpliwo\u015bci w regulacji modelu jak i samego wyrzutu modelu w g\u00f3r\u0119 (jak najwy\u017cej i lot modelu jak najd\u0142u\u017cszy) to jest sukces zawodnika.<\/span><\/span><\/span><\/p>\nngg_shortcode_0_placeholder\n","protected":false},"excerpt":{"rendered":"<p>W dniach 29.02 &#8211; 01.03.2020r. zawodnicy sekcji modelarskiej Uczniowskiego Klubu Sportowego \u201eJedynka\u201d w&nbsp;Hrubieszowie udali si\u0119 na XV Og\u00f3lnopolskie Zawody Modeli Szybowc\u00f3w Halowych klasy F1N o&nbsp;Puchar Dyrektora Miejskiego O\u015brodka Kultury i Sportu w Pyskowicach oraz na III Og\u00f3lnopolskie Zawody Modeli Halowych klasy F1N o Puchar Prezesa Gliwickiego Stowarzyszenia Modelarzy Lotniczych. Zawody te zaliczane s\u0105 do punktacji [&hellip;]<\/p>\n","protected":false},"author":2,"featured_media":0,"parent":2167,"menu_order":0,"comment_status":"closed","ping_status":"closed","template":"","meta":{"ngg_post_thumbnail":0,"footnotes":""},"class_list":["post-4834","page","type-page","status-publish","hentry"],"_links":{"self":[{"href":"https:\/\/sp1hrubieszow.pl\/index.php\/wp-json\/wp\/v2\/pages\/4834","targetHints":{"allow":["GET"]}}],"collection":[{"href":"https:\/\/sp1hrubieszow.pl\/index.php\/wp-json\/wp\/v2\/pages"}],"about":[{"href":"https:\/\/sp1hrubieszow.pl\/index.php\/wp-json\/wp\/v2\/types\/page"}],"author":[{"embeddable":true,"href":"https:\/\/sp1hrubieszow.pl\/index.php\/wp-json\/wp\/v2\/users\/2"}],"replies":[{"embeddable":true,"href":"https:\/\/sp1hrubieszow.pl\/index.php\/wp-json\/wp\/v2\/comments?post=4834"}],"version-history":[{"count":1,"href":"https:\/\/sp1hrubieszow.pl\/index.php\/wp-json\/wp\/v2\/pages\/4834\/revisions"}],"predecessor-version":[{"id":4835,"href":"https:\/\/sp1hrubieszow.pl\/index.php\/wp-json\/wp\/v2\/pages\/4834\/revisions\/4835"}],"up":[{"embeddable":true,"href":"https:\/\/sp1hrubieszow.pl\/index.php\/wp-json\/wp\/v2\/pages\/2167"}],"wp:attachment":[{"href":"https:\/\/sp1hrubieszow.pl\/index.php\/wp-json\/wp\/v2\/media?parent=4834"}],"curies":[{"name":"wp","href":"https:\/\/api.w.org\/{rel}","templated":true}]}}