{"id":4597,"date":"2020-02-29T19:59:17","date_gmt":"2020-02-29T18:59:17","guid":{"rendered":"http:\/\/sp1.hrubieszow.info\/?page_id=4597"},"modified":"2020-02-29T20:55:42","modified_gmt":"2020-02-29T19:55:42","slug":"walentynki-2020","status":"publish","type":"page","link":"https:\/\/sp1hrubieszow.pl\/index.php\/kronika-2019-2020\/walentynki-2020\/","title":{"rendered":"WALENTYNKI 2020"},"content":{"rendered":"\n<p align=\"JUSTIFY\"><span style=\"color: #000066;\"><span style=\"font-family: Arial, sans-serif;\"><span style=\"font-size: medium;\">Dnia 14 lutego obchodzili\u015bmy w naszej szkole Walentynki. Jak ka\u017cdego roku, przez kilka dni uczniowie mieli mo\u017cliwo\u015b\u0107 wrzucania kartek do specjalnie przygotowanych skrzynek umiejscowionych w bibliotece szkolnej, w \u015bwietlicy i na szkolnych korytarzach. W rol\u0119 listonoszy wcielili si\u0119 Jakub Tomi\u0142o i Jakub Bajerczak z klasy 3c, Maja Wilkos, Marta Burda, Oliwia Pieczkowska, Karol B\u0142awacki, Antonina Suchecka, Martyna Wilkos, Aleksandra Szymko, Pawe\u0142 Grzeszczuk i Filip Szala z klasy 7b. Wykonaniem skrzynek oraz&nbsp;segregacj\u0105 korespondencji zaj\u0119\u0142y si\u0119 Wiktoria Laskowska i Jagoda Natucka z klasy 8b. W segregowaniu pomog\u0142y tak\u017ce Monika Symczuk i Martyna Mielniczuk z klasy 6c. Uczniowie z Samorz\u0105du Uczniowskiego przygotowali plakaty z&nbsp;\u017cyczeniami walentynkowymi w j\u0119zyku angielskim oraz rosyjskim. Dzi\u0119kujemy serdecznie opiekunom, a tak\u017ce uczniom Samorz\u0105du Uczniowskiego oraz Ma\u0142ego Samorz\u0105du Uczniowskiego za wsp\u00f3\u0142prac\u0119 i pomoc.<\/span><\/span><\/span><\/p>\n<p align=\"JUSTIFY\"><span style=\"color: #000066;\">\u201e<span style=\"font-family: Arial, sans-serif;\"><span style=\"font-size: medium;\">Najwi\u0119kszym szcz\u0119\u015bciem jest przekonanie, \u017ce jeste\u015bmy kochani, tacy, jacy jeste\u015bmy, a raczej pomimo tego, jacy jeste\u015bmy.\u201d (Victor Hugo)<\/span><\/span><\/span><\/p>\n<p align=\"RIGHT\"><span style=\"color: #000066;\"><span style=\"font-family: Arial, sans-serif;\"><span style=\"font-size: medium;\">Organizatorzy:<\/span><\/span><\/span><\/p>\n<p align=\"RIGHT\"><span style=\"color: #000066;\"><span style=\"font-family: Arial, sans-serif;\"><span style=\"font-size: medium;\">Justyna Przybik<\/span><\/span><\/span><\/p>\n<p align=\"RIGHT\"><span style=\"color: #000066;\"><span style=\"font-family: Arial, sans-serif;\"><span style=\"font-size: medium;\">Paulina Seweryn<\/span><\/span><\/span><\/p>\n<p align=\"RIGHT\"><span style=\"color: #000066;\"><span style=\"font-family: Arial, sans-serif;\"><span style=\"font-size: medium;\">Magdalena S\u0142owik<\/span><\/span><\/span><\/p>\n<p align=\"RIGHT\">&nbsp;<\/p>\nngg_shortcode_0_placeholder\n","protected":false},"excerpt":{"rendered":"<p>Dnia 14 lutego obchodzili\u015bmy w naszej szkole Walentynki. Jak ka\u017cdego roku, przez kilka dni uczniowie mieli mo\u017cliwo\u015b\u0107 wrzucania kartek do specjalnie przygotowanych skrzynek umiejscowionych w bibliotece szkolnej, w \u015bwietlicy i na szkolnych korytarzach. W rol\u0119 listonoszy wcielili si\u0119 Jakub Tomi\u0142o i Jakub Bajerczak z klasy 3c, Maja Wilkos, Marta Burda, Oliwia Pieczkowska, Karol B\u0142awacki, Antonina [&hellip;]<\/p>\n","protected":false},"author":2,"featured_media":0,"parent":2167,"menu_order":0,"comment_status":"closed","ping_status":"closed","template":"","meta":{"ngg_post_thumbnail":0,"footnotes":""},"class_list":["post-4597","page","type-page","status-publish","hentry"],"_links":{"self":[{"href":"https:\/\/sp1hrubieszow.pl\/index.php\/wp-json\/wp\/v2\/pages\/4597","targetHints":{"allow":["GET"]}}],"collection":[{"href":"https:\/\/sp1hrubieszow.pl\/index.php\/wp-json\/wp\/v2\/pages"}],"about":[{"href":"https:\/\/sp1hrubieszow.pl\/index.php\/wp-json\/wp\/v2\/types\/page"}],"author":[{"embeddable":true,"href":"https:\/\/sp1hrubieszow.pl\/index.php\/wp-json\/wp\/v2\/users\/2"}],"replies":[{"embeddable":true,"href":"https:\/\/sp1hrubieszow.pl\/index.php\/wp-json\/wp\/v2\/comments?post=4597"}],"version-history":[{"count":2,"href":"https:\/\/sp1hrubieszow.pl\/index.php\/wp-json\/wp\/v2\/pages\/4597\/revisions"}],"predecessor-version":[{"id":4647,"href":"https:\/\/sp1hrubieszow.pl\/index.php\/wp-json\/wp\/v2\/pages\/4597\/revisions\/4647"}],"up":[{"embeddable":true,"href":"https:\/\/sp1hrubieszow.pl\/index.php\/wp-json\/wp\/v2\/pages\/2167"}],"wp:attachment":[{"href":"https:\/\/sp1hrubieszow.pl\/index.php\/wp-json\/wp\/v2\/media?parent=4597"}],"curies":[{"name":"wp","href":"https:\/\/api.w.org\/{rel}","templated":true}]}}