{"id":4593,"date":"2020-02-26T20:01:58","date_gmt":"2020-02-26T19:01:58","guid":{"rendered":"http:\/\/sp1.hrubieszow.info\/?page_id=4593"},"modified":"2020-02-26T20:02:22","modified_gmt":"2020-02-26T19:02:22","slug":"przekaz-1-podatku-dochodowego","status":"publish","type":"page","link":"https:\/\/sp1hrubieszow.pl\/index.php\/kronika-2019-2020\/przekaz-1-podatku-dochodowego\/","title":{"rendered":"PRZEKA\u017b 1% podatku dochodowego"},"content":{"rendered":"\n<p><strong><span style=\"color: #000080;\">PRZEKA\u017b<\/span><\/strong><br><strong><span style=\"color: #000080;\">1% podatku dochodowego<\/span><\/strong><br><strong><span style=\"color: #000080;\">KRS 0000197582<\/span><\/strong><br><strong><span style=\"color: #000080;\">CEL SZCZEG\u00d3\u0141OWY:<\/span><\/strong><br><strong><span style=\"color: #000080;\">Rada Rodzic\u00f3w przy SP NR 1 w Hrubieszowie<\/span><\/strong><\/p>\n","protected":false},"excerpt":{"rendered":"<p>PRZEKA\u017b1% podatku dochodowegoKRS 0000197582CEL SZCZEG\u00d3\u0141OWY:Rada Rodzic\u00f3w przy SP NR 1 w Hrubieszowie<\/p>\n","protected":false},"author":2,"featured_media":0,"parent":2167,"menu_order":0,"comment_status":"closed","ping_status":"closed","template":"","meta":{"ngg_post_thumbnail":0,"footnotes":""},"class_list":["post-4593","page","type-page","status-publish","hentry"],"_links":{"self":[{"href":"https:\/\/sp1hrubieszow.pl\/index.php\/wp-json\/wp\/v2\/pages\/4593","targetHints":{"allow":["GET"]}}],"collection":[{"href":"https:\/\/sp1hrubieszow.pl\/index.php\/wp-json\/wp\/v2\/pages"}],"about":[{"href":"https:\/\/sp1hrubieszow.pl\/index.php\/wp-json\/wp\/v2\/types\/page"}],"author":[{"embeddable":true,"href":"https:\/\/sp1hrubieszow.pl\/index.php\/wp-json\/wp\/v2\/users\/2"}],"replies":[{"embeddable":true,"href":"https:\/\/sp1hrubieszow.pl\/index.php\/wp-json\/wp\/v2\/comments?post=4593"}],"version-history":[{"count":1,"href":"https:\/\/sp1hrubieszow.pl\/index.php\/wp-json\/wp\/v2\/pages\/4593\/revisions"}],"predecessor-version":[{"id":4594,"href":"https:\/\/sp1hrubieszow.pl\/index.php\/wp-json\/wp\/v2\/pages\/4593\/revisions\/4594"}],"up":[{"embeddable":true,"href":"https:\/\/sp1hrubieszow.pl\/index.php\/wp-json\/wp\/v2\/pages\/2167"}],"wp:attachment":[{"href":"https:\/\/sp1hrubieszow.pl\/index.php\/wp-json\/wp\/v2\/media?parent=4593"}],"curies":[{"name":"wp","href":"https:\/\/api.w.org\/{rel}","templated":true}]}}