{"id":4588,"date":"2020-02-20T18:09:05","date_gmt":"2020-02-20T17:09:05","guid":{"rendered":"http:\/\/sp1.hrubieszow.info\/?page_id=4588"},"modified":"2020-02-20T18:09:41","modified_gmt":"2020-02-20T17:09:41","slug":"rekrutacja","status":"publish","type":"page","link":"https:\/\/sp1hrubieszow.pl\/index.php\/kronika-2019-2020\/rekrutacja\/","title":{"rendered":"REKRUTACJA"},"content":{"rendered":"\n<p align=\"CENTER\"><span style=\"color: #000066;\"><span style=\"font-family: Arial, sans-serif;\"><span style=\"font-size: large;\"><b>REKRUTACJA <\/b><\/span><\/span><\/span><\/p>\n<p align=\"CENTER\"><span style=\"color: #000066;\"><span style=\"font-family: Arial, sans-serif;\"><span style=\"font-size: large;\"><b>DO&nbsp;KLAS PIERWSZYCH I ODDZIA\u0141U PRZEDSZKOLNEGO<\/b><\/span><\/span><\/span><\/p>\n<p align=\"CENTER\"><span style=\"color: #000066;\"><span style=\"font-family: Arial, sans-serif;\"><span style=\"font-size: medium;\"><b>Szko\u0142a Podstawowa Nr 1 im. Boles\u0142awa Prusa w Hrubieszowie og\u0142asza zapisy do klasy pierwszej i oddzia\u0142u przedszkolnego<br>na rok szkolny 2020\/2021<\/b><\/span><\/span><\/span><\/p>\n<p align=\"CENTER\"><span style=\"color: #000066;\"><span style=\"font-family: Arial, sans-serif;\"><span style=\"font-size: medium;\">Zapisy trwaj\u0105 od <\/span><span style=\"font-size: medium;\"><b>27 stycznia do 8 marca 2020 roku<\/b><\/span><span style=\"font-size: medium;\">&nbsp;&nbsp;<br>w&nbsp;<\/span><span style=\"font-size: medium;\"><b>godz. od 8.30 do 15.30, w sekretariacie szko\u0142y<\/b><\/span><span style=\"font-size: medium;\">. <br>Zapisu mo\u017ce dokona\u0107 wy\u0142\u0105cznie rodzic\/prawny opiekun dziecka.<\/span><\/span><\/span><\/p>\n<p align=\"CENTER\"><span style=\"color: #000066;\"><span style=\"font-family: Arial, sans-serif;\"><span style=\"font-size: medium;\"><b>Druki potrzebne do zapisu mo\u017cna pobra\u0107 w sekretariacie szko\u0142y.<\/b><\/span><\/span><\/span><\/p>\n<p align=\"CENTER\"><span style=\"color: #000066;\"><span style=\"font-family: Arial, sans-serif;\"><span style=\"font-size: medium;\">Do zapisu wymagany jest PESEL dziecka.<\/span><\/span><\/span><\/p>\n<p align=\"CENTER\"><span style=\"color: #000066;\"><span style=\"font-family: Arial, sans-serif;\"><span style=\"font-size: medium;\">W przypadku zapisania syna\/c\u00f3rki do innej szko\u0142y przypominamy <br>o obowi\u0105zku zg\u0142oszenia tego faktu w szkole obwodowej.<\/span><\/span><\/span><\/p>\n<p align=\"CENTER\"><span style=\"color: #000066;\"><span style=\"font-family: Arial, sans-serif;\"><span style=\"font-size: medium;\"><b>TERMINY POST\u0118POWANIA REKRUTACYJNEGO I UZUPE\u0141NIAJ\u0104CEGO: <\/b><\/span><\/span><\/span><\/p>\n<ol>\n<li>\n<p align=\"JUSTIFY\"><span style=\"color: #000066;\"><span style=\"font-family: Arial, sans-serif;\"><span style=\"font-size: medium;\">Weryfikacja z\u0142o\u017conych wniosk\u00f3w od <\/span><span style=\"font-size: medium;\"><b>9 marca 2020 r. do 13 marca 2020 r.<\/b><\/span><span style=\"font-size: medium;\">.<\/span><\/span><\/span><\/p>\n<\/li>\n<li>\n<p align=\"JUSTIFY\"><span style=\"color: #000066;\"><span style=\"font-family: Arial, sans-serif;\"><span style=\"font-size: medium;\">Podanie do publicznej wiadomo\u015bci listy kandydat\u00f3w zakwalifikowanych i&nbsp;kandydat\u00f3w niezakwalifikowanych &#8211; <\/span><span style=\"font-size: medium;\"><b>23 marca 2020 r.<\/b><\/span><span style=\"font-size: medium;\">.<\/span><\/span><\/span><\/p>\n<\/li>\n<li>\n<p align=\"JUSTIFY\"><span style=\"color: #000066;\"><span style=\"font-family: Arial, sans-serif;\"><span style=\"font-size: medium;\">Potwierdzenie przez rodzica\/ opiekuna prawnego kandydata woli przyj\u0119cia dziecka do oddzia\u0142u przedszkolnego lub klasy I szko\u0142y podstawowej &#8211; <\/span><span style=\"font-size: medium;\"><b>od 24 marca 2020 r. do 3 kwietnia 2020 r.<\/b><\/span><span style=\"font-size: medium;\">.<\/span><\/span><\/span><\/p>\n<\/li>\n<li>\n<p align=\"JUSTIFY\"><span style=\"color: #000066;\"><span style=\"font-family: Arial, sans-serif;\"><span style=\"font-size: medium;\">Podanie do publicznej wiadomo\u015bci listy kandydat\u00f3w przyj\u0119tych i kandydat\u00f3w nieprzyj\u0119tych &#8211; <\/span><span style=\"font-size: medium;\"><b>7 kwietnia 2020 r.<\/b><\/span><span style=\"font-size: medium;\">.<\/span><\/span><\/span><\/p>\n<\/li>\n<li>\n<p align=\"JUSTIFY\"><span style=\"color: #000066;\"><span style=\"font-family: Arial, sans-serif;\"><span style=\"font-size: medium;\">Sk\u0142adanie wniosk\u00f3w w post\u0119powaniu uzupe\u0142niaj\u0105cym &#8211; od <\/span><span style=\"font-size: medium;\"><b>8 kwietnia 2020 r. do 7 sierpnia 2020 r.<\/b><\/span><span style=\"font-size: medium;\">.<\/span><\/span><\/span><\/p>\n<\/li>\n<li>\n<p align=\"JUSTIFY\"><span style=\"color: #000066;\"><span style=\"font-family: Arial, sans-serif;\"><span style=\"font-size: medium;\">Rozpatrzenie wniosk\u00f3w i dokument\u00f3w z\u0142o\u017conych w post\u0119powaniu uzupe\u0142niaj\u0105cym <br><\/span><span style=\"font-size: medium;\"><b>od 10 sierpnia 2020 r. do 14 sierpnia 2020 r.<\/b><\/span><span style=\"font-size: medium;\">.<\/span><\/span><\/span><\/p>\n<\/li>\n<li>\n<p align=\"JUSTIFY\"><span style=\"color: #000066;\"><span style=\"font-family: Arial, sans-serif;\"><span style=\"font-size: medium;\">Podanie do publicznej wiadomo\u015bci listy kandydat\u00f3w zakwalifikowanych i&nbsp;kandydat\u00f3w niezakwalifikowanych &#8211; <\/span><span style=\"font-size: medium;\"><b>17 sierpnia 2020 r.<\/b><\/span><span style=\"font-size: medium;\">.<\/span><\/span><\/span><\/p>\n<\/li>\n<li>\n<p align=\"JUSTIFY\"><span style=\"color: #000066;\"><span style=\"font-family: Arial, sans-serif;\"><span style=\"font-size: medium;\">Potwierdzenie przez rodzica\/opiekuna prawnego kandydata woli przyj\u0119cia dziecka do oddzia\u0142u przedszkolnego lub klasy I szko\u0142y podstawowej &#8211; <\/span><span style=\"font-size: medium;\"><b>od 18 sierpnia 2020 r. do 21 sierpnia 2020 r.<\/b><\/span><span style=\"font-size: medium;\">.<\/span><\/span><\/span><\/p>\n<\/li>\n<li>\n<p align=\"JUSTIFY\"><span style=\"color: #000066;\"><span style=\"font-family: Arial, sans-serif;\"><span style=\"font-size: medium;\">Podanie do publicznej wiadomo\u015bci listy kandydat\u00f3w przyj\u0119tych i kandydat\u00f3w nieprzyj\u0119tych &#8211; <\/span><span style=\"font-size: medium;\"><b>24 sierpnia 2020 r<\/b><\/span><span style=\"font-size: medium;\">..<\/span><\/span><\/span><\/p>\n<\/li>\n<\/ol>\n<p align=\"CENTER\"><span style=\"color: #000066;\"><span style=\"font-family: Arial, sans-serif;\"><span style=\"font-size: medium;\"><b>Zainteresowanych rodzic\u00f3w zapraszamy do sekretariatu szko\u0142y.&nbsp;<br>Kontakt telefoniczny 84&nbsp;696 20 74<\/b><\/span><\/span><\/span><\/p>\n","protected":false},"excerpt":{"rendered":"<p>REKRUTACJA DO&nbsp;KLAS PIERWSZYCH I ODDZIA\u0141U PRZEDSZKOLNEGO Szko\u0142a Podstawowa Nr 1 im. Boles\u0142awa Prusa w Hrubieszowie og\u0142asza zapisy do klasy pierwszej i oddzia\u0142u przedszkolnegona rok szkolny 2020\/2021 Zapisy trwaj\u0105 od 27 stycznia do 8 marca 2020 roku&nbsp;&nbsp;w&nbsp;godz. od 8.30 do 15.30, w sekretariacie szko\u0142y. Zapisu mo\u017ce dokona\u0107 wy\u0142\u0105cznie rodzic\/prawny opiekun dziecka. Druki potrzebne do zapisu mo\u017cna [&hellip;]<\/p>\n","protected":false},"author":2,"featured_media":0,"parent":2167,"menu_order":0,"comment_status":"closed","ping_status":"closed","template":"","meta":{"ngg_post_thumbnail":0,"footnotes":""},"class_list":["post-4588","page","type-page","status-publish","hentry"],"_links":{"self":[{"href":"https:\/\/sp1hrubieszow.pl\/index.php\/wp-json\/wp\/v2\/pages\/4588","targetHints":{"allow":["GET"]}}],"collection":[{"href":"https:\/\/sp1hrubieszow.pl\/index.php\/wp-json\/wp\/v2\/pages"}],"about":[{"href":"https:\/\/sp1hrubieszow.pl\/index.php\/wp-json\/wp\/v2\/types\/page"}],"author":[{"embeddable":true,"href":"https:\/\/sp1hrubieszow.pl\/index.php\/wp-json\/wp\/v2\/users\/2"}],"replies":[{"embeddable":true,"href":"https:\/\/sp1hrubieszow.pl\/index.php\/wp-json\/wp\/v2\/comments?post=4588"}],"version-history":[{"count":1,"href":"https:\/\/sp1hrubieszow.pl\/index.php\/wp-json\/wp\/v2\/pages\/4588\/revisions"}],"predecessor-version":[{"id":4589,"href":"https:\/\/sp1hrubieszow.pl\/index.php\/wp-json\/wp\/v2\/pages\/4588\/revisions\/4589"}],"up":[{"embeddable":true,"href":"https:\/\/sp1hrubieszow.pl\/index.php\/wp-json\/wp\/v2\/pages\/2167"}],"wp:attachment":[{"href":"https:\/\/sp1hrubieszow.pl\/index.php\/wp-json\/wp\/v2\/media?parent=4588"}],"curies":[{"name":"wp","href":"https:\/\/api.w.org\/{rel}","templated":true}]}}