{"id":4583,"date":"2020-02-19T15:32:26","date_gmt":"2020-02-19T14:32:26","guid":{"rendered":"http:\/\/sp1.hrubieszow.info\/?page_id=4583"},"modified":"2020-02-19T15:32:51","modified_gmt":"2020-02-19T14:32:51","slug":"dzien-kota","status":"publish","type":"page","link":"https:\/\/sp1hrubieszow.pl\/index.php\/kronika-2019-2020\/dzien-kota\/","title":{"rendered":"Dzie\u0144 Kota"},"content":{"rendered":"\n<p><span style=\"color: #000066;\"><span style=\"font-family: Arial, sans-serif;\"><span style=\"font-size: medium;\">Dnia 17.02.2020 r. zaj\u0119cia i zabawy w oddziale przedszkolnym zdominowa\u0142a&nbsp; tematyka&nbsp; zwi\u0105zana z obchodami \u015awiatowego Dnia Kota. Przedszkolaki zmieni\u0142y si\u0119 tego dnia w kociaki. Dzieci uczy\u0142y si\u0119 w jaki spos\u00f3b opiekowa\u0107 si\u0119 tymi zwierz\u0119tami, zapoznawa\u0142y si\u0119 z kocimi obyczajami oraz sposobami piel\u0119gnacji kot\u00f3w. Uczestniczy\u0142y w r\u00f3\u017cnorodnych \u201ekocich zabawach\u201d, \u015bpiewa\u0142y lubian\u0105 przez wszystkie dzieci piosenk\u0119 \u201eMy jeste\u015bmy kotki dwa\u201d, bra\u0142y udzia\u0142 w kocich konkursach: \u201eZwijanie k\u0142\u0119bka we\u0142ny\u201d, \u201ePicie mleka\u201d. Na zako\u0144czenie wykona\u0142y prac\u0119 plastyczn\u0105 kt\u00f3rej tematem by\u0142 nasz czworono\u017cny przyjaciel kot. Dla przedszkolak\u00f3w by\u0142 to dzie\u0144 pe\u0142en wra\u017ce\u0144 i ciekawych, nowych do\u015bwiadcze\u0144. Wszystkie dzieci wspaniale si\u0119 bawi\u0142y i za wsp\u00f3lnie sp\u0119dzony czas otrzyma\u0142y dyplom.<\/span><\/span><\/span><\/p>\nngg_shortcode_0_placeholder\n","protected":false},"excerpt":{"rendered":"<p>Dnia 17.02.2020 r. zaj\u0119cia i zabawy w oddziale przedszkolnym zdominowa\u0142a&nbsp; tematyka&nbsp; zwi\u0105zana z obchodami \u015awiatowego Dnia Kota. Przedszkolaki zmieni\u0142y si\u0119 tego dnia w kociaki. Dzieci uczy\u0142y si\u0119 w jaki spos\u00f3b opiekowa\u0107 si\u0119 tymi zwierz\u0119tami, zapoznawa\u0142y si\u0119 z kocimi obyczajami oraz sposobami piel\u0119gnacji kot\u00f3w. Uczestniczy\u0142y w r\u00f3\u017cnorodnych \u201ekocich zabawach\u201d, \u015bpiewa\u0142y lubian\u0105 przez wszystkie dzieci piosenk\u0119 \u201eMy [&hellip;]<\/p>\n","protected":false},"author":2,"featured_media":0,"parent":2167,"menu_order":0,"comment_status":"closed","ping_status":"closed","template":"","meta":{"ngg_post_thumbnail":0,"footnotes":""},"class_list":["post-4583","page","type-page","status-publish","hentry"],"_links":{"self":[{"href":"https:\/\/sp1hrubieszow.pl\/index.php\/wp-json\/wp\/v2\/pages\/4583","targetHints":{"allow":["GET"]}}],"collection":[{"href":"https:\/\/sp1hrubieszow.pl\/index.php\/wp-json\/wp\/v2\/pages"}],"about":[{"href":"https:\/\/sp1hrubieszow.pl\/index.php\/wp-json\/wp\/v2\/types\/page"}],"author":[{"embeddable":true,"href":"https:\/\/sp1hrubieszow.pl\/index.php\/wp-json\/wp\/v2\/users\/2"}],"replies":[{"embeddable":true,"href":"https:\/\/sp1hrubieszow.pl\/index.php\/wp-json\/wp\/v2\/comments?post=4583"}],"version-history":[{"count":1,"href":"https:\/\/sp1hrubieszow.pl\/index.php\/wp-json\/wp\/v2\/pages\/4583\/revisions"}],"predecessor-version":[{"id":4584,"href":"https:\/\/sp1hrubieszow.pl\/index.php\/wp-json\/wp\/v2\/pages\/4583\/revisions\/4584"}],"up":[{"embeddable":true,"href":"https:\/\/sp1hrubieszow.pl\/index.php\/wp-json\/wp\/v2\/pages\/2167"}],"wp:attachment":[{"href":"https:\/\/sp1hrubieszow.pl\/index.php\/wp-json\/wp\/v2\/media?parent=4583"}],"curies":[{"name":"wp","href":"https:\/\/api.w.org\/{rel}","templated":true}]}}