{"id":4554,"date":"2020-02-18T21:17:39","date_gmt":"2020-02-18T20:17:39","guid":{"rendered":"http:\/\/sp1.hrubieszow.info\/?page_id=4554"},"modified":"2020-02-18T21:18:00","modified_gmt":"2020-02-18T20:18:00","slug":"mamy-laureatow-konkursu-matematycznego","status":"publish","type":"page","link":"https:\/\/sp1hrubieszow.pl\/index.php\/kronika-2019-2020\/mamy-laureatow-konkursu-matematycznego\/","title":{"rendered":"MAMY LAUREAT\u00d3W KONKURSU MATEMATYCZNEGO"},"content":{"rendered":"\n<p align=\"JUSTIFY\"><span style=\"color: #000066;\"><span style=\"font-family: Arial, sans-serif;\"><span style=\"font-size: medium;\">13 lutego 2020 roku uczniowie naszej szko\u0142y mieli zaszczyt go\u015bci\u0107 w I Liceum Og\u00f3lnokszta\u0142c\u0105cym im. Jana Zamoyskiego w Zamo\u015bciu. <b>Maciej Rz\u0105d<\/b> i <b>Tomasz Zaj\u0105c<\/b> spo\u015br\u00f3d tysi\u0105ca uczestnik\u00f3w pierwszego etapu konkursu matematycznego znale\u017ali si\u0119 w&nbsp;gronie oko\u0142o 60 uczni\u00f3w, kt\u00f3rzy spotkali si\u0119 w Zamo\u015bciu na II etapie. Zadania wymaga\u0142y nie ma\u0142ych umiej\u0119tno\u015bci logicznego my\u015blenia. By\u0142y to zadania wielokrotnego wyboru, kt\u00f3re&nbsp;uczniowie rozwi\u0105zywali przez dwie godziny. Ch\u0142opcy spisali si\u0119 doskonale znajduj\u0105c si\u0119 w gronie dziesi\u0119ciu laureat\u00f3w konkursu. Sprawili ogromn\u0105 rado\u015b\u0107 swoim nauczycielkom matematyki &#8211; paniom Ma\u0142gorzacie Szumiacie i Edycie Miller-Wiatrowskiej. Uczniowie otrzymali drobne upominki i pami\u0105tkowe dyplomy. Konkurs Matematyczny by\u0142&nbsp;organizowany przez Uczelni\u0119 Pa\u0144stwow\u0105 im. Szymona Szymonowica w Zamo\u015bciu oraz I&nbsp;Liceum Og\u00f3lnokszta\u0142c\u0105ce im. Jana Zamoyskiego w Zamo\u015bciu.<\/span><\/span><\/span><\/p>\n<p align=\"JUSTIFY\"><span style=\"color: #000066;\"><span style=\"font-family: Arial, sans-serif;\"><span style=\"font-size: medium;\">Jeste\u015bmy dumni z naszych uczni\u00f3w i \u017cyczymy im dalszych sukces\u00f3w matematycznych.<\/span><\/span><\/span><\/p>\nngg_shortcode_0_placeholder\n","protected":false},"excerpt":{"rendered":"<p>13 lutego 2020 roku uczniowie naszej szko\u0142y mieli zaszczyt go\u015bci\u0107 w I Liceum Og\u00f3lnokszta\u0142c\u0105cym im. Jana Zamoyskiego w Zamo\u015bciu. Maciej Rz\u0105d i Tomasz Zaj\u0105c spo\u015br\u00f3d tysi\u0105ca uczestnik\u00f3w pierwszego etapu konkursu matematycznego znale\u017ali si\u0119 w&nbsp;gronie oko\u0142o 60 uczni\u00f3w, kt\u00f3rzy spotkali si\u0119 w Zamo\u015bciu na II etapie. Zadania wymaga\u0142y nie ma\u0142ych umiej\u0119tno\u015bci logicznego my\u015blenia. By\u0142y to zadania [&hellip;]<\/p>\n","protected":false},"author":2,"featured_media":0,"parent":2167,"menu_order":0,"comment_status":"closed","ping_status":"closed","template":"","meta":{"ngg_post_thumbnail":0,"footnotes":""},"class_list":["post-4554","page","type-page","status-publish","hentry"],"_links":{"self":[{"href":"https:\/\/sp1hrubieszow.pl\/index.php\/wp-json\/wp\/v2\/pages\/4554","targetHints":{"allow":["GET"]}}],"collection":[{"href":"https:\/\/sp1hrubieszow.pl\/index.php\/wp-json\/wp\/v2\/pages"}],"about":[{"href":"https:\/\/sp1hrubieszow.pl\/index.php\/wp-json\/wp\/v2\/types\/page"}],"author":[{"embeddable":true,"href":"https:\/\/sp1hrubieszow.pl\/index.php\/wp-json\/wp\/v2\/users\/2"}],"replies":[{"embeddable":true,"href":"https:\/\/sp1hrubieszow.pl\/index.php\/wp-json\/wp\/v2\/comments?post=4554"}],"version-history":[{"count":1,"href":"https:\/\/sp1hrubieszow.pl\/index.php\/wp-json\/wp\/v2\/pages\/4554\/revisions"}],"predecessor-version":[{"id":4555,"href":"https:\/\/sp1hrubieszow.pl\/index.php\/wp-json\/wp\/v2\/pages\/4554\/revisions\/4555"}],"up":[{"embeddable":true,"href":"https:\/\/sp1hrubieszow.pl\/index.php\/wp-json\/wp\/v2\/pages\/2167"}],"wp:attachment":[{"href":"https:\/\/sp1hrubieszow.pl\/index.php\/wp-json\/wp\/v2\/media?parent=4554"}],"curies":[{"name":"wp","href":"https:\/\/api.w.org\/{rel}","templated":true}]}}