{"id":4504,"date":"2020-02-18T09:39:43","date_gmt":"2020-02-18T08:39:43","guid":{"rendered":"http:\/\/sp1.hrubieszow.info\/?page_id=4504"},"modified":"2020-02-18T14:55:33","modified_gmt":"2020-02-18T13:55:33","slug":"dzien-bezpiecznego-internetu-2020","status":"publish","type":"page","link":"https:\/\/sp1hrubieszow.pl\/index.php\/nauczyciele\/pedagog\/pedagog-2019\/dzien-bezpiecznego-internetu-2020\/","title":{"rendered":"Dzie\u0144 Bezpiecznego Internetu \u20192020"},"content":{"rendered":"\n<p><span style=\"color: #000080;\">Dnia 11 lutego 2020r.,w Szkole Podstawowej Nr 1 w Hrubieszowie, odby\u0142y si\u0119 obchody <\/span><span style=\"color: #000080;\">Dnia Bezpiecznego Internetu, przebiegaj\u0105ce pod has\u0142em: \u201eDzia\u0142ajmy razem\u201d.<\/span><\/p>\n<p><span style=\"color: #000080;\">Dzia\u0142ania profilaktyczne w postaci zaj\u0119\u0107 wychowawczych, gazetek profilaktycznych, konkursu <\/span><br><span style=\"color: #000080;\">i zadania projektowego dla oddzia\u0142\u00f3w klasowych, mia\u0142y na celu utrwalanie prawid\u0142owych&nbsp; oraz pozytywnych postaw dzieci i m\u0142odzie\u017cy podczas korzystania z Internetu, w tym unikanie zagro\u017ce\u0144.<\/span><\/p>\n<p><span style=\"color: #000080;\">Zorganizowano konkurs plastyczno-literacki pt. \u201eBezpieczny Internet\u201d. Komisja konkursowa: <\/span><br><span style=\"color: #000080;\">p. Dorota Or\u0142owska, p. Ewa Filipowicz-Sidorczuk, p. Sylwia Wojak, p. Monika Anigacz, <\/span><br><span style=\"color: #000080;\">p. Agnieszka Kolano, p. Justyna Przybik, wy\u0142oni\u0142a nast\u0119puj\u0105cych laureat\u00f3w konkursu:<\/span><\/p>\n<p><span style=\"color: #000080;\"><u>Konkurs plastyczny, klasy I-III<\/u><\/span><\/p>\n<p><span style=\"color: #000080;\">I miejsca: Martyna Jasic kl. Ia, Igor Wojtiuk, kl. IIa<\/span><\/p>\n<p><span style=\"color: #000080;\">II miejsca: Lena Ni\u017anikowska, kl. Ic, Zuzanna Peczak, kl.IIa<\/span><\/p>\n<p><span style=\"color: #000080;\">III miejsca: Lidia Grab, kl. IIIc, Gabriela Makara, kl. I b, Ma\u0142gorzata Korneluk, kl. IIIa<\/span><\/p>\n<p><span style=\"color: #000080;\">Wyr\u00f3\u017cnienie: Maciej Karpa\u0142a, kl. IIIa<\/span><\/p>\n<p><span style=\"color: #000080;\"><u>Konkurs literacki, klasy I-III<\/u><\/span><\/p>\n<p><span style=\"color: #000080;\">I miejsce: Gabriela Skowron, kl. I c<\/span><\/p>\n<p><span style=\"color: #000080;\">II miejsce: Miko\u0142aj Zaj\u0105c, kl. Ic<\/span><\/p>\n<p><span style=\"color: #000080;\"><u>Konkurs plastyczny, klasy IV-VII<\/u><\/span><\/p>\n<p><span style=\"color: #000080;\">I miejsce: Kornelia Kruk, kl. VII c<\/span><\/p>\n<p><span style=\"color: #000080;\">II miejsce: Julia Nalepa , kl.Va<\/span><\/p>\n<p><span style=\"color: #000080;\">III miejsca: Gabriela Senkowska, kl. VIIc, Kacper Ro\u017cniatowski, kl. VIIb<\/span><\/p>\n<p><span style=\"color: #000080;\">Wyr\u00f3\u017cnienia:<\/span><\/p>\n<ol>\n<li><span style=\"color: #000080;\">Aleksandra Szymko , kl. VIIb<\/span><\/li>\n<li><span style=\"color: #000080;\">Mateusz Jagie\u0142\u0142o, kl. VII b<\/span><\/li>\n<li><span style=\"color: #000080;\">Klaudia Kurysz, kl. VIIa<\/span><\/li>\n<li><span style=\"color: #000080;\">Wiktoria Iwan. kl. Vd<\/span><\/li>\n<li><span style=\"color: #000080;\">Hanna Nosko, kl. Va<\/span><\/li>\n<li><span style=\"color: #000080;\">Antoni Jasi\u0144ski, kl. Vb<\/span><\/li>\n<\/ol>\n<p><span style=\"color: #000080;\"><u>Konkurs literacki, klasy IV-VII<\/u><\/span><\/p>\n<p><span style=\"color: #000080;\">I miejsce: Marcin Lackowski, kl. IVa<\/span><\/p>\n<p><span style=\"color: #000080;\">Nagrody i dyplomy ufundowano we wsp\u00f3\u0142pracy z Gmin\u0105 Miejsk\u0105 Hrubiesz\u00f3w, w ramach realizacji programu profilaktycznego \u201eProfilaktyka na start\u201d, w roku szkolnym 2019\/2020.<\/span><\/p>\n<p><span style=\"color: #000080;\">Dodatkowym zadaniem, podj\u0119tym na terenie szko\u0142y, by\u0142o stworzenie przez poszczeg\u00f3lne klasy<\/span><br><span style=\"color: #000080;\">&nbsp;IV-VIII&nbsp; plakat\u00f3w z propozycjami pozytywnego dzia\u0142ania w Internecie. Zadanie to mia\u0142o na celu u\u015bwiadomienie uczniom faktu, jak wielki wp\u0142yw maj\u0105 na to, by sta\u0107 si\u0119 dobrymi i pozytywnymi internautami. Za najciekawsze uznano prac\u0119 klas: Vb, Vd oraz Va. Wyr\u00f3\u017cniono prace klas: IVa, VIc&nbsp; i VIIc. Z prac konkursowych oraz z plakat\u00f3w stworzonych przez oddzia\u0142y klasowe wykonano wystaw\u0119. Dzia\u0142ania z okazji \u201eDnia Bezpiecznego Internetu\u201d zorganizowa\u0142a p. Marta Kuczy\u0144ska, pedagog szkolny.<\/span><\/p>\nngg_shortcode_0_placeholder\n<p>&nbsp;<\/p>\n","protected":false},"excerpt":{"rendered":"<p>Dnia 11 lutego 2020r.,w Szkole Podstawowej Nr 1 w Hrubieszowie, odby\u0142y si\u0119 obchody Dnia Bezpiecznego Internetu, przebiegaj\u0105ce pod has\u0142em: \u201eDzia\u0142ajmy razem\u201d. Dzia\u0142ania profilaktyczne w postaci zaj\u0119\u0107 wychowawczych, gazetek profilaktycznych, konkursu i zadania projektowego dla oddzia\u0142\u00f3w klasowych, mia\u0142y na celu utrwalanie prawid\u0142owych&nbsp; oraz pozytywnych postaw dzieci i m\u0142odzie\u017cy podczas korzystania z Internetu, w tym unikanie zagro\u017ce\u0144. [&hellip;]<\/p>\n","protected":false},"author":1,"featured_media":0,"parent":75,"menu_order":20,"comment_status":"closed","ping_status":"closed","template":"","meta":{"ngg_post_thumbnail":0,"footnotes":""},"class_list":["post-4504","page","type-page","status-publish","hentry"],"_links":{"self":[{"href":"https:\/\/sp1hrubieszow.pl\/index.php\/wp-json\/wp\/v2\/pages\/4504","targetHints":{"allow":["GET"]}}],"collection":[{"href":"https:\/\/sp1hrubieszow.pl\/index.php\/wp-json\/wp\/v2\/pages"}],"about":[{"href":"https:\/\/sp1hrubieszow.pl\/index.php\/wp-json\/wp\/v2\/types\/page"}],"author":[{"embeddable":true,"href":"https:\/\/sp1hrubieszow.pl\/index.php\/wp-json\/wp\/v2\/users\/1"}],"replies":[{"embeddable":true,"href":"https:\/\/sp1hrubieszow.pl\/index.php\/wp-json\/wp\/v2\/comments?post=4504"}],"version-history":[{"count":3,"href":"https:\/\/sp1hrubieszow.pl\/index.php\/wp-json\/wp\/v2\/pages\/4504\/revisions"}],"predecessor-version":[{"id":4526,"href":"https:\/\/sp1hrubieszow.pl\/index.php\/wp-json\/wp\/v2\/pages\/4504\/revisions\/4526"}],"up":[{"embeddable":true,"href":"https:\/\/sp1hrubieszow.pl\/index.php\/wp-json\/wp\/v2\/pages\/75"}],"wp:attachment":[{"href":"https:\/\/sp1hrubieszow.pl\/index.php\/wp-json\/wp\/v2\/media?parent=4504"}],"curies":[{"name":"wp","href":"https:\/\/api.w.org\/{rel}","templated":true}]}}