{"id":4499,"date":"2020-02-17T20:09:57","date_gmt":"2020-02-17T19:09:57","guid":{"rendered":"http:\/\/sp1.hrubieszow.info\/?page_id=4499"},"modified":"2020-02-17T20:10:15","modified_gmt":"2020-02-17T19:10:15","slug":"oplaty-za-obiady-za-marzec","status":"publish","type":"page","link":"https:\/\/sp1hrubieszow.pl\/index.php\/kronika-2019-2020\/oplaty-za-obiady-za-marzec\/","title":{"rendered":"Op\u0142aty za obiady za marzec"},"content":{"rendered":"\n<p><span style=\"color: #000080;\"><strong>Op\u0142ata ca\u0142kowita za obiady w miesi\u0105cu marcu wynosi: 68,20 z\u0142<\/strong><\/span><\/p>\n<p><span style=\"color: #000080;\"><strong>Wp\u0142aty na konto do 25.02.2020 r.<\/strong><\/span><\/p>\n<p><span style=\"color: #000080;\"><strong>Wp\u0142aty u intendenta od 26.02 do 28.02.2020 w godzinach od 7.45 do 11.00<\/strong><\/span><\/p>\n<p><span style=\"color: #000080;\"><strong>Prosz\u0119 o terminowe dokonywanie wp\u0142aty!<\/strong><\/span><\/p>\n<p>&nbsp;<\/p>\n","protected":false},"excerpt":{"rendered":"<p>Op\u0142ata ca\u0142kowita za obiady w miesi\u0105cu marcu wynosi: 68,20 z\u0142 Wp\u0142aty na konto do 25.02.2020 r. Wp\u0142aty u intendenta od 26.02 do 28.02.2020 w godzinach od 7.45 do 11.00 Prosz\u0119 o terminowe dokonywanie wp\u0142aty! &nbsp;<\/p>\n","protected":false},"author":2,"featured_media":0,"parent":2167,"menu_order":0,"comment_status":"closed","ping_status":"closed","template":"","meta":{"ngg_post_thumbnail":0,"footnotes":""},"class_list":["post-4499","page","type-page","status-publish","hentry"],"_links":{"self":[{"href":"https:\/\/sp1hrubieszow.pl\/index.php\/wp-json\/wp\/v2\/pages\/4499","targetHints":{"allow":["GET"]}}],"collection":[{"href":"https:\/\/sp1hrubieszow.pl\/index.php\/wp-json\/wp\/v2\/pages"}],"about":[{"href":"https:\/\/sp1hrubieszow.pl\/index.php\/wp-json\/wp\/v2\/types\/page"}],"author":[{"embeddable":true,"href":"https:\/\/sp1hrubieszow.pl\/index.php\/wp-json\/wp\/v2\/users\/2"}],"replies":[{"embeddable":true,"href":"https:\/\/sp1hrubieszow.pl\/index.php\/wp-json\/wp\/v2\/comments?post=4499"}],"version-history":[{"count":1,"href":"https:\/\/sp1hrubieszow.pl\/index.php\/wp-json\/wp\/v2\/pages\/4499\/revisions"}],"predecessor-version":[{"id":4500,"href":"https:\/\/sp1hrubieszow.pl\/index.php\/wp-json\/wp\/v2\/pages\/4499\/revisions\/4500"}],"up":[{"embeddable":true,"href":"https:\/\/sp1hrubieszow.pl\/index.php\/wp-json\/wp\/v2\/pages\/2167"}],"wp:attachment":[{"href":"https:\/\/sp1hrubieszow.pl\/index.php\/wp-json\/wp\/v2\/media?parent=4499"}],"curies":[{"name":"wp","href":"https:\/\/api.w.org\/{rel}","templated":true}]}}