{"id":4485,"date":"2020-02-13T19:36:09","date_gmt":"2020-02-13T18:36:09","guid":{"rendered":"http:\/\/sp1.hrubieszow.info\/?page_id=4485"},"modified":"2020-02-13T19:36:37","modified_gmt":"2020-02-13T18:36:37","slug":"wyprawy-na-lodowisko","status":"publish","type":"page","link":"https:\/\/sp1hrubieszow.pl\/index.php\/kronika-2019-2020\/wyprawy-na-lodowisko\/","title":{"rendered":"Wyprawy na lodowisko."},"content":{"rendered":"\n<p><span style=\"color: #000066;\"><span style=\"font-family: Arial, sans-serif;\">Zima w tym roku jest wyj\u0105tkowo uparta i nie che do nas przyj\u015b\u0107. Cierpimy na brak \u015bniegu. Brakuje nam bia\u0142ego szale\u0144stwa, wojny na \u015bnie\u017cki i saneczkowych wypraw \u201ena g\u00f3rk\u0119\u201d. Na szcz\u0119\u015bcie ju\u017c drugi rok mo\u017cemy cieszy\u0107 si\u0119 miejskim lodowiskiem. Dlatego 6 lutego klasa 6 a z wychowawc\u0105 pani\u0105 Arlet\u0105 Kowalsk\u0105 oraz klasa 7 c z wychowawc\u0105 pani\u0105 Mart\u0105 Lackowsk\u0105 postanowi\u0142y skorzysta\u0107 z tej formy zimowej rekreacji. By\u0142o wspaniale! Polecamy wszystkim tak\u0105 form\u0119 aktywno\u015bci. \ud83d\ude42<\/span><\/span><\/p>\nngg_shortcode_0_placeholder\n","protected":false},"excerpt":{"rendered":"<p>Zima w tym roku jest wyj\u0105tkowo uparta i nie che do nas przyj\u015b\u0107. Cierpimy na brak \u015bniegu. Brakuje nam bia\u0142ego szale\u0144stwa, wojny na \u015bnie\u017cki i saneczkowych wypraw \u201ena g\u00f3rk\u0119\u201d. Na szcz\u0119\u015bcie ju\u017c drugi rok mo\u017cemy cieszy\u0107 si\u0119 miejskim lodowiskiem. Dlatego 6 lutego klasa 6 a z wychowawc\u0105 pani\u0105 Arlet\u0105 Kowalsk\u0105 oraz klasa 7 c z [&hellip;]<\/p>\n","protected":false},"author":2,"featured_media":0,"parent":2167,"menu_order":0,"comment_status":"closed","ping_status":"closed","template":"","meta":{"ngg_post_thumbnail":0,"footnotes":""},"class_list":["post-4485","page","type-page","status-publish","hentry"],"_links":{"self":[{"href":"https:\/\/sp1hrubieszow.pl\/index.php\/wp-json\/wp\/v2\/pages\/4485","targetHints":{"allow":["GET"]}}],"collection":[{"href":"https:\/\/sp1hrubieszow.pl\/index.php\/wp-json\/wp\/v2\/pages"}],"about":[{"href":"https:\/\/sp1hrubieszow.pl\/index.php\/wp-json\/wp\/v2\/types\/page"}],"author":[{"embeddable":true,"href":"https:\/\/sp1hrubieszow.pl\/index.php\/wp-json\/wp\/v2\/users\/2"}],"replies":[{"embeddable":true,"href":"https:\/\/sp1hrubieszow.pl\/index.php\/wp-json\/wp\/v2\/comments?post=4485"}],"version-history":[{"count":1,"href":"https:\/\/sp1hrubieszow.pl\/index.php\/wp-json\/wp\/v2\/pages\/4485\/revisions"}],"predecessor-version":[{"id":4486,"href":"https:\/\/sp1hrubieszow.pl\/index.php\/wp-json\/wp\/v2\/pages\/4485\/revisions\/4486"}],"up":[{"embeddable":true,"href":"https:\/\/sp1hrubieszow.pl\/index.php\/wp-json\/wp\/v2\/pages\/2167"}],"wp:attachment":[{"href":"https:\/\/sp1hrubieszow.pl\/index.php\/wp-json\/wp\/v2\/media?parent=4485"}],"curies":[{"name":"wp","href":"https:\/\/api.w.org\/{rel}","templated":true}]}}