{"id":4458,"date":"2020-02-10T19:17:30","date_gmt":"2020-02-10T18:17:30","guid":{"rendered":"http:\/\/sp1.hrubieszow.info\/?page_id=4458"},"modified":"2020-02-10T19:18:05","modified_gmt":"2020-02-10T18:18:05","slug":"modelarze-z-uks-jedynka-na-zawodach-w-grodkowie","status":"publish","type":"page","link":"https:\/\/sp1hrubieszow.pl\/index.php\/kronika-2019-2020\/modelarze-z-uks-jedynka-na-zawodach-w-grodkowie\/","title":{"rendered":"Modelarze z UKS \u201eJedynka\u201d  na zawodach w\u00a0Grodkowie"},"content":{"rendered":"\n<p align=\"JUSTIFY\"><span style=\"color: #000066;\"><span style=\"font-family: Arial, sans-serif;\"><span style=\"font-size: medium;\">W dniu 09.02.2020r. odby\u0142y si\u0119 drugie w tym roku Og\u00f3lnopolskie Zawody Modeli Szybowc\u00f3w Halowych klasy F1N, zaliczane do Pucharu Polski. Na starcie stan\u0119li zawodnicy z Bierunia, Chrzanowa, Gliwic, Hrubieszowa, Katowic, Krakowa, Krapkowic, Suwa\u0142k, Warszawy oraz Grodkowa. <\/span><\/span><\/span><\/p>\n<p align=\"JUSTIFY\"><span style=\"color: #000066;\"><span style=\"font-family: Arial, sans-serif;\"><span style=\"font-size: medium;\">Hrubieszowscy zawodnicy wystartowali w nast\u0119puj\u0105cym sk\u0142adzie:<\/span><\/span><\/span><\/p>\n<p align=\"JUSTIFY\"><span style=\"color: #000066;\"><span style=\"font-family: Arial, sans-serif;\"><span style=\"font-size: medium;\">Kategoria wiekowa m\u0142odzik:<\/span><\/span><\/span><\/p>\n<p><span style=\"color: #000066;\"><span style=\"font-family: Arial, sans-serif;\"><span style=\"font-size: medium;\">Jakub Chomiak, Karol Kowalski<\/span><\/span><\/span><\/p>\n<p><span style=\"color: #000066;\"><span style=\"font-family: Arial, sans-serif;\"><span style=\"font-size: medium;\">Kategoria wiekowa junior m\u0142odszy:<\/span><\/span><\/span><\/p>\n<p><span style=\"color: #000066;\"><span style=\"font-family: Arial, sans-serif;\"><span style=\"font-size: medium;\">Kacper Kaczmarek, Mateusz Mi\u0119czak, Karol Szumiata<\/span><\/span><\/span><\/p>\n<p><span style=\"color: #000066;\"><span style=\"font-family: Arial, sans-serif;\"><span style=\"font-size: medium;\">Kategoria wiekowa junior:<\/span><\/span><\/span><\/p>\n<p><span style=\"color: #000066;\"><span style=\"font-family: Arial, sans-serif;\"><span style=\"font-size: medium;\">Jakub Kopera \u2013 3 miejsce<\/span><\/span><\/span><\/p>\n<p align=\"JUSTIFY\"><span style=\"color: #000066;\"><span style=\"font-family: Arial, sans-serif;\"><span style=\"font-size: medium;\">Wyst\u0119py naszych modelarzy na zawodach rangi Pucharu Polski przynosi sukcesy. W&nbsp;miejscowo\u015bci w kt\u00f3rej odbywa si\u0119 puchar zawsze stajemy na podium. Sukces mo\u017cna podkre\u015bli\u0107 tylko du\u017cym zaanga\u017cowaniem m\u0142odzie\u017cy w&nbsp;budow\u0119 modeli jak i systematyczno\u015b\u0107 w&nbsp;treningu na hali. Jest to praca do\u015b\u0107 mozolna i wymagaj\u0105ca du\u017cej cierpliwo\u015bci w regulacji modelu jak i samego wyrzutu modelu w g\u00f3r\u0119 (jak najwy\u017cej i lot modelu jak najd\u0142u\u017cszy) to jest sukces zawodnika. <\/span><\/span><\/span><\/p>\nngg_shortcode_0_placeholder\n","protected":false},"excerpt":{"rendered":"<p>W dniu 09.02.2020r. odby\u0142y si\u0119 drugie w tym roku Og\u00f3lnopolskie Zawody Modeli Szybowc\u00f3w Halowych klasy F1N, zaliczane do Pucharu Polski. Na starcie stan\u0119li zawodnicy z Bierunia, Chrzanowa, Gliwic, Hrubieszowa, Katowic, Krakowa, Krapkowic, Suwa\u0142k, Warszawy oraz Grodkowa. Hrubieszowscy zawodnicy wystartowali w nast\u0119puj\u0105cym sk\u0142adzie: Kategoria wiekowa m\u0142odzik: Jakub Chomiak, Karol Kowalski Kategoria wiekowa junior m\u0142odszy: Kacper Kaczmarek, [&hellip;]<\/p>\n","protected":false},"author":2,"featured_media":0,"parent":2167,"menu_order":0,"comment_status":"closed","ping_status":"closed","template":"","meta":{"ngg_post_thumbnail":0,"footnotes":""},"class_list":["post-4458","page","type-page","status-publish","hentry"],"_links":{"self":[{"href":"https:\/\/sp1hrubieszow.pl\/index.php\/wp-json\/wp\/v2\/pages\/4458","targetHints":{"allow":["GET"]}}],"collection":[{"href":"https:\/\/sp1hrubieszow.pl\/index.php\/wp-json\/wp\/v2\/pages"}],"about":[{"href":"https:\/\/sp1hrubieszow.pl\/index.php\/wp-json\/wp\/v2\/types\/page"}],"author":[{"embeddable":true,"href":"https:\/\/sp1hrubieszow.pl\/index.php\/wp-json\/wp\/v2\/users\/2"}],"replies":[{"embeddable":true,"href":"https:\/\/sp1hrubieszow.pl\/index.php\/wp-json\/wp\/v2\/comments?post=4458"}],"version-history":[{"count":1,"href":"https:\/\/sp1hrubieszow.pl\/index.php\/wp-json\/wp\/v2\/pages\/4458\/revisions"}],"predecessor-version":[{"id":4459,"href":"https:\/\/sp1hrubieszow.pl\/index.php\/wp-json\/wp\/v2\/pages\/4458\/revisions\/4459"}],"up":[{"embeddable":true,"href":"https:\/\/sp1hrubieszow.pl\/index.php\/wp-json\/wp\/v2\/pages\/2167"}],"wp:attachment":[{"href":"https:\/\/sp1hrubieszow.pl\/index.php\/wp-json\/wp\/v2\/media?parent=4458"}],"curies":[{"name":"wp","href":"https:\/\/api.w.org\/{rel}","templated":true}]}}