{"id":44,"date":"2019-03-14T15:05:57","date_gmt":"2019-03-14T14:05:57","guid":{"rendered":"http:\/\/sp1.hrubieszow.info\/?page_id=44"},"modified":"2024-10-13T18:24:34","modified_gmt":"2024-10-13T16:24:34","slug":"doradztwo-zawodowe","status":"publish","type":"page","link":"https:\/\/sp1hrubieszow.pl\/index.php\/uczniowie\/doradztwo-zawodowe\/","title":{"rendered":"Doradztwo Zawodowe"},"content":{"rendered":"\n<header class=\"entry-header\">\n<h1><span style=\"color: #008000;\"><strong>WYDARZENIA<\/strong><\/span><\/h1>\n<h1><span style=\"color: #000080;\"><strong><a style=\"color: #000080;\" href=\"http:\/\/sp1hrubieszow.pl\/wp-content\/uploads\/2024\/10\/Co-po-podstawowce.docx\">Co po podstaw\u00f3wce<\/a><\/strong><\/span><\/h1>\n<\/header>\n\n\n\n<h1><span style=\"color: #993300;\"><strong>SZKO\u0141Y<\/strong><\/span><\/h1>\n<h2><a href=\"http:\/\/doradztwo.ore.edu.pl\/sciezka-ksztalcenia\"><span style=\"color: #0000ff;\"><strong>http:\/\/doradztwo.ore.edu.pl\/sciezka-ksztalcenia<\/strong><\/span><\/a><\/h2>\n\n\n\n<div class=\"wp-block-file\"><\/div>\n\n\n\n<h1><span style=\"color: #000080;\"><strong>PRZYDATNE STRONY&nbsp;<\/strong><\/span><\/h1>\n<h2><span style=\"color: #0000ff;\"><strong><a style=\"color: #0000ff;\" href=\"https:\/\/barometrzawodow.pl\/\">Barometr Zawod\u00f3w (barometrzawodow.pl)<\/a><\/strong><\/span><\/h2>\n<h2><span style=\"color: #0000ff;\"><strong><a style=\"color: #0000ff;\" href=\"https:\/\/mapakarier.org\/\">Mapa Karier<\/a><\/strong><\/span><\/h2>\n<h2><span style=\"color: #0000ff;\"><strong><a style=\"color: #0000ff;\" href=\"https:\/\/www.ore.edu.pl\/\">O\u015brodek Rozwoju Edukacji \u2013 Strona g\u0142\u00f3wna (ore.edu.pl)<\/a><\/strong><\/span><\/h2>\n<h1><strong><span style=\"color: #800080;\">DOKUMENTY<\/span><\/strong><\/h1>\n<h1><span style=\"color: #000080;\"><strong><a style=\"color: #000080;\" href=\"http:\/\/sp1hrubieszow.pl\/wp-content\/uploads\/2024\/10\/Program-realizacji-WSDZ-2024-25.doc\">Program realizacji WSDZ 2024 25<\/a><\/strong><\/span><\/h1>\n<h1><span style=\"color: #000080;\"><strong><a style=\"color: #000080;\" href=\"http:\/\/sp1hrubieszow.pl\/wp-content\/uploads\/2024\/10\/Wewnatrzszkolny-System-Doradztwa-w-SP.doc\">Wewn\u0105trzszkolny System Doradztwa w SP<\/a><\/strong><\/span><\/h1>\n<p>&nbsp;<\/p>\n<p>&nbsp;<\/p>\n<p>&nbsp;<\/p>\n<p>&nbsp;<\/p>\n<p>&nbsp;<\/p>\n<p>&nbsp;<\/p>\n<p>&nbsp;<\/p>\n<p>&nbsp;<\/p>\n<p>&nbsp;<\/p>\n<p>&nbsp;<\/p>\n","protected":false},"excerpt":{"rendered":"<p>WYDARZENIA Co po podstaw\u00f3wce SZKO\u0141Y http:\/\/doradztwo.ore.edu.pl\/sciezka-ksztalcenia PRZYDATNE STRONY&nbsp; Barometr Zawod\u00f3w (barometrzawodow.pl) Mapa Karier O\u015brodek Rozwoju Edukacji \u2013 Strona g\u0142\u00f3wna (ore.edu.pl) DOKUMENTY Program realizacji WSDZ 2024 25 Wewn\u0105trzszkolny System Doradztwa w SP &nbsp; &nbsp; &nbsp; &nbsp; &nbsp; &nbsp; &nbsp; &nbsp; &nbsp; &nbsp;<\/p>\n","protected":false},"author":1,"featured_media":0,"parent":19,"menu_order":10,"comment_status":"closed","ping_status":"closed","template":"","meta":{"ngg_post_thumbnail":0,"footnotes":""},"class_list":["post-44","page","type-page","status-publish","hentry"],"_links":{"self":[{"href":"https:\/\/sp1hrubieszow.pl\/index.php\/wp-json\/wp\/v2\/pages\/44","targetHints":{"allow":["GET"]}}],"collection":[{"href":"https:\/\/sp1hrubieszow.pl\/index.php\/wp-json\/wp\/v2\/pages"}],"about":[{"href":"https:\/\/sp1hrubieszow.pl\/index.php\/wp-json\/wp\/v2\/types\/page"}],"author":[{"embeddable":true,"href":"https:\/\/sp1hrubieszow.pl\/index.php\/wp-json\/wp\/v2\/users\/1"}],"replies":[{"embeddable":true,"href":"https:\/\/sp1hrubieszow.pl\/index.php\/wp-json\/wp\/v2\/comments?post=44"}],"version-history":[{"count":44,"href":"https:\/\/sp1hrubieszow.pl\/index.php\/wp-json\/wp\/v2\/pages\/44\/revisions"}],"predecessor-version":[{"id":27424,"href":"https:\/\/sp1hrubieszow.pl\/index.php\/wp-json\/wp\/v2\/pages\/44\/revisions\/27424"}],"up":[{"embeddable":true,"href":"https:\/\/sp1hrubieszow.pl\/index.php\/wp-json\/wp\/v2\/pages\/19"}],"wp:attachment":[{"href":"https:\/\/sp1hrubieszow.pl\/index.php\/wp-json\/wp\/v2\/media?parent=44"}],"curies":[{"name":"wp","href":"https:\/\/api.w.org\/{rel}","templated":true}]}}