{"id":4362,"date":"2020-02-08T14:59:08","date_gmt":"2020-02-08T13:59:08","guid":{"rendered":"http:\/\/sp1.hrubieszow.info\/?page_id=4362"},"modified":"2020-02-08T15:00:43","modified_gmt":"2020-02-08T14:00:43","slug":"projekt-ortograficzne-bransoletki-z-klubem-ortograffiti","status":"publish","type":"page","link":"https:\/\/sp1hrubieszow.pl\/index.php\/kronika-2019-2020\/projekt-ortograficzne-bransoletki-z-klubem-ortograffiti\/","title":{"rendered":"Projekt \u201eOrtograficzne bransoletki\u201d z Klubem Ortograffiti"},"content":{"rendered":"\n<p align=\"LEFT\"><span style=\"color: #000066;\"><span style=\"font-family: Arial, sans-serif;\">W dniu 05.02.2020r. cz\u0142onkowie \u201eKlubu Ortograffiti\u201d, dzia\u0142aj\u0105cego w Szkole Podstawowej Nr 1 w Hrubieszowie, zach\u0119cili uczni\u00f3w z klasy III b (wych. p. Katarzyna Sztuk), do udzia\u0142u w projekcie edukacyjnym pt. \u201eOrtograficzne bransoletki\u201d.<\/span><\/span><\/p>\n<p align=\"LEFT\"><span style=\"color: #000066;\"><span style=\"font-family: Arial, sans-serif;\">Podczas zaj\u0119\u0107, trzecioklasi\u015bci samodzielnie wykonywali prac\u0119 plastyczno-techniczn\u0105: \u201eortograficzne bransoletki\u201d. Uczniowie opracowali z pomoc\u0105 nauczycieli baz\u0119 wyraz\u00f3w z trudno\u015bci\u0105 ortograficzn\u0105, dok\u0142adnie sprawdzaj\u0105c poprawno\u015b\u0107 ich zapisu. Odrysowali i wyci\u0119li z kartonu kszta\u0142t d\u0142oni wraz z przedramieniem, na kt\u00f3rym umie\u015bcili paski kolorowego papieru z zapisanymi na nich trudnymi wyrazami. Powsta\u0142a kolorowa pomoc dydaktyczna, dzi\u0119ki kt\u00f3rej mo\u017cna utrwali\u0107 pisowni\u0119 wyraz\u00f3w z \u201eu-\u00f3\u201d, \u201ech-h\u201d, \u201erz-\u017c\u201d . Z prac wykonano wystaw\u0119. Udzia\u0142 w zaj\u0119ciach by\u0142 okazj\u0105 do nauki, ale tak\u017ce do wsp\u00f3lnej zabawy, kt\u00f3ra przynios\u0142a wiele rado\u015bci.<\/span><\/span><\/p>\n<p align=\"LEFT\"><span style=\"color: #000066;\">\u201e<span style=\"font-family: Arial, sans-serif;\">Klub Ortograffiti\u201d to innowacja pedagogiczna, maj\u0105ca na celu udzielanie pomocy psychologiczno-pedagogicznej w spos\u00f3b nowatorski i atrakcyjny dla dzieci. Celem podj\u0119tej dzia\u0142alno\u015bci jest mi\u0119dzy innymi kszta\u0142towanie kompetencji kluczowych u uczni\u00f3w oraz w\u0142\u0105czanie Klubowicz\u00f3w w organizacj\u0119 dzia\u0142a\u0144 maj\u0105cych wymiar edukacyjny na forum szko\u0142y.<\/span><\/span><\/p>\n<p style=\"text-align: right;\" align=\"LEFT\"><span style=\"color: #000066;\"><span style=\"font-family: Arial, sans-serif;\"> Opiekun \u201eKlubu Ortograffiti\u201d Marta Kuczy\u0144ska<\/span><\/span><\/p>\nngg_shortcode_0_placeholder\n","protected":false},"excerpt":{"rendered":"<p>W dniu 05.02.2020r. cz\u0142onkowie \u201eKlubu Ortograffiti\u201d, dzia\u0142aj\u0105cego w Szkole Podstawowej Nr 1 w Hrubieszowie, zach\u0119cili uczni\u00f3w z klasy III b (wych. p. Katarzyna Sztuk), do udzia\u0142u w projekcie edukacyjnym pt. \u201eOrtograficzne bransoletki\u201d. Podczas zaj\u0119\u0107, trzecioklasi\u015bci samodzielnie wykonywali prac\u0119 plastyczno-techniczn\u0105: \u201eortograficzne bransoletki\u201d. Uczniowie opracowali z pomoc\u0105 nauczycieli baz\u0119 wyraz\u00f3w z trudno\u015bci\u0105 ortograficzn\u0105, dok\u0142adnie sprawdzaj\u0105c poprawno\u015b\u0107 ich [&hellip;]<\/p>\n","protected":false},"author":2,"featured_media":0,"parent":2167,"menu_order":0,"comment_status":"closed","ping_status":"closed","template":"","meta":{"ngg_post_thumbnail":0,"footnotes":""},"class_list":["post-4362","page","type-page","status-publish","hentry"],"_links":{"self":[{"href":"https:\/\/sp1hrubieszow.pl\/index.php\/wp-json\/wp\/v2\/pages\/4362","targetHints":{"allow":["GET"]}}],"collection":[{"href":"https:\/\/sp1hrubieszow.pl\/index.php\/wp-json\/wp\/v2\/pages"}],"about":[{"href":"https:\/\/sp1hrubieszow.pl\/index.php\/wp-json\/wp\/v2\/types\/page"}],"author":[{"embeddable":true,"href":"https:\/\/sp1hrubieszow.pl\/index.php\/wp-json\/wp\/v2\/users\/2"}],"replies":[{"embeddable":true,"href":"https:\/\/sp1hrubieszow.pl\/index.php\/wp-json\/wp\/v2\/comments?post=4362"}],"version-history":[{"count":1,"href":"https:\/\/sp1hrubieszow.pl\/index.php\/wp-json\/wp\/v2\/pages\/4362\/revisions"}],"predecessor-version":[{"id":4363,"href":"https:\/\/sp1hrubieszow.pl\/index.php\/wp-json\/wp\/v2\/pages\/4362\/revisions\/4363"}],"up":[{"embeddable":true,"href":"https:\/\/sp1hrubieszow.pl\/index.php\/wp-json\/wp\/v2\/pages\/2167"}],"wp:attachment":[{"href":"https:\/\/sp1hrubieszow.pl\/index.php\/wp-json\/wp\/v2\/media?parent=4362"}],"curies":[{"name":"wp","href":"https:\/\/api.w.org\/{rel}","templated":true}]}}