{"id":4307,"date":"2020-02-04T20:28:45","date_gmt":"2020-02-04T19:28:45","guid":{"rendered":"http:\/\/sp1.hrubieszow.info\/?page_id=4307"},"modified":"2020-02-04T20:29:23","modified_gmt":"2020-02-04T19:29:23","slug":"zawod-bibliotekarz","status":"publish","type":"page","link":"https:\/\/sp1hrubieszow.pl\/index.php\/kronika-2019-2020\/zawod-bibliotekarz\/","title":{"rendered":"Zaw\u00f3d BIBLIOTEKARZ"},"content":{"rendered":"\n<p><span style=\"color: #000066;\"><span style=\"font-family: Arial, sans-serif;\"><span style=\"font-size: medium;\">29.01.2019r w Szkole Podstawowej Nr 1 w Hrubieszowie na zaj\u0119ciach z doradztwa zawodowego w klasie 8b i 8c go\u015bcili\u015bmy Pani\u0105 Aleksandr\u0119 Kopczy\u0144sk\u0105 \u2013 nieszablonowego przedstawiciela zawodu bibliotekarz. Pani Aleksandra Kopczy\u0144ska od wielu lat pracownik Biblioteki Pedagogicznej, a od niedawna Miejskiej Biblioteki Publicznej w Hrubieszowie przybli\u017cy\u0142a uczniom tajniki pracy, kt\u00f3r\u0105 z zami\u0142owaniem wykonuje. Nasz go\u015b\u0107 pokaza\u0142, \u017ce praca bibliotekarza mo\u017ce by\u0107 ciekawa, czasami zaskakuj\u0105ca, ale przede wszystkim pasjonuj\u0105ca. Pani Aleksandra udowodni\u0142a, \u017ce aby \u201cby\u0107\u201d w&nbsp;czym\u015b dobrym, trzeba najpierw \u201csta\u0107 si\u0119\u201d dobrym. <\/span><\/span><\/span><\/p>\n<p style=\"text-align: center;\"><span style=\"color: #000066;\"><span style=\"font-family: Arial, sans-serif;\"><span style=\"font-size: medium;\">Jeszcze raz dzi\u0119kujemy za wizyt\u0119 w naszej szkole.<\/span><\/span><\/span><\/p>\n<p style=\"text-align: right;\"><span style=\"color: #000066;\"><span style=\"font-family: Arial, sans-serif;\"><span style=\"font-size: medium;\">Arleta Kowalska<\/span><\/span><\/span><\/p>\nngg_shortcode_0_placeholder\n","protected":false},"excerpt":{"rendered":"<p>29.01.2019r w Szkole Podstawowej Nr 1 w Hrubieszowie na zaj\u0119ciach z doradztwa zawodowego w klasie 8b i 8c go\u015bcili\u015bmy Pani\u0105 Aleksandr\u0119 Kopczy\u0144sk\u0105 \u2013 nieszablonowego przedstawiciela zawodu bibliotekarz. Pani Aleksandra Kopczy\u0144ska od wielu lat pracownik Biblioteki Pedagogicznej, a od niedawna Miejskiej Biblioteki Publicznej w Hrubieszowie przybli\u017cy\u0142a uczniom tajniki pracy, kt\u00f3r\u0105 z zami\u0142owaniem wykonuje. Nasz go\u015b\u0107 pokaza\u0142, [&hellip;]<\/p>\n","protected":false},"author":2,"featured_media":0,"parent":2167,"menu_order":0,"comment_status":"closed","ping_status":"closed","template":"","meta":{"ngg_post_thumbnail":0,"footnotes":""},"class_list":["post-4307","page","type-page","status-publish","hentry"],"_links":{"self":[{"href":"https:\/\/sp1hrubieszow.pl\/index.php\/wp-json\/wp\/v2\/pages\/4307","targetHints":{"allow":["GET"]}}],"collection":[{"href":"https:\/\/sp1hrubieszow.pl\/index.php\/wp-json\/wp\/v2\/pages"}],"about":[{"href":"https:\/\/sp1hrubieszow.pl\/index.php\/wp-json\/wp\/v2\/types\/page"}],"author":[{"embeddable":true,"href":"https:\/\/sp1hrubieszow.pl\/index.php\/wp-json\/wp\/v2\/users\/2"}],"replies":[{"embeddable":true,"href":"https:\/\/sp1hrubieszow.pl\/index.php\/wp-json\/wp\/v2\/comments?post=4307"}],"version-history":[{"count":1,"href":"https:\/\/sp1hrubieszow.pl\/index.php\/wp-json\/wp\/v2\/pages\/4307\/revisions"}],"predecessor-version":[{"id":4308,"href":"https:\/\/sp1hrubieszow.pl\/index.php\/wp-json\/wp\/v2\/pages\/4307\/revisions\/4308"}],"up":[{"embeddable":true,"href":"https:\/\/sp1hrubieszow.pl\/index.php\/wp-json\/wp\/v2\/pages\/2167"}],"wp:attachment":[{"href":"https:\/\/sp1hrubieszow.pl\/index.php\/wp-json\/wp\/v2\/media?parent=4307"}],"curies":[{"name":"wp","href":"https:\/\/api.w.org\/{rel}","templated":true}]}}