{"id":4296,"date":"2020-02-04T20:20:31","date_gmt":"2020-02-04T19:20:31","guid":{"rendered":"http:\/\/sp1.hrubieszow.info\/?page_id=4296"},"modified":"2020-02-04T20:21:06","modified_gmt":"2020-02-04T19:21:06","slug":"f1n-puchar-polski-rozpoczety","status":"publish","type":"page","link":"https:\/\/sp1hrubieszow.pl\/index.php\/kronika-2019-2020\/f1n-puchar-polski-rozpoczety\/","title":{"rendered":"F1N PUCHAR POLSKI ROZPOCZ\u0118TY"},"content":{"rendered":"\n<p align=\"JUSTIFY\"><span style=\"color: #000066;\"><span style=\"font-family: Arial, sans-serif;\"><span style=\"font-size: medium;\">W dniu 01.02.2020r. w Hrubieszowskim O\u015brodku Sportu i Rekreacji odby\u0142y si\u0119 XIII&nbsp;Og\u00f3lnopolskie Zawody Modeli Szybowc\u00f3w Halowych klasy F1N, zaliczane do punktacji Pucharu Polski. Organizatorem by\u0142 Uczniowski Klub Sportowy \u201eJedynka\u201d w Hrubieszowie, przy wsparciu Urz\u0119du Miasta, Hrubieszowskiego O\u015brodka Sportu i Rekreacji oraz Szko\u0142y Podstawowej Nr 1 w Hrubieszowie. Udzia\u0142 w&nbsp;zawodach zg\u0142osili modelarze z Bierunia, Che\u0142ma, Chrzanowa, Gliwic, Krakowa, Wysokiego, Tarnobrzega, Stalowej Woli, Suwa\u0142k, Warszawy, Zamo\u015bcia i&nbsp;Hrubieszowa w&nbsp;\u0142\u0105cznej liczbie ponad 70 zawodnik\u00f3w. <\/span><\/span><\/span><\/p>\n<p align=\"JUSTIFY\"><span style=\"color: #000066;\"><span style=\"font-family: Arial, sans-serif;\"><span style=\"font-size: medium;\">Wyniki jakie zosta\u0142y uzyskane w&nbsp;Hrubieszowie:<\/span><\/span><\/span><\/p>\n<p><span style=\"color: #000066;\"><span style=\"font-family: Arial, sans-serif;\"><span style=\"font-size: medium;\"><u>Kategoria M\u0142odzik<\/u><\/span><\/span><\/span><\/p>\n<p><span style=\"color: #000066;\"><span style=\"font-family: Arial, sans-serif;\"><span style=\"font-size: medium;\">I miejsce \u0141ubek Julia \u2013 Modelarnia LOK Bieru\u0144<\/span><\/span><\/span><\/p>\n<p><span style=\"color: #000066;\"><span style=\"font-family: Arial, sans-serif;\"><span style=\"font-size: medium;\">II miejsce Lew Khukhrianski \u2013 Modelarnia LOK Bieru\u0144 <\/span><\/span><\/span><\/p>\n<p><span style=\"color: #000066;\"><span style=\"font-family: Arial, sans-serif;\"><span style=\"font-size: medium;\">III miejsce Jasi\u0144ska Julia \u2013 Modelarnia LOK Bieru\u0144<\/span><\/span><\/span><\/p>\n<p><span style=\"color: #000066;\"><span style=\"font-family: Arial, sans-serif;\"><span style=\"font-size: medium;\"><u>Kategoria M\u0142odzik Dziewcz\u0119ta<\/u><\/span><\/span><\/span><\/p>\n<p><span style=\"color: #000066;\"><span style=\"font-family: Arial, sans-serif;\"><span style=\"font-size: medium;\">I miejsce \u0141ubek Julia \u2013 Modelarnia LOK Bieru\u0144<\/span><\/span><\/span><\/p>\n<p><span style=\"color: #000066;\"><span style=\"font-family: Arial, sans-serif;\"><span style=\"font-size: medium;\">II miejsce Jasi\u0144ska Julia \u2013 Modelarnia LOK Bieru\u0144 <\/span><\/span><\/span><\/p>\n<p><span style=\"color: #000066;\"><span style=\"font-family: Arial, sans-serif;\"><span style=\"font-size: medium;\">III miejsce \u017bak Marlena \u2013 KM Tarnobrzeg<\/span><\/span><\/span><\/p>\n<p><span style=\"color: #000066;\"><span style=\"font-family: Arial, sans-serif;\"><span style=\"font-size: medium;\"><u>Kategoria Junior M\u0142odszy<\/u><\/span><\/span><\/span><\/p>\n<p><span style=\"color: #000066;\"><span style=\"font-family: Arial, sans-serif;\"><span style=\"font-size: medium;\">I miejsce Truchan Grzegorz \u2013 OSiR Suwa\u0142ki <\/span><\/span><\/span><\/p>\n<p><span style=\"color: #000066;\"><span style=\"font-family: Arial, sans-serif;\"><span style=\"font-size: medium;\">II miejsce Durkalec Barbara \u2013 Gliwice SML<\/span><\/span><\/span><\/p>\n<p><span style=\"color: #000066;\"><span style=\"font-family: Arial, sans-serif;\"><span style=\"font-size: medium;\">III miejsce Kaczmarek Kacper \u2013 UKS \u201eJedynka\u201d Hrubiesz\u00f3w <\/span><\/span><\/span><\/p>\n<p><span style=\"color: #000066;\"><span style=\"font-family: Arial, sans-serif;\"><span style=\"font-size: medium;\"><u>Kategoria Junior<\/u><\/span><\/span><\/span><\/p>\n<p><span style=\"color: #000066;\"><span style=\"font-family: Arial, sans-serif;\"><span style=\"font-size: medium;\">I miejsce Rudzi\u0144ski Filip \u2013 OSiR Suwa\u0142ki <\/span><\/span><\/span><\/p>\n<p><span style=\"color: #000066;\"><span style=\"font-family: Arial, sans-serif;\"><span style=\"font-size: medium;\">II miejsce Paciejewski Stanis\u0142aw \u2013 Aeroklub Warszawski <\/span><\/span><\/span><\/p>\n<p><span style=\"color: #000066;\"><span style=\"font-family: Arial, sans-serif;\"><span style=\"font-size: medium;\">III miejsce Stasiulewicz Piotr \u2013 Aeroklub Warszawski <\/span><\/span><\/span><\/p>\n<p><span style=\"color: #000066;\"><span style=\"font-family: Arial, sans-serif;\"><span style=\"font-size: medium;\"><u>Kategoria Senior<\/u><\/span><\/span><\/span><\/p>\n<p><span style=\"color: #000066;\"><span style=\"font-family: Arial, sans-serif;\"><span style=\"font-size: medium;\">I miejsce Truchan S\u0142awomir \u2013 OSiR Suwa\u0142ki<\/span><\/span><\/span><\/p>\n<p><span style=\"color: #000066;\"><span style=\"font-family: Arial, sans-serif;\"><span style=\"font-size: medium;\">II miejsce Nyk Bartosz \u2013 Aeroklub Warszawski <\/span><\/span><\/span><\/p>\n<p><span style=\"color: #000066;\"><span style=\"font-family: Arial, sans-serif;\"><span style=\"font-size: medium;\">III miejsce Jaroszak Mariusz \u2013 Aeroklub Stalowowolski<\/span><\/span><\/span><\/p>\n<p><span style=\"color: #000066;\"><span style=\"font-family: Arial, sans-serif;\"><span style=\"font-size: medium;\"><u>Kategoria Open<\/u><\/span><\/span><\/span><\/p>\n<p><span style=\"color: #000066;\"><span style=\"font-family: Arial, sans-serif;\"><span style=\"font-size: medium;\">I miejsce Kalinowski Marek \u2013 Modelarnia Bieru\u0144<\/span><\/span><\/span><\/p>\n<p><span style=\"color: #000066;\"><span style=\"font-family: Arial, sans-serif;\"><span style=\"font-size: medium;\">II miejsce Bikowski Roman \u2013 SM J. Zamoyskiego Zamo\u015b\u0107 <\/span><\/span><\/span><\/p>\n<p><span style=\"color: #000066;\"><span style=\"font-family: Arial, sans-serif;\"><span style=\"font-size: medium;\">III miejsce Mos\u00f3r Stanis\u0142aw \u2013 SM J. Zamoyskiego Zamo\u015b\u0107<\/span><\/span><\/span><\/p>\n<p align=\"JUSTIFY\"><span style=\"color: #000066;\"><span style=\"font-family: Arial, sans-serif;\"><span style=\"font-size: medium;\">Zawody o godz. 10<\/span><sup><span style=\"font-size: medium;\"><u>15<\/u><\/span><\/sup><span style=\"font-size: medium;\"> rozpocz\u0105\u0142 Pan Marek Watras &#8211; Dyrektor Hrubieszowskiego O\u015brodka Sportu i Rekreacji w Hrubieszowie. Przywita\u0142 przyby\u0142ych zawodnik\u00f3w i prowadz\u0105cych zawody. Przekaza\u0142 uczestnikom \u017cyczenia osi\u0105gni\u0119cia jak najlepszych wynik\u00f3w sportowych w walce fair play i da\u0142 sygna\u0142 do rozpocz\u0119cia zawod\u00f3w. <\/span><\/span><\/span><\/p>\n<p align=\"JUSTIFY\"><span style=\"color: #000066;\"><span style=\"font-family: Arial, sans-serif;\"><span style=\"font-size: medium;\">Zawody przeprowadzono w kategoriach wiekowych: m\u0142odzik, m\u0142odzik dziewcz\u0119ta, junior m\u0142odszy, junior, senior i grupa open czyli zawodnicy, kt\u00f3rzy nie posiadaj\u0105 licencji sportowej, a&nbsp;chc\u0105 uczestniczy\u0107 w zawodach.<\/span><\/span><\/span><\/p>\n<p align=\"JUSTIFY\"><span style=\"color: #000066;\"><span style=\"font-family: Arial, sans-serif;\"><span style=\"font-size: medium;\">Ka\u017cdy zawodnik wykona\u0142 po trzy rzuty w trzech kolejkach. <\/span><\/span><\/span><\/p>\n<p align=\"JUSTIFY\"><span style=\"color: #000066;\"><span style=\"font-family: Arial, sans-serif;\"><span style=\"font-size: medium;\">Ocena ko\u0144cowa zawodnika to <\/span><span style=\"font-size: medium;\"><b>suma czas\u00f3w trzech najlepszych lot\u00f3w<\/b><\/span><span style=\"font-size: medium;\">. <\/span><\/span><\/span><\/p>\n<p align=\"JUSTIFY\"><span style=\"color: #000066;\"><span style=\"font-family: Arial, sans-serif;\"><span style=\"font-size: medium;\">Kierownikiem Zawod\u00f3w by\u0142 Pan Tomasz Magdziak, S\u0119dzi\u0105 G\u0142\u00f3wnym Zawod\u00f3w Pan&nbsp;Leszek Kryszczuk. <\/span><\/span><\/span><\/p>\n<p align=\"JUSTIFY\"><span style=\"color: #000066;\"><span style=\"font-family: Arial, sans-serif;\"><span style=\"font-size: medium;\">Pocz\u0105tek roku 2020 i pierwsze zawody modeli klasy F1N zaliczane do punktacji Pucharu Polski okaza\u0142y si\u0119 bardzo przychylne dla naszych modelarzy w&nbsp;zdobywaniu dobrych wynik\u00f3w. <\/span><\/span><\/span><\/p>\n<p align=\"JUSTIFY\"><span style=\"color: #000066;\"><span style=\"font-family: Arial, sans-serif;\"><span style=\"font-size: medium;\">Dzi\u0119kujemy wszystkim osobom, kt\u00f3re zaanga\u017cowa\u0142y si\u0119 w przygotowanie i&nbsp;organizacj\u0119 zawod\u00f3w modelarskich w Hrubieszowie tj. Burmistrzowi Miasta Pani Marcie Majewskiej za obj\u0119cie honorowego patronatu zawod\u00f3w, Dyrektorowi Hrubieszowskiego O\u015brodka Sportu i&nbsp;Rekreacji Panu Markowi Watrasowi wraz z&nbsp;pracownikami, Pani Dyrektor Szko\u0142y Podstawowej Nr 1 w&nbsp;Hrubieszowie Edycie Kucharskiej, Panu Mariuszowi Malonowi, Panu Ryszardowi Nowakowi oraz rodzicom uczestnik\u00f3w.<\/span><\/span><\/span><\/p>\n<p align=\"JUSTIFY\"><span style=\"color: #000066;\"><span style=\"font-family: Arial, sans-serif;\"><span style=\"font-size: medium;\">Szczeg\u00f3lne podzi\u0119kowanie sk\u0142adamy sponsorom: Zapiekanki u Szkaleja, Agencja Artystyczno-Weselna BRUNO&#8221;, Dom Weselny &#8222;U ch\u0142opa&#8221; Emil,Tomasz Gniecki, Firmie Masarnia z Ubojni\u0105 Pana Adama Kurantowicza oraz Panu Zbigniewowi Lebiedowiczowi. <\/span><\/span><\/span><\/p>\n<p style=\"text-align: right;\" align=\"JUSTIFY\"><span style=\"color: #000066;\"><span style=\"font-family: Arial, sans-serif;\"><span style=\"font-size: medium;\">Instruktor Modelarstwa Lotniczego<\/span><\/span><\/span><\/p>\n<p style=\"text-align: right;\" align=\"JUSTIFY\"><span style=\"color: #000066;\"><span style=\"font-family: Arial, sans-serif;\"><span style=\"font-size: medium;\">Leszek Kryszczuk<\/span><\/span><\/span><\/p>\nngg_shortcode_0_placeholder\n","protected":false},"excerpt":{"rendered":"<p>W dniu 01.02.2020r. w Hrubieszowskim O\u015brodku Sportu i Rekreacji odby\u0142y si\u0119 XIII&nbsp;Og\u00f3lnopolskie Zawody Modeli Szybowc\u00f3w Halowych klasy F1N, zaliczane do punktacji Pucharu Polski. Organizatorem by\u0142 Uczniowski Klub Sportowy \u201eJedynka\u201d w Hrubieszowie, przy wsparciu Urz\u0119du Miasta, Hrubieszowskiego O\u015brodka Sportu i Rekreacji oraz Szko\u0142y Podstawowej Nr 1 w Hrubieszowie. Udzia\u0142 w&nbsp;zawodach zg\u0142osili modelarze z Bierunia, Che\u0142ma, Chrzanowa, [&hellip;]<\/p>\n","protected":false},"author":2,"featured_media":0,"parent":2167,"menu_order":0,"comment_status":"closed","ping_status":"closed","template":"","meta":{"ngg_post_thumbnail":0,"footnotes":""},"class_list":["post-4296","page","type-page","status-publish","hentry"],"_links":{"self":[{"href":"https:\/\/sp1hrubieszow.pl\/index.php\/wp-json\/wp\/v2\/pages\/4296","targetHints":{"allow":["GET"]}}],"collection":[{"href":"https:\/\/sp1hrubieszow.pl\/index.php\/wp-json\/wp\/v2\/pages"}],"about":[{"href":"https:\/\/sp1hrubieszow.pl\/index.php\/wp-json\/wp\/v2\/types\/page"}],"author":[{"embeddable":true,"href":"https:\/\/sp1hrubieszow.pl\/index.php\/wp-json\/wp\/v2\/users\/2"}],"replies":[{"embeddable":true,"href":"https:\/\/sp1hrubieszow.pl\/index.php\/wp-json\/wp\/v2\/comments?post=4296"}],"version-history":[{"count":1,"href":"https:\/\/sp1hrubieszow.pl\/index.php\/wp-json\/wp\/v2\/pages\/4296\/revisions"}],"predecessor-version":[{"id":4297,"href":"https:\/\/sp1hrubieszow.pl\/index.php\/wp-json\/wp\/v2\/pages\/4296\/revisions\/4297"}],"up":[{"embeddable":true,"href":"https:\/\/sp1hrubieszow.pl\/index.php\/wp-json\/wp\/v2\/pages\/2167"}],"wp:attachment":[{"href":"https:\/\/sp1hrubieszow.pl\/index.php\/wp-json\/wp\/v2\/media?parent=4296"}],"curies":[{"name":"wp","href":"https:\/\/api.w.org\/{rel}","templated":true}]}}