{"id":428,"date":"2019-04-03T10:57:44","date_gmt":"2019-04-03T08:57:44","guid":{"rendered":"http:\/\/sp1.hrubieszow.info\/?page_id=428"},"modified":"2019-04-03T11:12:18","modified_gmt":"2019-04-03T09:12:18","slug":"dzien-otwarty-poradni-psychologiczno-pedagogicznej-w-hrubieszowie","status":"publish","type":"page","link":"https:\/\/sp1hrubieszow.pl\/index.php\/nauczyciele\/pedagog\/pedagog-2019\/dzien-otwarty-poradni-psychologiczno-pedagogicznej-w-hrubieszowie\/","title":{"rendered":"Dzie\u0144 Otwarty Poradni Psychologiczno-Pedagogicznej w Hrubieszowie"},"content":{"rendered":"\n<p><span style=\"color: #000080;\"><strong>Dzie\u0144 Otwarty Poradni Psychologiczno-Pedagogicznej w Hrubieszowie<\/strong><\/span><\/p>\n<p style=\"text-align: justify;\"><span style=\"color: #000080;\">Dnia 25.04.2019r. odby\u0142&nbsp; si\u0119 Dzie\u0144 Otwarty Poradni Psychologiczno-Pedagogicznej, <\/span><br><span style=\"color: #000080;\">w kt\u00f3rym wzi\u0119li udzia\u0142 przedstawiciele SP nr 1 w Hrubieszowie. Uczniowie klasy 4a wraz <\/span><br><span style=\"color: #000080;\">z wychowawc\u0105 oraz pedagogiem szkolnym uczestniczyli w zaj\u0119ciach profilaktycznych pt. \u201eHejt\u201d, kt\u00f3re przeprowadzi\u0142a pani psycholog Maria Malicka.<\/span><br><span style=\"color: #000080;\">Uczestnicy spotkania poprzez udzia\u0142 w zaj\u0119ciach u\u015bwiadomili sobie zasady bezpiecznego korzystania z Internetu oraz przyjmowania w\u0142a\u015bciwej postawy w obliczu hejtu, z jakim mog\u0105 si\u0119 spotka\u0107 jako u\u017cytkownicy sieci. Uczniowie klasy 2 b wraz z wychowawczyni\u0105 oraz mam\u0105 jednego z uczni\u00f3w uczestniczyli w \u201eSpotkaniu z bajk\u0105&#8221;,&nbsp; kt\u00f3re prowadzi\u0142a pani pedagog Ma\u0142gorzata Bara\u0144ska. Zaj\u0119cia bardzo podoba\u0142y si\u0119 wszystkim uczniom, a w\u0142asnor\u0119cznie przez dzieci wykonane korony zosta\u0142y zawieszone na gazetce klasowej i s\u0105 ozdob\u0105 sali lekcyjnej. Dodatkow\u0105 atrakcj\u0105 dla uczni\u00f3w okaza\u0142 si\u0119 pobyt w sali zabaw.<\/span><br><span style=\"color: #000080;\">Dzi\u0119kujemy za zaproszenie!<\/span><\/p>\nngg_shortcode_0_placeholder\n","protected":false},"excerpt":{"rendered":"<p>Dzie\u0144 Otwarty Poradni Psychologiczno-Pedagogicznej w Hrubieszowie Dnia 25.04.2019r. odby\u0142&nbsp; si\u0119 Dzie\u0144 Otwarty Poradni Psychologiczno-Pedagogicznej, w kt\u00f3rym wzi\u0119li udzia\u0142 przedstawiciele SP nr 1 w Hrubieszowie. Uczniowie klasy 4a wraz z wychowawc\u0105 oraz pedagogiem szkolnym uczestniczyli w zaj\u0119ciach profilaktycznych pt. \u201eHejt\u201d, kt\u00f3re przeprowadzi\u0142a pani psycholog Maria Malicka.Uczestnicy spotkania poprzez udzia\u0142 w zaj\u0119ciach u\u015bwiadomili sobie zasady bezpiecznego korzystania [&hellip;]<\/p>\n","protected":false},"author":1,"featured_media":0,"parent":75,"menu_order":2,"comment_status":"closed","ping_status":"closed","template":"","meta":{"ngg_post_thumbnail":0,"footnotes":""},"class_list":["post-428","page","type-page","status-publish","hentry"],"_links":{"self":[{"href":"https:\/\/sp1hrubieszow.pl\/index.php\/wp-json\/wp\/v2\/pages\/428","targetHints":{"allow":["GET"]}}],"collection":[{"href":"https:\/\/sp1hrubieszow.pl\/index.php\/wp-json\/wp\/v2\/pages"}],"about":[{"href":"https:\/\/sp1hrubieszow.pl\/index.php\/wp-json\/wp\/v2\/types\/page"}],"author":[{"embeddable":true,"href":"https:\/\/sp1hrubieszow.pl\/index.php\/wp-json\/wp\/v2\/users\/1"}],"replies":[{"embeddable":true,"href":"https:\/\/sp1hrubieszow.pl\/index.php\/wp-json\/wp\/v2\/comments?post=428"}],"version-history":[{"count":2,"href":"https:\/\/sp1hrubieszow.pl\/index.php\/wp-json\/wp\/v2\/pages\/428\/revisions"}],"predecessor-version":[{"id":451,"href":"https:\/\/sp1hrubieszow.pl\/index.php\/wp-json\/wp\/v2\/pages\/428\/revisions\/451"}],"up":[{"embeddable":true,"href":"https:\/\/sp1hrubieszow.pl\/index.php\/wp-json\/wp\/v2\/pages\/75"}],"wp:attachment":[{"href":"https:\/\/sp1hrubieszow.pl\/index.php\/wp-json\/wp\/v2\/media?parent=428"}],"curies":[{"name":"wp","href":"https:\/\/api.w.org\/{rel}","templated":true}]}}