{"id":4147,"date":"2020-02-04T20:05:20","date_gmt":"2020-02-04T19:05:20","guid":{"rendered":"http:\/\/sp1.hrubieszow.info\/?page_id=4147"},"modified":"2020-02-10T19:06:21","modified_gmt":"2020-02-10T18:06:21","slug":"w-grudniowy-dzien","status":"publish","type":"page","link":"https:\/\/sp1hrubieszow.pl\/index.php\/kronika-2019-2020\/w-grudniowy-dzien\/","title":{"rendered":"&#8222;W grudniowy dzie\u0144&#8221;"},"content":{"rendered":"\n<p><span style=\"color: #000066;\"><span style=\"font-family: Arial, sans-serif;\"><span style=\"font-size: large;\">31 stycznia w Hrubieszowskim Domu Kultury zosta\u0142y wr\u0119czone nagrody w miejskim konkursie plastycznym &#8222;W grudniowy dzie\u0144&#8221;. Zosta\u0142o zg\u0142oszonych oko\u0142o 280 prac i z naszej szko\u0142y trzy uczennice: Karolina Danilczuk (p.M. Serafin) z klasy 2a i Lena Ni\u017anikowska (p.J.Bartnik) z klasy 1c oraz Magdalena Skubisz z klasy 1c (opiekun p. E. Watras z Ko\u0142a plastycznego HDK) zosta\u0142y laureatkami konkursu. <\/span><\/span><\/span><\/p>\n<p style=\"text-align: center;\"><span style=\"color: #000066;\"><span style=\"font-family: Arial, sans-serif;\"><span style=\"font-size: large;\">Gratulujemy!<\/span><\/span><\/span><\/p>\nngg_shortcode_0_placeholder\nngg_shortcode_1_placeholder\n","protected":false},"excerpt":{"rendered":"<p>31 stycznia w Hrubieszowskim Domu Kultury zosta\u0142y wr\u0119czone nagrody w miejskim konkursie plastycznym &#8222;W grudniowy dzie\u0144&#8221;. Zosta\u0142o zg\u0142oszonych oko\u0142o 280 prac i z naszej szko\u0142y trzy uczennice: Karolina Danilczuk (p.M. Serafin) z klasy 2a i Lena Ni\u017anikowska (p.J.Bartnik) z klasy 1c oraz Magdalena Skubisz z klasy 1c (opiekun p. E. Watras z Ko\u0142a plastycznego HDK) [&hellip;]<\/p>\n","protected":false},"author":2,"featured_media":0,"parent":2167,"menu_order":0,"comment_status":"closed","ping_status":"closed","template":"","meta":{"ngg_post_thumbnail":0,"footnotes":""},"class_list":["post-4147","page","type-page","status-publish","hentry"],"_links":{"self":[{"href":"https:\/\/sp1hrubieszow.pl\/index.php\/wp-json\/wp\/v2\/pages\/4147","targetHints":{"allow":["GET"]}}],"collection":[{"href":"https:\/\/sp1hrubieszow.pl\/index.php\/wp-json\/wp\/v2\/pages"}],"about":[{"href":"https:\/\/sp1hrubieszow.pl\/index.php\/wp-json\/wp\/v2\/types\/page"}],"author":[{"embeddable":true,"href":"https:\/\/sp1hrubieszow.pl\/index.php\/wp-json\/wp\/v2\/users\/2"}],"replies":[{"embeddable":true,"href":"https:\/\/sp1hrubieszow.pl\/index.php\/wp-json\/wp\/v2\/comments?post=4147"}],"version-history":[{"count":3,"href":"https:\/\/sp1hrubieszow.pl\/index.php\/wp-json\/wp\/v2\/pages\/4147\/revisions"}],"predecessor-version":[{"id":4369,"href":"https:\/\/sp1hrubieszow.pl\/index.php\/wp-json\/wp\/v2\/pages\/4147\/revisions\/4369"}],"up":[{"embeddable":true,"href":"https:\/\/sp1hrubieszow.pl\/index.php\/wp-json\/wp\/v2\/pages\/2167"}],"wp:attachment":[{"href":"https:\/\/sp1hrubieszow.pl\/index.php\/wp-json\/wp\/v2\/media?parent=4147"}],"curies":[{"name":"wp","href":"https:\/\/api.w.org\/{rel}","templated":true}]}}