{"id":4122,"date":"2020-02-03T16:23:49","date_gmt":"2020-02-03T15:23:49","guid":{"rendered":"http:\/\/sp1.hrubieszow.info\/?page_id=4122"},"modified":"2020-02-03T16:24:19","modified_gmt":"2020-02-03T15:24:19","slug":"rekrutacja-na-rok-szkolny-2020-2021","status":"publish","type":"page","link":"https:\/\/sp1hrubieszow.pl\/index.php\/kronika-2019-2020\/rekrutacja-na-rok-szkolny-2020-2021\/","title":{"rendered":"Rekrutacja na rok szkolny 2020\/2021"},"content":{"rendered":"\n<p><img loading=\"lazy\" decoding=\"async\" class=\"alignnone size-full wp-image-4121\" src=\"http:\/\/sp1.hrubieszow.info\/wp-content\/uploads\/2020\/02\/sp.jpg\" alt=\"\" width=\"173\" height=\"292\"><\/p>\n<p align=\"CENTER\"><span style=\"color: #000066;\"><span style=\"font-family: Arial, sans-serif;\"><span style=\"font-size: medium;\"><b>Szko\u0142a Podstawowa Nr 1<\/b><\/span><\/span><\/span><\/p>\n<p align=\"CENTER\"><span style=\"color: #000066;\"><span style=\"font-family: Arial, sans-serif;\"><span style=\"font-size: medium;\"><b>og\u0142asza zapisy dzieci z rocznika 2014 do grupy 0<\/b><\/span><\/span><\/span><\/p>\n<p align=\"CENTER\"><span style=\"color: #000066;\"><span style=\"font-family: Arial, sans-serif;\"><span style=\"font-size: medium;\"><b>oraz dzieci z rocznika 2013 do klasy pierwszej<\/b><\/span><\/span><\/span><\/p>\n<p align=\"CENTER\"><span style=\"color: #000066;\"><span style=\"font-family: Arial, sans-serif;\"><span style=\"font-size: medium;\"><b>w roku szkolnym 2020\/2021<\/b><\/span><\/span><\/span><\/p>\n<p align=\"CENTER\"><span style=\"color: #000066;\"><span style=\"font-family: Arial, sans-serif;\"><span style=\"font-size: medium;\">Je\u015bli pragn\u0105 Pa\u0144stwo zapewni\u0107 swemu dziecku wysoki poziom nauczania oraz mo\u017cliwo\u015b\u0107 rozwijania w\u0142asnych zainteresowa\u0144, w mi\u0142ej, serdecznej atmosferze, <br>pod okiem wykwalifikowanej i przyjaznej kadry pedagogicznej.<br><\/span><\/span><\/span><span style=\"color: #000066;\"><span style=\"font-family: Arial, sans-serif;\"><span style=\"font-size: medium;\"><b> Nasza szko\u0142a w pe\u0142ni zaspokoi Pa\u0144stwa oczekiwania.<\/b><\/span><\/span><\/span><\/p>\n<p><strong><span style=\"color: #000066;\"><span style=\"font-family: Arial, sans-serif;\"><span style=\"font-size: medium;\"><u>Szko\u0142a zapewnia:<\/u><\/span><\/span><\/span><\/strong><\/p>\n<ul>\n<li style=\"list-style-type: none;\">\n<ul>\n<li>\n<p><span style=\"color: #000066;\"><span style=\"font-family: Arial, sans-serif;\"><span style=\"font-size: medium;\">bezpiecze\u0144stwo uczni\u00f3w,<\/span><\/span><\/span><\/p>\n<\/li>\n<\/ul>\n<\/li>\n<\/ul>\n<ul>\n<li style=\"list-style-type: none;\">\n<ul>\n<li>\n<p><span style=\"color: #000066;\"><span style=\"font-family: Arial, sans-serif;\"><span style=\"font-size: medium;\">atmosfer\u0119 w szkole sprzyjaj\u0105c\u0105 nauce, ale te\u017c zabawie i w\u0142asnej aktywno\u015bci uczni\u00f3w nastawion\u0105 na sukces wychowanka,<\/span><\/span><\/span><\/p>\n<\/li>\n<\/ul>\n<\/li>\n<\/ul>\n<ul>\n<li style=\"list-style-type: none;\">\n<ul>\n<li>\n<p><span style=\"color: #000066;\"><span style=\"font-family: Arial, sans-serif;\"><span style=\"font-size: medium;\">uczestnictwo uczni\u00f3w w realizacji innowacyjnych program\u00f3w edukacyjnych o bardzo zr\u00f3\u017cnicowanej tematyce,<\/span><\/span><\/span><\/p>\n<\/li>\n<\/ul>\n<\/li>\n<\/ul>\n<ul>\n<li style=\"list-style-type: none;\">\n<ul>\n<li>\n<p><span style=\"color: #000066;\"><span style=\"font-family: Arial, sans-serif;\"><span style=\"font-size: medium;\">zaj\u0119cia z kodowania na etapie edukacji wczesnoszkolnej,<\/span><\/span><\/span><\/p>\n<\/li>\n<\/ul>\n<\/li>\n<\/ul>\n<ul>\n<li style=\"list-style-type: none;\">\n<ul>\n<li>\n<p><span style=\"color: #000066;\"><span style=\"font-family: Arial, sans-serif;\"><span style=\"font-size: medium;\">udzia\u0142 w projektach szkolnych, wojew\u00f3dzkich i og\u00f3lnopolskich,<\/span><\/span><\/span><\/p>\n<\/li>\n<\/ul>\n<\/li>\n<\/ul>\n<ul>\n<li style=\"list-style-type: none;\">\n<ul>\n<li>\n<p><span style=\"color: #000066;\"><span style=\"font-family: Arial, sans-serif;\"><span style=\"font-size: medium;\">udzia\u0142 w konkursach o r\u00f3\u017cnej tematyce,<\/span><\/span><\/span><\/p>\n<\/li>\n<\/ul>\n<\/li>\n<\/ul>\n<ul>\n<li style=\"list-style-type: none;\">\n<ul>\n<li>\n<p><span style=\"color: #000066;\"><span style=\"font-family: Arial, sans-serif;\"><span style=\"font-size: medium;\">nauk\u0119 dw\u00f3ch j\u0119zyk\u00f3w obcych w klasach starszych (j\u0119zyk angielski, j\u0119zyk rosyjski), oraz dodatkow\u0105 godzin\u0119 j\u0119zyka angielskiego w klasie pierwszej,<\/span><\/span><\/span><\/p>\n<\/li>\n<\/ul>\n<\/li>\n<\/ul>\n<ul>\n<li style=\"list-style-type: none;\">\n<ul>\n<li>\n<p><span style=\"color: #000066;\"><span style=\"font-family: Arial, sans-serif;\"><span style=\"font-size: medium;\">bogat\u0105 ofert\u0119 zaj\u0119\u0107 dodatkowych &#8211; mo\u017cliwo\u015b\u0107 rozwoju zainteresowa\u0144 ucznia,<\/span><\/span><\/span><\/p>\n<\/li>\n<\/ul>\n<\/li>\n<\/ul>\n<ul>\n<li style=\"list-style-type: none;\">\n<ul>\n<li>\n<p><span style=\"color: #000066;\"><span style=\"font-family: Arial, sans-serif;\"><span style=\"font-size: medium;\">wycieczki edukacyjne, integracyjne,<\/span><\/span><\/span><\/p>\n<\/li>\n<\/ul>\n<\/li>\n<\/ul>\n<ul>\n<li style=\"list-style-type: none;\">\n<ul>\n<li>\n<p><span style=\"color: #000066;\"><span style=\"font-family: Arial, sans-serif;\"><span style=\"font-size: medium;\">wsp\u00f3\u0142prac\u0119 z instytucjami kulturalnymi, <\/span><\/span><\/span><\/p>\n<\/li>\n<li>\n<p><span style=\"color: #000066;\"><span style=\"font-family: Arial, sans-serif;\"><span style=\"font-size: medium;\">wsp\u00f3\u0142praca ze stowarzyszeniami dzia\u0142aj\u0105cymi na rzecz dzieci,<\/span><\/span><\/span><\/p>\n<\/li>\n<\/ul>\n<\/li>\n<\/ul>\n<ul>\n<li style=\"list-style-type: none;\">\n<ul>\n<li>\n<p><span style=\"color: #000066;\"><span style=\"font-family: Arial, sans-serif;\"><span style=\"font-size: medium;\">szans\u0119 indywidualnego rozwoju dla uczni\u00f3w zdolnych (indywidualny tok nauczania, indywidualne zaj\u0119cia z uczniami zdolnymi),<\/span><\/span><\/span><\/p>\n<\/li>\n<\/ul>\n<\/li>\n<\/ul>\n<ul>\n<li style=\"list-style-type: none;\">\n<ul>\n<li>\n<p><span style=\"color: #000066;\"><span style=\"font-family: Arial, sans-serif;\"><span style=\"font-size: medium;\">korzystanie z r\u00f3\u017cnych form pomocy rodzicom i uczniom maj\u0105cych na celu wsparcie <br>w procesie wychowania i opieki,<\/span><\/span><\/span><\/p>\n<\/li>\n<li>\n<p><span style=\"color: #000066;\"><span style=\"font-family: Arial, sans-serif;\"><span style=\"font-size: medium;\">opiek\u0119 nad dzie\u0107mi w \u015bwietlicy szkolnej w godz. 7.00 &#8211; 15.45,<\/span><\/span><\/span><\/p>\n<\/li>\n<li>\n<p><span style=\"color: #000066;\"> <span style=\"font-family: Arial, sans-serif;\"><span style=\"font-size: medium;\">zaj\u0119cia \u015bwietlicowe w formie: zabawy, gry, zaj\u0119cia plastyczne i muzyczne, <\/span><\/span><\/span><\/p>\n<\/li>\n<li>\n<p><span style=\"color: #000066;\"><span style=\"font-family: Arial, sans-serif;\"><span style=\"font-size: medium;\">dobrze wyposa\u017con\u0105 bibliotek\u0119 szkoln\u0105 z dost\u0119pem do Internetu oraz czytelni\u0119,<\/span><\/span><\/span><\/p>\n<\/li>\n<li>\n<p><span style=\"color: #000066;\"><span style=\"font-family: Arial, sans-serif;\"><span style=\"font-size: medium;\">zaj\u0119cia rekreacyjne, zaj\u0119cia z kodowaniem, zaj\u0119cia sportowe, narty sezonowo,<\/span><\/span><\/span><\/p>\n<\/li>\n<li>\n<p><span style=\"color: #000066;\"><span style=\"font-family: Arial, sans-serif;\"><span style=\"font-size: medium;\">opiek\u0119 medyczn\u0105 na terenie szko\u0142y, <\/span><\/span><\/span><\/p>\n<\/li>\n<li>\n<p><span style=\"color: #000066;\"><span style=\"font-family: Arial, sans-serif;\"><span style=\"font-size: medium;\">opiek\u0119 stomatologiczn\u0105, <\/span><\/span><\/span><\/p>\n<\/li>\n<li>\n<p><span style=\"color: #000066;\"><span style=\"font-family: Arial, sans-serif;\"><span style=\"font-size: medium;\">opiek\u0119 pedagoga i terapeuty szkolnego,<\/span><\/span><\/span><\/p>\n<\/li>\n<li>\n<p><span style=\"color: #000066;\"><span style=\"font-family: Arial, sans-serif;\"><span style=\"font-size: medium;\">aktywnie dzia\u0142aj\u0105cy Samorz\u0105d Uczniowski, Klub Ortograffiti, Teatr Pinokio, Klub Lekturynki, Szkolne Ko\u0142o Oszcz\u0119dno\u015bci , Szkolny Wolontariat, Klub Redakcyjny Gazetka \u201eJedyneczka\u201d, UKS Jedynka -Sekcja Modelarzy<\/span><\/span><\/span><\/p>\n<\/li>\n<li>\n<p><span style=\"color: #000066;\"><span style=\"font-family: Arial, sans-serif;\"><span style=\"font-size: medium;\">obiady w sto\u0142\u00f3wce szkolnej,<\/span><\/span><\/span><\/p>\n<\/li>\n<li>\n<p><span style=\"color: #000066;\"><span style=\"font-family: Arial, sans-serif;\"><span style=\"font-size: medium;\">Utworzenie klasy sportowej od klasy 1 ( uzale\u017cnione od zainteresowania kandydat\u00f3w)<\/span><\/span><\/span><\/p>\n<\/li>\n<\/ul>\n<\/li>\n<li>\n<p><span style=\"color: #000066;\"><span style=\"font-family: Arial, sans-serif;\"><span style=\"font-size: medium;\"><b>Zapraszamy na dzie\u0144 otwarty szko\u0142y 27 lutego 2020 r. w godzinach od 16.00 &#8211; 18.00<\/b><\/span><\/span><\/span><\/p>\n<\/li>\n<\/ul>\n","protected":false},"excerpt":{"rendered":"<p>Szko\u0142a Podstawowa Nr 1 og\u0142asza zapisy dzieci z rocznika 2014 do grupy 0 oraz dzieci z rocznika 2013 do klasy pierwszej w roku szkolnym 2020\/2021 Je\u015bli pragn\u0105 Pa\u0144stwo zapewni\u0107 swemu dziecku wysoki poziom nauczania oraz mo\u017cliwo\u015b\u0107 rozwijania w\u0142asnych zainteresowa\u0144, w mi\u0142ej, serdecznej atmosferze, pod okiem wykwalifikowanej i przyjaznej kadry pedagogicznej. Nasza szko\u0142a w pe\u0142ni zaspokoi [&hellip;]<\/p>\n","protected":false},"author":2,"featured_media":0,"parent":2167,"menu_order":0,"comment_status":"closed","ping_status":"closed","template":"","meta":{"ngg_post_thumbnail":0,"footnotes":""},"class_list":["post-4122","page","type-page","status-publish","hentry"],"_links":{"self":[{"href":"https:\/\/sp1hrubieszow.pl\/index.php\/wp-json\/wp\/v2\/pages\/4122","targetHints":{"allow":["GET"]}}],"collection":[{"href":"https:\/\/sp1hrubieszow.pl\/index.php\/wp-json\/wp\/v2\/pages"}],"about":[{"href":"https:\/\/sp1hrubieszow.pl\/index.php\/wp-json\/wp\/v2\/types\/page"}],"author":[{"embeddable":true,"href":"https:\/\/sp1hrubieszow.pl\/index.php\/wp-json\/wp\/v2\/users\/2"}],"replies":[{"embeddable":true,"href":"https:\/\/sp1hrubieszow.pl\/index.php\/wp-json\/wp\/v2\/comments?post=4122"}],"version-history":[{"count":1,"href":"https:\/\/sp1hrubieszow.pl\/index.php\/wp-json\/wp\/v2\/pages\/4122\/revisions"}],"predecessor-version":[{"id":4123,"href":"https:\/\/sp1hrubieszow.pl\/index.php\/wp-json\/wp\/v2\/pages\/4122\/revisions\/4123"}],"up":[{"embeddable":true,"href":"https:\/\/sp1hrubieszow.pl\/index.php\/wp-json\/wp\/v2\/pages\/2167"}],"wp:attachment":[{"href":"https:\/\/sp1hrubieszow.pl\/index.php\/wp-json\/wp\/v2\/media?parent=4122"}],"curies":[{"name":"wp","href":"https:\/\/api.w.org\/{rel}","templated":true}]}}