{"id":4112,"date":"2020-01-28T12:06:27","date_gmt":"2020-01-28T11:06:27","guid":{"rendered":"http:\/\/sp1.hrubieszow.info\/?page_id=4112"},"modified":"2020-01-28T12:19:27","modified_gmt":"2020-01-28T11:19:27","slug":"nagroda-w-konkursie-na-szkolne-kluby-liderow-myslenia-pozytywnego-dla-jedynki","status":"publish","type":"page","link":"https:\/\/sp1hrubieszow.pl\/index.php\/nauczyciele\/pedagog\/pedagog-2019\/nagroda-w-konkursie-na-szkolne-kluby-liderow-myslenia-pozytywnego-dla-jedynki\/","title":{"rendered":"Nagroda w konkursie na \u201eSzkolne Kluby Lider\u00f3w My\u015blenia Pozytywnego\u201d dla Jedynki"},"content":{"rendered":"\n<p><span style=\"color: #333399;\">Szko\u0142a Podstawowa Nr 1 im. Boles\u0142awa Prusa w Hrubieszowie, uczestnicz\u0105c\u0105&nbsp; w og\u00f3lnopolskim projekcie \u201eMy\u015bl\u0119 Pozytywnie\u201d&nbsp; zosta\u0142a nagrodzona <\/span><br><span style=\"color: #333399;\">w konkursie na plan \u201eSzkolnego Klubu Lider\u00f3w My\u015blenia Pozytywnego\u201d.<\/span><\/p>\n<p><span style=\"color: #333399;\">Nagrodzony projekt \u2013plan pracy Klubu pt. \u201e\u0141\u0105cznicy dzia\u0142alno\u015bci-stra\u017cnicy pozytywno\u015bci\u201d, zak\u0142ada aktywizowanie spo\u0142eczno\u015bci szkolnej do wdra\u017cania profilaktyki zdrowia psychicznego dzieci i m\u0142odzie\u017cy, poprzez powo\u0142anie grupy lider\u00f3w (po jednym uczniu z ka\u017cdej klasy IV-VIII), maj\u0105cej na celu pomoc <\/span><br><span style=\"color: #333399;\">w koordynowaniu&nbsp; realizacji przez poszczeg\u00f3lne klasy comiesi\u0119cznych zada\u0144, przygotowanych przez organizator\u00f3w og\u00f3lnopolskiego programu \u201eSzko\u0142a My\u015blenia Pozytywnego\u201d i projektu \u201eMy\u015bl\u0119&nbsp; Pozytywnie\u201d.<\/span><br><span style=\"color: #333399;\">Liderzy klasowi b\u0119d\u0105 mieli za zadanie informowa\u0107 swoje klasy <\/span><br><span style=\"color: #333399;\">o zaplanowanych&nbsp; dzia\u0142aniach projektowych, koordynowa\u0107 wykonanie zada\u0144, ale tak\u017ce czuwa\u0107 nad atmosfer\u0105 w klasie i organizowa\u0107 dzia\u0142ania pomocowe np. opiek\u0119 mediator\u00f3w r\u00f3wie\u015bniczych. W ramach planu pracy \u201eSzkolnego Klubu Lider\u00f3w My\u015blenia Pozytywnego\u201d ma powsta\u0107 strefa relaksu dla uczni\u00f3w.<\/span><\/p>\n<p><span style=\"color: #333399;\">Nagrod\u0105 w konkursie s\u0105 atrakcyjne pomoce, dostosowane do pomys\u0142\u00f3w zg\u0142oszonych w ramach realizacji planu pracy \u201eSzkolnego Klubu Lider\u00f3w My\u015blenia Pozytywnego\u201d, kt\u00f3re niebawem zostan\u0105 przes\u0142ane szkole przez organizatora. <\/span><br><span style=\"color: #333399;\">Projekt \u201eMy\u015bl\u0119 Pozytywnie \u201d, w kt\u00f3rym od kilku lat uczestniczy Szko\u0142a Podstawowa Nr 1 w Hrubieszowie, &nbsp;wsp\u00f3\u0142finansowany jest ze \u015brodk\u00f3w Narodowego Programu Zdrowia na lata 2016-2020 przekazanych przez Ministerstwo Edukacji Narodowej.<\/span><\/p>\n<p><span style=\"color: #333399;\">W I p\u00f3\u0142roczu roku szkolnego 2019\/2020, w SP Nr 1 w Hrubieszowie ,w ramach zadania na wrzesie\u0144 zorganizowano zaj\u0119cia wychowawcze wraz z badaniem ankietowym dotycz\u0105cym plan\u00f3w na nowy rok szkolny oraz obaw z nim zwi\u0105zanych, w ramach zadania na pa\u017adziernik, zorganizowano spotkanie <\/span><br><span style=\"color: #333399;\">z wolontariuszami organizacji pozarz\u0105dowych, dzia\u0142aj\u0105cych na rzecz dzieci <\/span><br><span style=\"color: #333399;\">i m\u0142odzie\u017cy, za\u015b w ramach zadania na listopad &nbsp;odby\u0142y si\u0119 zaj\u0119cia w klasach, wed\u0142ug scenariuszy \u201eA kiedy b\u0119d\u0119 starszy&#8230;\u201d, prowadzone przez wychowawc\u00f3w. Zadanie na grudzie\u0144 polega\u0142o na opracowaniu planu \u201eSzkolnego Klubu Lider\u00f3w My\u015blenia Pozytywnego\u201d. Autorem nagrodzonej pracy jest p. Marta Kuczy\u0144ska, pedagog szkolny, koordynator \u201eSzko\u0142y My\u015blenia Pozytywnego\u201d.<\/span><\/p>\nngg_shortcode_0_placeholder\n","protected":false},"excerpt":{"rendered":"<p>Szko\u0142a Podstawowa Nr 1 im. Boles\u0142awa Prusa w Hrubieszowie, uczestnicz\u0105c\u0105&nbsp; w og\u00f3lnopolskim projekcie \u201eMy\u015bl\u0119 Pozytywnie\u201d&nbsp; zosta\u0142a nagrodzona w konkursie na plan \u201eSzkolnego Klubu Lider\u00f3w My\u015blenia Pozytywnego\u201d. Nagrodzony projekt \u2013plan pracy Klubu pt. \u201e\u0141\u0105cznicy dzia\u0142alno\u015bci-stra\u017cnicy pozytywno\u015bci\u201d, zak\u0142ada aktywizowanie spo\u0142eczno\u015bci szkolnej do wdra\u017cania profilaktyki zdrowia psychicznego dzieci i m\u0142odzie\u017cy, poprzez powo\u0142anie grupy lider\u00f3w (po jednym uczniu z [&hellip;]<\/p>\n","protected":false},"author":1,"featured_media":0,"parent":75,"menu_order":9,"comment_status":"closed","ping_status":"closed","template":"","meta":{"ngg_post_thumbnail":0,"footnotes":""},"class_list":["post-4112","page","type-page","status-publish","hentry"],"_links":{"self":[{"href":"https:\/\/sp1hrubieszow.pl\/index.php\/wp-json\/wp\/v2\/pages\/4112","targetHints":{"allow":["GET"]}}],"collection":[{"href":"https:\/\/sp1hrubieszow.pl\/index.php\/wp-json\/wp\/v2\/pages"}],"about":[{"href":"https:\/\/sp1hrubieszow.pl\/index.php\/wp-json\/wp\/v2\/types\/page"}],"author":[{"embeddable":true,"href":"https:\/\/sp1hrubieszow.pl\/index.php\/wp-json\/wp\/v2\/users\/1"}],"replies":[{"embeddable":true,"href":"https:\/\/sp1hrubieszow.pl\/index.php\/wp-json\/wp\/v2\/comments?post=4112"}],"version-history":[{"count":1,"href":"https:\/\/sp1hrubieszow.pl\/index.php\/wp-json\/wp\/v2\/pages\/4112\/revisions"}],"predecessor-version":[{"id":4113,"href":"https:\/\/sp1hrubieszow.pl\/index.php\/wp-json\/wp\/v2\/pages\/4112\/revisions\/4113"}],"up":[{"embeddable":true,"href":"https:\/\/sp1hrubieszow.pl\/index.php\/wp-json\/wp\/v2\/pages\/75"}],"wp:attachment":[{"href":"https:\/\/sp1hrubieszow.pl\/index.php\/wp-json\/wp\/v2\/media?parent=4112"}],"curies":[{"name":"wp","href":"https:\/\/api.w.org\/{rel}","templated":true}]}}