{"id":4110,"date":"2020-01-28T12:02:14","date_gmt":"2020-01-28T11:02:14","guid":{"rendered":"http:\/\/sp1.hrubieszow.info\/?page_id=4110"},"modified":"2020-01-28T12:19:38","modified_gmt":"2020-01-28T11:19:38","slug":"nagroda-w-ogolnopolskim-konkursie-miedzy-marzeniem-a-planem","status":"publish","type":"page","link":"https:\/\/sp1hrubieszow.pl\/index.php\/nauczyciele\/pedagog\/pedagog-2019\/nagroda-w-ogolnopolskim-konkursie-miedzy-marzeniem-a-planem\/","title":{"rendered":"Nagroda w og\u00f3lnopolskim konkursie \u201eMi\u0119dzy marzeniem a planem&#8221;"},"content":{"rendered":"\n<p><span style=\"color: #333399;\"><strong>Nagroda w og\u00f3lnopolskim konkursie \u201eMi\u0119dzy marzeniem a planem\u201d pod patronatem \u201eZachowaj Trze\u017awy Umys\u0142\u201d dla uczni\u00f3w SP Nr 1 w Hrubieszowie<\/strong><\/span><\/p>\n<p><span style=\"color: #333399;\">\u201eSzkolny Klub Mediatora\u201d, dzia\u0142aj\u0105cy w Szkole Podstawowej Nr 1 im. Boles\u0142awa Prusa <\/span><br><span style=\"color: #333399;\">w Hrubieszowie, zosta\u0142&nbsp; nagrodzony w og\u00f3lnopolskim konkursie zespo\u0142owym pt. \u201eMi\u0119dzy marzeniem a planem\u201d, przebiegaj\u0105cym pod patronatem kampanii \u201eZachowaj Trze\u017awy Umys\u0142\u201d.<\/span><\/p>\n<p><span style=\"color: #333399;\">Zadaniem uczestnik\u00f3w konkursu \u201eMi\u0119dzy marzeniem a planem\u201d by\u0142o przygotowanie sprawozdania z organizacji dowolnego wydarzenia kulturalnego, edukacyjnego, sportowego, np. akademia szkolna, wolontariat, warsztaty, spotkanie autorskie. W sprawozdaniu nale\u017ca\u0142o uwzgl\u0119dni\u0107: nazw\u0119 przedsi\u0119wzi\u0119cia, cel przedsi\u0119wzi\u0119cia, \u015brodki do osi\u0105gni\u0119cia cel\u00f3w, skutki przedsi\u0119wzi\u0119cia, kr\u00f3tki opis wydarzenia.<\/span><\/p>\n<p><span style=\"color: #333399;\">Cz\u0142onkowie \u201eSzkolnego Klubu Mediatora\u201d przygotowali sprawozdanie pisemne oraz kola\u017c, opisuj\u0105ce i obrazuj\u0105ce organizacj\u0119 na terenie szko\u0142y \u201eTygodnia Mediacji\u201d, \u201eMi\u0119dzynarodowego Dnia Mediacji\u201d oraz wsp\u00f3\u0142organizacj\u0119 \u201e\u015awiatowego Dnia \u017byczliwo\u015bci wspieranego przez mediator\u00f3w r\u00f3wie\u015bniczych\u201d i \u201eMi\u0119dzynarodowego Dnia Praw Dziecka<\/span><br><span style=\"color: #333399;\">&nbsp;z Unicef\u201d. G\u0142\u00f3wnym celem podj\u0119tej przez m\u0142odzie\u017c inicjatywy by\u0142o popularyzowanie mediacji, jako konstruktywnego sposobu rozwi\u0105zywania konflikt\u00f3w, promowanie \u017cyczliwych postaw na co dzie\u0144, edukacja w zakresie radzenia sobie z emocjami oraz podniesienie \u015bwiadomo\u015bci dzieci i m\u0142odzie\u017cy w zakresie przys\u0142uguj\u0105cych im praw.<\/span><\/p>\n<p><span style=\"color: #333399;\">Uczniowie- cz\u0142onkowie \u201eSzkolnego Klubu Mediatora\u201d, kt\u00f3rzy zostali&nbsp; laureatami konkursu \u201eMi\u0119dzy marzeniem a planem\u201d,&nbsp; w nagrod\u0119 otrzymaj\u0105 profesjonalne warsztaty dziennikarskie. Opiekunem nagrodzonej grupy mediator\u00f3w r\u00f3wie\u015bniczych jest p. Marta Kuczy\u0144ska, pedagog szkolny. Patronat nad udzia\u0142em szk\u00f3\u0142 miejskich w og\u00f3lnopolskiej kampanii \u201eZachowaj Trze\u017awy Umys\u0142\u201d sprawuje Gmina Miejska Hrubiesz\u00f3w.<\/span><\/p>\nngg_shortcode_0_placeholder\n","protected":false},"excerpt":{"rendered":"<p>Nagroda w og\u00f3lnopolskim konkursie \u201eMi\u0119dzy marzeniem a planem\u201d pod patronatem \u201eZachowaj Trze\u017awy Umys\u0142\u201d dla uczni\u00f3w SP Nr 1 w Hrubieszowie \u201eSzkolny Klub Mediatora\u201d, dzia\u0142aj\u0105cy w Szkole Podstawowej Nr 1 im. Boles\u0142awa Prusa w Hrubieszowie, zosta\u0142&nbsp; nagrodzony w og\u00f3lnopolskim konkursie zespo\u0142owym pt. \u201eMi\u0119dzy marzeniem a planem\u201d, przebiegaj\u0105cym pod patronatem kampanii \u201eZachowaj Trze\u017awy Umys\u0142\u201d. Zadaniem uczestnik\u00f3w konkursu [&hellip;]<\/p>\n","protected":false},"author":1,"featured_media":0,"parent":75,"menu_order":10,"comment_status":"closed","ping_status":"closed","template":"","meta":{"ngg_post_thumbnail":0,"footnotes":""},"class_list":["post-4110","page","type-page","status-publish","hentry"],"_links":{"self":[{"href":"https:\/\/sp1hrubieszow.pl\/index.php\/wp-json\/wp\/v2\/pages\/4110","targetHints":{"allow":["GET"]}}],"collection":[{"href":"https:\/\/sp1hrubieszow.pl\/index.php\/wp-json\/wp\/v2\/pages"}],"about":[{"href":"https:\/\/sp1hrubieszow.pl\/index.php\/wp-json\/wp\/v2\/types\/page"}],"author":[{"embeddable":true,"href":"https:\/\/sp1hrubieszow.pl\/index.php\/wp-json\/wp\/v2\/users\/1"}],"replies":[{"embeddable":true,"href":"https:\/\/sp1hrubieszow.pl\/index.php\/wp-json\/wp\/v2\/comments?post=4110"}],"version-history":[{"count":1,"href":"https:\/\/sp1hrubieszow.pl\/index.php\/wp-json\/wp\/v2\/pages\/4110\/revisions"}],"predecessor-version":[{"id":4111,"href":"https:\/\/sp1hrubieszow.pl\/index.php\/wp-json\/wp\/v2\/pages\/4110\/revisions\/4111"}],"up":[{"embeddable":true,"href":"https:\/\/sp1hrubieszow.pl\/index.php\/wp-json\/wp\/v2\/pages\/75"}],"wp:attachment":[{"href":"https:\/\/sp1hrubieszow.pl\/index.php\/wp-json\/wp\/v2\/media?parent=4110"}],"curies":[{"name":"wp","href":"https:\/\/api.w.org\/{rel}","templated":true}]}}