{"id":4061,"date":"2020-01-20T11:11:06","date_gmt":"2020-01-20T10:11:06","guid":{"rendered":"http:\/\/sp1.hrubieszow.info\/?page_id=4061"},"modified":"2020-01-20T11:11:38","modified_gmt":"2020-01-20T10:11:38","slug":"oplata-za-obiady","status":"publish","type":"page","link":"https:\/\/sp1hrubieszow.pl\/index.php\/kronika-2019-2020\/oplata-za-obiady\/","title":{"rendered":"Op\u0142ata za obiady"},"content":{"rendered":"\n<p><strong><span style=\"color: #330099;\"><span style=\"font-family: Arial, sans-serif;\"><span style=\"font-size: large;\">Op\u0142ata ca\u0142kowita za obiady w miesi\u0105cu lutym wynosi: 62,00 z\u0142<\/span><\/span><\/span><\/strong><\/p>\n<p><strong><span style=\"color: #330099;\"><span style=\"font-family: Arial, sans-serif;\"><span style=\"font-size: large;\">Wp\u0142aty na konto do 25.01.2020 r.<\/span><\/span><\/span><\/strong><\/p>\n<p><strong><span style=\"color: #330099;\"><span style=\"font-family: Arial, sans-serif;\"><span style=\"font-size: large;\">Wp\u0142aty u intendenta od 27.01 do 30.01.2020 w godzinach od 7.45 do 11.00<\/span><\/span><\/span><\/strong><\/p>\n<p><strong><span style=\"color: #330099;\"><span style=\"font-family: Arial, sans-serif;\"><span style=\"font-size: large;\">Prosz\u0119 o terminowe dokonywanie wp\u0142aty!<\/span><\/span><\/span><\/strong><\/p>\n<p><strong><span style=\"color: #330099;\"><span style=\"font-family: Arial, sans-serif;\"><span style=\"font-size: large;\">W przypadku nie uregulowania wp\u0142aty w terminie osoby korzystaj\u0105ce ze sto\u0142\u00f3wki zostaj\u0105 skre\u015blone z listy. <\/span><\/span><\/span><\/strong><\/p>\n","protected":false},"excerpt":{"rendered":"<p>Op\u0142ata ca\u0142kowita za obiady w miesi\u0105cu lutym wynosi: 62,00 z\u0142 Wp\u0142aty na konto do 25.01.2020 r. Wp\u0142aty u intendenta od 27.01 do 30.01.2020 w godzinach od 7.45 do 11.00 Prosz\u0119 o terminowe dokonywanie wp\u0142aty! W przypadku nie uregulowania wp\u0142aty w terminie osoby korzystaj\u0105ce ze sto\u0142\u00f3wki zostaj\u0105 skre\u015blone z listy.<\/p>\n","protected":false},"author":2,"featured_media":0,"parent":2167,"menu_order":0,"comment_status":"closed","ping_status":"closed","template":"","meta":{"ngg_post_thumbnail":0,"footnotes":""},"class_list":["post-4061","page","type-page","status-publish","hentry"],"_links":{"self":[{"href":"https:\/\/sp1hrubieszow.pl\/index.php\/wp-json\/wp\/v2\/pages\/4061","targetHints":{"allow":["GET"]}}],"collection":[{"href":"https:\/\/sp1hrubieszow.pl\/index.php\/wp-json\/wp\/v2\/pages"}],"about":[{"href":"https:\/\/sp1hrubieszow.pl\/index.php\/wp-json\/wp\/v2\/types\/page"}],"author":[{"embeddable":true,"href":"https:\/\/sp1hrubieszow.pl\/index.php\/wp-json\/wp\/v2\/users\/2"}],"replies":[{"embeddable":true,"href":"https:\/\/sp1hrubieszow.pl\/index.php\/wp-json\/wp\/v2\/comments?post=4061"}],"version-history":[{"count":1,"href":"https:\/\/sp1hrubieszow.pl\/index.php\/wp-json\/wp\/v2\/pages\/4061\/revisions"}],"predecessor-version":[{"id":4062,"href":"https:\/\/sp1hrubieszow.pl\/index.php\/wp-json\/wp\/v2\/pages\/4061\/revisions\/4062"}],"up":[{"embeddable":true,"href":"https:\/\/sp1hrubieszow.pl\/index.php\/wp-json\/wp\/v2\/pages\/2167"}],"wp:attachment":[{"href":"https:\/\/sp1hrubieszow.pl\/index.php\/wp-json\/wp\/v2\/media?parent=4061"}],"curies":[{"name":"wp","href":"https:\/\/api.w.org\/{rel}","templated":true}]}}