{"id":4057,"date":"2020-01-17T12:35:18","date_gmt":"2020-01-17T11:35:18","guid":{"rendered":"http:\/\/sp1.hrubieszow.info\/?page_id=4057"},"modified":"2020-01-17T12:35:47","modified_gmt":"2020-01-17T11:35:47","slug":"xxxviii-zawody-modeli-szybowcow-halowych-f1n","status":"publish","type":"page","link":"https:\/\/sp1hrubieszow.pl\/index.php\/kronika-2019-2020\/xxxviii-zawody-modeli-szybowcow-halowych-f1n\/","title":{"rendered":"XXXVIII Zawody Modeli Szybowc\u00f3w Halowych F1N"},"content":{"rendered":"\n<p align=\"JUSTIFY\"><span style=\"color: #000066;\"><span style=\"font-family: Arial, serif;\"><span style=\"font-size: large;\">W hali Miejskiego O\u015brodka Sportu i Rekreacji w Che\u0142mie odby\u0142y si\u0119 zorganizowane przez che\u0142mski M\u0142odzie\u017cowy Dom Kultury XXXVIII Zawody Modeli Szybowc\u00f3w Halowych F1N. Wsp\u00f3\u0142organizatorem by\u0142 Miejski O\u015brodek Sportu i Rekreacji w Che\u0142mie.<\/span><\/span><\/span><\/p>\n<p align=\"JUSTIFY\"><span style=\"color: #000066;\"><span style=\"font-family: Arial, serif;\"><span style=\"font-size: large;\">16 stycznia 2020.r. swoje modele i umiej\u0119tno\u015bci demonstrowali reprezentanci : sekcja modelarska UKS \u201eJedynka\u201d z Hrubieszowa, Modelarni ze Sp\u00f3\u0142dzielni Mieszkaniowej im. Jana Zamoyskiego w&nbsp;Zamo\u015bciu, Klubu Modelarskiego \u201eMiniatura\u201d z Krzczonowa, Pracowni Modelarskiej M\u0142odzie\u017cowego Domu Kultury \u201eDedal i Ikar\u201d z Che\u0142ma.<br>O godzinie 12.00 rozpocz\u0105\u0142 si\u0119 trening, a otwarcie zawod\u00f3w o godzinie 13.00. Podczas zawod\u00f3w, ka\u017cdy ze startuj\u0105cych wykona\u0142 swoimi modelami w trzech seriach po trzy loty ( \u0142\u0105cznie po 9, nie licz\u0105c lot\u00f3w powt\u00f3rkowych). W celu usprawnienia przebiegu zawod\u00f3w, loty odbywa\u0142y si\u0119 jednocze\u015bnie przed dwiema komisjami s\u0119dziowskimi. W przerwie pomi\u0119dzy seriami lot\u00f3w konkursowych modelarze mieli mo\u017cliwo\u015b\u0107 dokonania w swoich modelach dodatkowych regulacji, a tak\u017ce \u0107wiczyli technik\u0119 wyrzutu.<br>O miejscu w klasyfikacji ko\u0144cowej decydowa\u0142a suma czas\u00f3w trzech najd\u0142u\u017cszych lot\u00f3w. Co ciekawe, w zawodach mia\u0142y miejsce starty ca\u0142ych rodzin \u2013 towarzysz\u0105cy swoim m\u0142odym sportowcom rodzice wzi\u0119li udzia\u0142 w&nbsp;zmaganiach. Wsp\u00f3lna zabawa (bo tak nale\u017cy traktowa\u0107 modelarstwo) da\u0142a okazj\u0119 do bli\u017cszego poznania si\u0119, \u201ezamiany r\u00f3l\u201d \u2013 teraz m\u0142odzi modelarze byli nauczycielami i instruktorami, oraz docenienia dzieci\u0119cej pasji.<\/span><\/span><\/span><\/p>\n<p><span style=\"color: #000066;\"><span style=\"font-family: inherit, serif;\"><span style=\"font-size: large;\"><b>Zwyci\u0119zcy w XXXVIII Zawodach Modeli Szybowc\u00f3w Halowych F1N:<\/b><\/span><\/span><\/span><\/p>\n<p><span style=\"color: #000066;\"><span style=\"font-family: inherit, serif;\"><span style=\"font-size: large;\"><i><u>grupa wiekowa \u201em\u0142odzik m\u0142odszy\u201d:<\/u><\/i><\/span><\/span><span style=\"font-family: Arial, serif;\"><span style=\"font-size: large;\"><br>1. Ho\u0142uj Kacper \u2013 Modelarnia UKS \u201eJedynka\u201d z Hrubieszowa<br>2. Dawid Hunkiewicz \u2013 Modelarnia UKS \u201eJedynka\u201d z Hrubieszowa<\/span><\/span><\/span><\/p>\n<p><span style=\"color: #000066;\"><span style=\"font-family: inherit, serif;\"><span style=\"font-size: large;\"><i><u>grupa wiekowa \u201em\u0142odzik\u201d:<\/u><\/i><\/span><\/span><span style=\"font-family: Arial, serif;\"><span style=\"font-size: large;\"><br>1. Kordas Hubert \u2013 Modelarnia ze Sp\u00f3\u0142dzielni Mieszkaniowej<\/span><\/span><\/span><\/p>\n<p><span style=\"color: #000066;\"> <span style=\"font-family: Arial, serif;\"><span style=\"font-size: large;\">im. Jana Zamoyskiego<\/span><\/span><\/span><\/p>\n<p><span style=\"color: #000066;\"><span style=\"font-family: Arial, serif;\"><span style=\"font-size: large;\">2. Szumiata Karol \u2013 Modelarnia UKS \u201eJedynka\u201d z Hrubieszowa<\/span><\/span><\/span><\/p>\n<p><span style=\"color: #000066;\"><span style=\"font-family: Arial, serif;\"><span style=\"font-size: large;\">3. Dziedzic Filip \u2013 Modelarnia ze Sp\u00f3\u0142dzielni Mieszkaniowej<\/span><\/span><\/span><\/p>\n<p><span style=\"color: #000066;\"> <span style=\"font-family: Arial, serif;\"><span style=\"font-size: large;\">im. Jana Zamoyskiego<br><\/span><\/span><\/span><\/p>\n<p><span style=\"color: #000066;\"><span style=\"font-family: inherit, serif;\"><span style=\"font-size: large;\"><i><u>grupa wiekowa \u201ejunior\u201d:<\/u><\/i><\/span><\/span><span style=\"font-family: Arial, serif;\"><span style=\"font-size: large;\"><br>1. Wezgraj Jakub \u2013 Modelarnia UKS \u201eJedynka\u201d z Hrubieszowa<\/span><\/span><\/span><\/p>\n<p align=\"JUSTIFY\"><span style=\"color: #000066;\"><span style=\"font-family: Arial, serif;\"><span style=\"font-size: large;\">2. Kopera Jakub \u2013 Modelarnia UKS \u201eJedynka\u201d z Hrubieszowa <\/span><\/span><\/span><\/p>\n<p align=\"JUSTIFY\"><span style=\"color: #000066;\"><span style=\"font-family: Arial, serif;\"><span style=\"font-size: large;\">3. Mi\u0119czak Mateusz \u2013 Modelarnia UKS \u201eJedynka\u201d z Hrubieszowa<br><\/span><\/span><span style=\"font-family: inherit, serif;\"><span style=\"font-size: large;\"><i><u>grupa wiekowa \u201esenior\u201d:<\/u><\/i><\/span><\/span><\/span><\/p>\n<p align=\"JUSTIFY\"><span style=\"color: #000066;\"><span style=\"font-family: Arial, serif;\"><span style=\"font-size: large;\">1. Bikowski Roman \u2013 Modelarnia ze Sp\u00f3\u0142dzielni Mieszkaniowej<\/span><\/span><\/span><\/p>\n<p><span style=\"color: #000066;\"> <span style=\"font-family: Arial, serif;\"><span style=\"font-size: large;\">im. Jana Zamoyskiego<\/span><\/span><\/span><\/p>\n<p align=\"JUSTIFY\"><span style=\"color: #000066;\"><span style=\"font-family: Arial, serif;\"><span style=\"font-size: large;\">2. Kryszczuk Leszek \u2013 Modelarnia UKS \u201eJedynka\u201d z Hrubieszowa<\/span><\/span><\/span><\/p>\n<p align=\"JUSTIFY\"><span style=\"color: #000066;\"><span style=\"font-family: Arial, serif;\"><span style=\"font-size: large;\">3. \u017by\u015bko Jaros\u0142aw \u2013 Klubu Modelarskiego \u201eMiniatura\u201d z Krzczonowa<\/span><\/span><\/span><\/p>\n<p><span style=\"color: #000066;\"><span style=\"font-family: inherit, serif;\"><span style=\"font-size: large;\"><i><u>grupa wiekowa \u201esenior +\u201d:<\/u><\/i><\/span><\/span><\/span><\/p>\n<p align=\"JUSTIFY\"><span style=\"color: #000066;\"><span style=\"font-family: Arial, serif;\"><span style=\"font-size: large;\">1. Mos\u00f3r Stanis\u0142aw \u2013 Modelarnia ze Sp\u00f3\u0142dzielni Mieszkaniowej<\/span><\/span><\/span><\/p>\n<p><span style=\"color: #000066;\"> <span style=\"font-family: Arial, serif;\"><span style=\"font-size: large;\">im. Jana Zamoyskiego;<\/span><\/span><\/span><\/p>\n<p align=\"JUSTIFY\"><span style=\"color: #000066;\"><span style=\"font-family: Arial, serif;\"><span style=\"font-size: large;\">2. Nowak Ryszard \u2013 Modelarnia UKS \u201eJedynka\u201d z Hrubieszowa<\/span><\/span><\/span><\/p>\n<p><span style=\"color: #000066;\"><span style=\"font-family: Arial, serif;\"><span style=\"font-size: large;\">Zwyci\u0119zcy zawod\u00f3w otrzymali medale, a wszyscy uczestnicy dyplomy.<br>Zamkni\u0119cie imprezy nast\u0105pi\u0142o oko\u0142o godziny 16.30.<\/span><\/span><\/span><\/p>\nngg_shortcode_0_placeholder\n","protected":false},"excerpt":{"rendered":"<p>W hali Miejskiego O\u015brodka Sportu i Rekreacji w Che\u0142mie odby\u0142y si\u0119 zorganizowane przez che\u0142mski M\u0142odzie\u017cowy Dom Kultury XXXVIII Zawody Modeli Szybowc\u00f3w Halowych F1N. Wsp\u00f3\u0142organizatorem by\u0142 Miejski O\u015brodek Sportu i Rekreacji w Che\u0142mie. 16 stycznia 2020.r. swoje modele i umiej\u0119tno\u015bci demonstrowali reprezentanci : sekcja modelarska UKS \u201eJedynka\u201d z Hrubieszowa, Modelarni ze Sp\u00f3\u0142dzielni Mieszkaniowej im. Jana Zamoyskiego [&hellip;]<\/p>\n","protected":false},"author":2,"featured_media":0,"parent":2167,"menu_order":0,"comment_status":"closed","ping_status":"closed","template":"","meta":{"ngg_post_thumbnail":0,"footnotes":""},"class_list":["post-4057","page","type-page","status-publish","hentry"],"_links":{"self":[{"href":"https:\/\/sp1hrubieszow.pl\/index.php\/wp-json\/wp\/v2\/pages\/4057","targetHints":{"allow":["GET"]}}],"collection":[{"href":"https:\/\/sp1hrubieszow.pl\/index.php\/wp-json\/wp\/v2\/pages"}],"about":[{"href":"https:\/\/sp1hrubieszow.pl\/index.php\/wp-json\/wp\/v2\/types\/page"}],"author":[{"embeddable":true,"href":"https:\/\/sp1hrubieszow.pl\/index.php\/wp-json\/wp\/v2\/users\/2"}],"replies":[{"embeddable":true,"href":"https:\/\/sp1hrubieszow.pl\/index.php\/wp-json\/wp\/v2\/comments?post=4057"}],"version-history":[{"count":1,"href":"https:\/\/sp1hrubieszow.pl\/index.php\/wp-json\/wp\/v2\/pages\/4057\/revisions"}],"predecessor-version":[{"id":4058,"href":"https:\/\/sp1hrubieszow.pl\/index.php\/wp-json\/wp\/v2\/pages\/4057\/revisions\/4058"}],"up":[{"embeddable":true,"href":"https:\/\/sp1hrubieszow.pl\/index.php\/wp-json\/wp\/v2\/pages\/2167"}],"wp:attachment":[{"href":"https:\/\/sp1hrubieszow.pl\/index.php\/wp-json\/wp\/v2\/media?parent=4057"}],"curies":[{"name":"wp","href":"https:\/\/api.w.org\/{rel}","templated":true}]}}