{"id":4003,"date":"2020-01-17T12:23:31","date_gmt":"2020-01-17T11:23:31","guid":{"rendered":"http:\/\/sp1.hrubieszow.info\/?page_id=4003"},"modified":"2020-01-17T12:23:57","modified_gmt":"2020-01-17T11:23:57","slug":"ferie-na-sportowo","status":"publish","type":"page","link":"https:\/\/sp1hrubieszow.pl\/index.php\/kronika-2019-2020\/ferie-na-sportowo\/","title":{"rendered":"Ferie na sportowo!"},"content":{"rendered":"\n<p><span style=\"color: #000080;\">Jak co roku dzi\u0119ki dofinansowaniu z Urz\u0119du Miasta nasi uczniowie mieli okazj\u0119 sp\u0119dzi\u0107 aktywnie ferie. W pierwszym dniu by\u0142y zaj\u0119cia rekreacyjne w szkole oraz na lodowisku miejskim. Drugiego dnia udali\u015bmy si\u0119 do Jacni, gdzie 50 osobowa grupa uczy\u0142a si\u0119 oraz doskonali\u0142a narciarstwo zjazdowe.<\/span><\/p>\nngg_shortcode_0_placeholder\n","protected":false},"excerpt":{"rendered":"<p>Jak co roku dzi\u0119ki dofinansowaniu z Urz\u0119du Miasta nasi uczniowie mieli okazj\u0119 sp\u0119dzi\u0107 aktywnie ferie. W pierwszym dniu by\u0142y zaj\u0119cia rekreacyjne w szkole oraz na lodowisku miejskim. Drugiego dnia udali\u015bmy si\u0119 do Jacni, gdzie 50 osobowa grupa uczy\u0142a si\u0119 oraz doskonali\u0142a narciarstwo zjazdowe.<\/p>\n","protected":false},"author":2,"featured_media":0,"parent":2167,"menu_order":0,"comment_status":"closed","ping_status":"closed","template":"","meta":{"ngg_post_thumbnail":0,"footnotes":""},"class_list":["post-4003","page","type-page","status-publish","hentry"],"_links":{"self":[{"href":"https:\/\/sp1hrubieszow.pl\/index.php\/wp-json\/wp\/v2\/pages\/4003","targetHints":{"allow":["GET"]}}],"collection":[{"href":"https:\/\/sp1hrubieszow.pl\/index.php\/wp-json\/wp\/v2\/pages"}],"about":[{"href":"https:\/\/sp1hrubieszow.pl\/index.php\/wp-json\/wp\/v2\/types\/page"}],"author":[{"embeddable":true,"href":"https:\/\/sp1hrubieszow.pl\/index.php\/wp-json\/wp\/v2\/users\/2"}],"replies":[{"embeddable":true,"href":"https:\/\/sp1hrubieszow.pl\/index.php\/wp-json\/wp\/v2\/comments?post=4003"}],"version-history":[{"count":1,"href":"https:\/\/sp1hrubieszow.pl\/index.php\/wp-json\/wp\/v2\/pages\/4003\/revisions"}],"predecessor-version":[{"id":4004,"href":"https:\/\/sp1hrubieszow.pl\/index.php\/wp-json\/wp\/v2\/pages\/4003\/revisions\/4004"}],"up":[{"embeddable":true,"href":"https:\/\/sp1hrubieszow.pl\/index.php\/wp-json\/wp\/v2\/pages\/2167"}],"wp:attachment":[{"href":"https:\/\/sp1hrubieszow.pl\/index.php\/wp-json\/wp\/v2\/media?parent=4003"}],"curies":[{"name":"wp","href":"https:\/\/api.w.org\/{rel}","templated":true}]}}