{"id":3978,"date":"2020-01-16T10:13:20","date_gmt":"2020-01-16T09:13:20","guid":{"rendered":"http:\/\/sp1.hrubieszow.info\/?page_id=3978"},"modified":"2020-01-16T10:14:07","modified_gmt":"2020-01-16T09:14:07","slug":"ferie-zimowe-czas-zaczac","status":"publish","type":"page","link":"https:\/\/sp1hrubieszow.pl\/index.php\/kronika-2019-2020\/ferie-zimowe-czas-zaczac\/","title":{"rendered":"Ferie zimowe czas zacz\u0105\u0107!"},"content":{"rendered":"\n<p align=\"JUSTIFY\"><span style=\"color: #000066;\"><span style=\"font-family: Arial, sans-serif;\"><span style=\"font-size: medium;\">Mimo, i\u017c pogoda za oknem nie wskazuje na to, \u017ce jest zima, to ferie zimowe rozpocz\u0119\u0142y si\u0119 na dobre. Klasa 6d wraz z wychowawczyni\u0105 p. Aneta Rycerz wybra\u0142a si\u0119 10 stycznia na lodowisko miejskie poje\u017adzi\u0107 na \u0142y\u017cwach. By\u0142a \u015bwietna zabawa na lodzie, gor\u0105ca czekolada, mn\u00f3stwo frajdy i\u2026kilka niegro\u017anych upadk\u00f3w. <\/span><\/span><\/span><\/p>\n<p align=\"JUSTIFY\"><span style=\"color: #000066;\"><span style=\"font-family: Arial, sans-serif;\"><span style=\"font-size: medium;\">Ca\u0142e szcz\u0119\u015bcie, \u017ce jest lodowisko, bo mo\u017cna mi\u0142o i przyjemnie sp\u0119dzi\u0107 wolny czas. <\/span><\/span><\/span><\/p>\nngg_shortcode_0_placeholder\n","protected":false},"excerpt":{"rendered":"<p>Mimo, i\u017c pogoda za oknem nie wskazuje na to, \u017ce jest zima, to ferie zimowe rozpocz\u0119\u0142y si\u0119 na dobre. Klasa 6d wraz z wychowawczyni\u0105 p. Aneta Rycerz wybra\u0142a si\u0119 10 stycznia na lodowisko miejskie poje\u017adzi\u0107 na \u0142y\u017cwach. By\u0142a \u015bwietna zabawa na lodzie, gor\u0105ca czekolada, mn\u00f3stwo frajdy i\u2026kilka niegro\u017anych upadk\u00f3w. Ca\u0142e szcz\u0119\u015bcie, \u017ce jest lodowisko, bo [&hellip;]<\/p>\n","protected":false},"author":2,"featured_media":0,"parent":2167,"menu_order":0,"comment_status":"closed","ping_status":"closed","template":"","meta":{"ngg_post_thumbnail":0,"footnotes":""},"class_list":["post-3978","page","type-page","status-publish","hentry"],"_links":{"self":[{"href":"https:\/\/sp1hrubieszow.pl\/index.php\/wp-json\/wp\/v2\/pages\/3978","targetHints":{"allow":["GET"]}}],"collection":[{"href":"https:\/\/sp1hrubieszow.pl\/index.php\/wp-json\/wp\/v2\/pages"}],"about":[{"href":"https:\/\/sp1hrubieszow.pl\/index.php\/wp-json\/wp\/v2\/types\/page"}],"author":[{"embeddable":true,"href":"https:\/\/sp1hrubieszow.pl\/index.php\/wp-json\/wp\/v2\/users\/2"}],"replies":[{"embeddable":true,"href":"https:\/\/sp1hrubieszow.pl\/index.php\/wp-json\/wp\/v2\/comments?post=3978"}],"version-history":[{"count":1,"href":"https:\/\/sp1hrubieszow.pl\/index.php\/wp-json\/wp\/v2\/pages\/3978\/revisions"}],"predecessor-version":[{"id":3979,"href":"https:\/\/sp1hrubieszow.pl\/index.php\/wp-json\/wp\/v2\/pages\/3978\/revisions\/3979"}],"up":[{"embeddable":true,"href":"https:\/\/sp1hrubieszow.pl\/index.php\/wp-json\/wp\/v2\/pages\/2167"}],"wp:attachment":[{"href":"https:\/\/sp1hrubieszow.pl\/index.php\/wp-json\/wp\/v2\/media?parent=3978"}],"curies":[{"name":"wp","href":"https:\/\/api.w.org\/{rel}","templated":true}]}}