{"id":3961,"date":"2020-01-03T17:50:16","date_gmt":"2020-01-03T16:50:16","guid":{"rendered":"http:\/\/sp1.hrubieszow.info\/?page_id=3961"},"modified":"2020-01-03T17:50:46","modified_gmt":"2020-01-03T16:50:46","slug":"muzeum-bombek-choinkowych","status":"publish","type":"page","link":"https:\/\/sp1hrubieszow.pl\/index.php\/kronika-2019-2020\/muzeum-bombek-choinkowych\/","title":{"rendered":"Muzeum bombek choinkowych"},"content":{"rendered":"\n<p><span style=\"color: #000066;\"><span style=\"font-family: Verdana, Segoe UI, Helvetica, Arial, sans-serif;\"><span style=\"font-size: medium;\">1<span style=\"font-family: Arial, sans-serif;\">9 grudnia klasy pierwsze odwiedzi\u0142y Now\u0105 D\u0119b\u0119. W muzeum bombek dzieci mog\u0142y pos\u0142ucha\u0107 o historii ozd\u00f3b choinkowych oraz ogl\u0105da\u0107 proces ich powstawania. Uczniowie tworzyli r\u00f3wnie\u017c w\u0142asn\u0105 bombk\u0119, kt\u00f3r\u0105 zabra\u0142y do domu. Dzieci skorzysta\u0142y tak\u017ce z mo\u017cliwo\u015bci kupna ozd\u00f3b, co na pewno by\u0142o przydatne w okresie przed\u015bwi\u0105tecznym. Po czasie sp\u0119dzonym w muzeum wszyscy udali si\u0119 na obiad. <\/span><\/span><\/span><\/span><\/p>\n<p><span style=\"color: #000066;\"><span style=\"font-family: Verdana, Segoe UI, Helvetica, Arial, sans-serif;\"><span style=\"font-size: medium;\"><span style=\"font-family: Arial, sans-serif;\">Podr\u00f3\u017c powrotna do domu szybko min\u0119\u0142a, a czas sp\u0119dzony w towarzystwie kole\u017canek i koleg\u00f3w by\u0142 bardzo udany. Dzieci by\u0142y bardzo zadowolone, ale i zm\u0119czone dniem pe\u0142nym wra\u017ce\u0144.<\/span><\/span><\/span><\/span><\/p>\nngg_shortcode_0_placeholder\n","protected":false},"excerpt":{"rendered":"<p>19 grudnia klasy pierwsze odwiedzi\u0142y Now\u0105 D\u0119b\u0119. W muzeum bombek dzieci mog\u0142y pos\u0142ucha\u0107 o historii ozd\u00f3b choinkowych oraz ogl\u0105da\u0107 proces ich powstawania. Uczniowie tworzyli r\u00f3wnie\u017c w\u0142asn\u0105 bombk\u0119, kt\u00f3r\u0105 zabra\u0142y do domu. Dzieci skorzysta\u0142y tak\u017ce z mo\u017cliwo\u015bci kupna ozd\u00f3b, co na pewno by\u0142o przydatne w okresie przed\u015bwi\u0105tecznym. Po czasie sp\u0119dzonym w muzeum wszyscy udali si\u0119 na [&hellip;]<\/p>\n","protected":false},"author":2,"featured_media":0,"parent":2167,"menu_order":0,"comment_status":"closed","ping_status":"closed","template":"","meta":{"ngg_post_thumbnail":0,"footnotes":""},"class_list":["post-3961","page","type-page","status-publish","hentry"],"_links":{"self":[{"href":"https:\/\/sp1hrubieszow.pl\/index.php\/wp-json\/wp\/v2\/pages\/3961","targetHints":{"allow":["GET"]}}],"collection":[{"href":"https:\/\/sp1hrubieszow.pl\/index.php\/wp-json\/wp\/v2\/pages"}],"about":[{"href":"https:\/\/sp1hrubieszow.pl\/index.php\/wp-json\/wp\/v2\/types\/page"}],"author":[{"embeddable":true,"href":"https:\/\/sp1hrubieszow.pl\/index.php\/wp-json\/wp\/v2\/users\/2"}],"replies":[{"embeddable":true,"href":"https:\/\/sp1hrubieszow.pl\/index.php\/wp-json\/wp\/v2\/comments?post=3961"}],"version-history":[{"count":1,"href":"https:\/\/sp1hrubieszow.pl\/index.php\/wp-json\/wp\/v2\/pages\/3961\/revisions"}],"predecessor-version":[{"id":3962,"href":"https:\/\/sp1hrubieszow.pl\/index.php\/wp-json\/wp\/v2\/pages\/3961\/revisions\/3962"}],"up":[{"embeddable":true,"href":"https:\/\/sp1hrubieszow.pl\/index.php\/wp-json\/wp\/v2\/pages\/2167"}],"wp:attachment":[{"href":"https:\/\/sp1hrubieszow.pl\/index.php\/wp-json\/wp\/v2\/media?parent=3961"}],"curies":[{"name":"wp","href":"https:\/\/api.w.org\/{rel}","templated":true}]}}