{"id":3889,"date":"2020-01-02T18:47:54","date_gmt":"2020-01-02T17:47:54","guid":{"rendered":"http:\/\/sp1.hrubieszow.info\/?page_id=3889"},"modified":"2020-01-02T18:51:25","modified_gmt":"2020-01-02T17:51:25","slug":"warsztaty-dla-rodzicow","status":"publish","type":"page","link":"https:\/\/sp1hrubieszow.pl\/index.php\/kronika-2019-2020\/warsztaty-dla-rodzicow\/","title":{"rendered":"Warsztaty dla rodzic\u00f3w"},"content":{"rendered":"\n<p align=\"LEFT\"><img loading=\"lazy\" decoding=\"async\" class=\"alignnone size-full wp-image-3888\" src=\"http:\/\/sp1.hrubieszow.info\/wp-content\/uploads\/2020\/01\/images.jpg\" alt=\"\" width=\"246\" height=\"205\">&nbsp; &nbsp; &nbsp; &nbsp; &nbsp; &nbsp; &nbsp; &nbsp; <img loading=\"lazy\" decoding=\"async\" class=\"alignnone size-full wp-image-3887\" src=\"http:\/\/sp1.hrubieszow.info\/wp-content\/uploads\/2020\/01\/images-1.jpg\" alt=\"\" width=\"256\" height=\"197\"><\/p>\n<p style=\"text-align: center;\" align=\"LEFT\"><span style=\"font-size: 300%;\"><span style=\"font-size: xx-large;\"><b>Warsztaty dla rodzic\u00f3w<\/b><\/span><\/span><\/p>\n<p style=\"text-align: center;\" align=\"CENTER\"><span style=\"color: #ff0000;\"> \u201e <span style=\"font-size: xx-large;\"><b>M\u0105drzy Rodzice\u201d<\/b><\/span><\/span><\/p>\n<p align=\"CENTER\"><span style=\"font-size: xx-large;\"><b>pod patronatem Rzecznika Praw Dziecka i Gminy Miejskiej Hrubiesz\u00f3w<\/b><\/span><\/p>\n<p><span style=\"font-size: large;\">ZAPRASZAMY RODZIC\u00d3W\/OPIEKUN\u00d3W ZAINTERESOWANYCH ROZWIJANIEM KOMPETENCJI WYCHOWAWCZYCH DO UDZIA\u0141U <\/span><span style=\"font-size: large;\"><u><b>W BEZP\u0141ATNYCH WARSZTATACH \u201eM\u0104DRZY RODZICE<\/b><\/u><\/span><span style=\"font-size: large;\"><b>\u201d<\/b><\/span><span style=\"font-size: large;\">( VIII EDYCJA WARSZTAT\u00d3W).<\/span><\/p>\n<p><span style=\"font-size: large;\"><b>WARSZTATY B\u0118D\u0104 ORGANIZOWANE W PI\u0104TKI PO PO\u0141UDNIU, I SOBOTY PRZED PO\u0141UDNIEM. <\/b><\/span><span style=\"font-size: large;\"><u><b>ROZPOCZ\u0118CIE ZAJ\u0118\u0106<\/b><\/u><\/span><b> <\/b><span style=\"color: #ff0000;\"><span style=\"font-size: large;\"><u><b>&#8211; 7 LUTEGO 2020r. godzina 16.00<\/b><\/u><\/span><\/span><span style=\"color: #ff0000;\"><span style=\"font-size: large;\"><u>,<\/u><\/span><\/span> <span style=\"color: #000000;\"><span style=\"font-size: large;\">W SZKOLE PODSTAWOWEJ NR 1 im. BOLES\u0141AWA PRUSA W HRUBIESZOWIE, ul. Listopadowa 12, sala nr 3.<\/span><\/span><\/p>\n<p><span style=\"font-size: large;\"><u><b>ZAPISY<\/b><\/u><\/span><span style=\"font-size: large;\"><u>&#8211; <\/u><\/span><span style=\"color: #c00000;\"><span style=\"font-size: large;\"><u><b>DO 20 STYCZNIA 2020r,-<\/b><\/u><\/span><\/span><u> <\/u><span style=\"font-size: large;\">telefonicznie w sekretariacie szko\u0142y <\/span><span style=\"color: #c00000;\"><span style=\"font-size: large;\">tel. 846962074<\/span><\/span><span style=\"font-size: large;\"> (Szko\u0142a Podstawowa Nr 1 im. Boles\u0142awa Prusa w Hrubieszowie), osobi\u015bcie ( Sekretariat Szko\u0142y i Gabinet Specjalisty Terapii Pedagogicznej- Marta Kuczy\u0144ska)<\/span><span style=\"font-size: large;\"><span lang=\"de-DE\">lub <\/span><\/span><span style=\"color: #c00000;\"><span style=\"font-size: large;\"><span lang=\"de-DE\">e-mail: <\/span><\/span><\/span><span style=\"color: #0000ff;\"><a href=\"mailto:pedagog.mk@op.pl\" target=\"_top\" rel=\"noopener noreferrer\"><span style=\"color: #c00000;\"><span style=\"font-size: large;\"><span lang=\"de-DE\">pedagog.mk@op.pl<\/span><\/span><\/span><\/a><\/span><\/p>\n<p><span style=\"font-size: large;\"><u><b>ZAJ\u0118CIA PROWADZ\u0104<\/b><\/u><\/span><span style=\"font-size: large;\"> \u2013PEDAGOG, PSYCHOLOG, PRAWNIK, SPECJALI\u015aCI Z ZAKRESU MEDYCYNY, UZALE\u017bNIE\u0143 I SEKSUOLOGII.<br><\/span><span style=\"font-size: large;\"><u><b>UCZESTNIKOM ZAPEWNIAMY<\/b><\/u><\/span><span style=\"font-size: large;\">: POCZ\u0118STUNEK NA PRZERWY KAWOWE, MATERIA\u0141Y EDUKACYJNE, KSI\u0104\u017bK\u0118 I ZA\u015aWIADCZENIE O UDZIALE W WARSZTATACH.<\/span><\/p>\n<p><a href=\"http:\/\/sp1.hrubieszow.info\/wp-content\/uploads\/2020\/01\/Warsztaty-zapisy.odt\">Warsztaty-zapisy<\/a><\/p>\n","protected":false},"excerpt":{"rendered":"<p>&nbsp; &nbsp; &nbsp; &nbsp; &nbsp; &nbsp; &nbsp; &nbsp; Warsztaty dla rodzic\u00f3w \u201e M\u0105drzy Rodzice\u201d pod patronatem Rzecznika Praw Dziecka i Gminy Miejskiej Hrubiesz\u00f3w ZAPRASZAMY RODZIC\u00d3W\/OPIEKUN\u00d3W ZAINTERESOWANYCH ROZWIJANIEM KOMPETENCJI WYCHOWAWCZYCH DO UDZIA\u0141U W BEZP\u0141ATNYCH WARSZTATACH \u201eM\u0104DRZY RODZICE\u201d( VIII EDYCJA WARSZTAT\u00d3W). WARSZTATY B\u0118D\u0104 ORGANIZOWANE W PI\u0104TKI PO PO\u0141UDNIU, I SOBOTY PRZED PO\u0141UDNIEM. ROZPOCZ\u0118CIE ZAJ\u0118\u0106 &#8211; 7 LUTEGO [&hellip;]<\/p>\n","protected":false},"author":2,"featured_media":0,"parent":2167,"menu_order":0,"comment_status":"closed","ping_status":"closed","template":"","meta":{"ngg_post_thumbnail":0,"footnotes":""},"class_list":["post-3889","page","type-page","status-publish","hentry"],"_links":{"self":[{"href":"https:\/\/sp1hrubieszow.pl\/index.php\/wp-json\/wp\/v2\/pages\/3889","targetHints":{"allow":["GET"]}}],"collection":[{"href":"https:\/\/sp1hrubieszow.pl\/index.php\/wp-json\/wp\/v2\/pages"}],"about":[{"href":"https:\/\/sp1hrubieszow.pl\/index.php\/wp-json\/wp\/v2\/types\/page"}],"author":[{"embeddable":true,"href":"https:\/\/sp1hrubieszow.pl\/index.php\/wp-json\/wp\/v2\/users\/2"}],"replies":[{"embeddable":true,"href":"https:\/\/sp1hrubieszow.pl\/index.php\/wp-json\/wp\/v2\/comments?post=3889"}],"version-history":[{"count":2,"href":"https:\/\/sp1hrubieszow.pl\/index.php\/wp-json\/wp\/v2\/pages\/3889\/revisions"}],"predecessor-version":[{"id":3894,"href":"https:\/\/sp1hrubieszow.pl\/index.php\/wp-json\/wp\/v2\/pages\/3889\/revisions\/3894"}],"up":[{"embeddable":true,"href":"https:\/\/sp1hrubieszow.pl\/index.php\/wp-json\/wp\/v2\/pages\/2167"}],"wp:attachment":[{"href":"https:\/\/sp1hrubieszow.pl\/index.php\/wp-json\/wp\/v2\/media?parent=3889"}],"curies":[{"name":"wp","href":"https:\/\/api.w.org\/{rel}","templated":true}]}}