{"id":3882,"date":"2020-01-02T16:21:10","date_gmt":"2020-01-02T15:21:10","guid":{"rendered":"http:\/\/sp1.hrubieszow.info\/?page_id=3882"},"modified":"2020-01-02T16:21:37","modified_gmt":"2020-01-02T15:21:37","slug":"oplaty-za-obiady-2","status":"publish","type":"page","link":"https:\/\/sp1hrubieszow.pl\/index.php\/kronika-2019-2020\/oplaty-za-obiady-2\/","title":{"rendered":"Op\u0142aty za obiady"},"content":{"rendered":"\n<p><span style=\"color: #330099;\"><span style=\"font-family: Arial, sans-serif;\"><span style=\"font-size: large;\">Op\u0142ata ca\u0142kowita z obiady w miesi\u0105cu styczniu wynosi: 34,10 z\u0142<\/span><\/span><\/span><\/p>\n<p><span style=\"color: #330099;\"><span style=\"font-family: Arial, sans-serif;\"><span style=\"font-size: large;\">Wp\u0142aty u intendenta od 02.01 do 07.01.2020 w godzinach od 7.45 do 11.00<\/span><\/span><\/span><\/p>\n<p><span style=\"color: #330099;\"><span style=\"font-family: Arial, sans-serif;\"><span style=\"font-size: large;\">Prosz\u0119 o terminowe dokonywanie wp\u0142aty!<\/span><\/span><\/span><\/p>\n","protected":false},"excerpt":{"rendered":"<p>Op\u0142ata ca\u0142kowita z obiady w miesi\u0105cu styczniu wynosi: 34,10 z\u0142 Wp\u0142aty u intendenta od 02.01 do 07.01.2020 w godzinach od 7.45 do 11.00 Prosz\u0119 o terminowe dokonywanie wp\u0142aty!<\/p>\n","protected":false},"author":2,"featured_media":0,"parent":2167,"menu_order":0,"comment_status":"closed","ping_status":"closed","template":"","meta":{"ngg_post_thumbnail":0,"footnotes":""},"class_list":["post-3882","page","type-page","status-publish","hentry"],"_links":{"self":[{"href":"https:\/\/sp1hrubieszow.pl\/index.php\/wp-json\/wp\/v2\/pages\/3882","targetHints":{"allow":["GET"]}}],"collection":[{"href":"https:\/\/sp1hrubieszow.pl\/index.php\/wp-json\/wp\/v2\/pages"}],"about":[{"href":"https:\/\/sp1hrubieszow.pl\/index.php\/wp-json\/wp\/v2\/types\/page"}],"author":[{"embeddable":true,"href":"https:\/\/sp1hrubieszow.pl\/index.php\/wp-json\/wp\/v2\/users\/2"}],"replies":[{"embeddable":true,"href":"https:\/\/sp1hrubieszow.pl\/index.php\/wp-json\/wp\/v2\/comments?post=3882"}],"version-history":[{"count":1,"href":"https:\/\/sp1hrubieszow.pl\/index.php\/wp-json\/wp\/v2\/pages\/3882\/revisions"}],"predecessor-version":[{"id":3883,"href":"https:\/\/sp1hrubieszow.pl\/index.php\/wp-json\/wp\/v2\/pages\/3882\/revisions\/3883"}],"up":[{"embeddable":true,"href":"https:\/\/sp1hrubieszow.pl\/index.php\/wp-json\/wp\/v2\/pages\/2167"}],"wp:attachment":[{"href":"https:\/\/sp1hrubieszow.pl\/index.php\/wp-json\/wp\/v2\/media?parent=3882"}],"curies":[{"name":"wp","href":"https:\/\/api.w.org\/{rel}","templated":true}]}}