{"id":3878,"date":"2019-12-28T18:11:20","date_gmt":"2019-12-28T17:11:20","guid":{"rendered":"http:\/\/sp1.hrubieszow.info\/?page_id=3878"},"modified":"2019-12-28T18:12:04","modified_gmt":"2019-12-28T17:12:04","slug":"razem-na-swieta","status":"publish","type":"page","link":"https:\/\/sp1hrubieszow.pl\/index.php\/kronika-2019-2020\/razem-na-swieta\/","title":{"rendered":"RAZEM NA \u015aWI\u0118TA"},"content":{"rendered":"\n<p align=\"JUSTIFY\"><span style=\"font-family: Arial, sans-serif; color: #000080;\"><span style=\"font-size: medium;\">Szkolne Ko\u0142o Wolontariatu w\u0142\u0105czy\u0142o si\u0119 w akcj\u0119 propagowan\u0105 przez Ministra Edukacji Narodowej Dariusza Piontkowskiego pod nazw\u0105 ,,Razem na \u015awi\u0119ta\u201d. Inicjatywa mia\u0142a na celu zach\u0119cenie uczni\u00f3w do dzia\u0142a\u0144 charytatywnych i wsparcia os\u00f3b potrzebuj\u0105cych w okresie przed\u015bwi\u0105tecznym.<\/span><\/span><\/p>\n<p align=\"JUSTIFY\"><span style=\"font-family: Arial, sans-serif; color: #000080;\"><span style=\"font-size: medium;\">W ramach tej akcji wolontariusze w dniu 20 grudnia br. wsp\u00f3lnie przygotowywali dekoracje oraz stroiki \u015bwi\u0105teczne, kt\u00f3re nast\u0119pnie przekazali osobom starszym i samotnym zamieszka\u0142ym na terenie miasta.<\/span><\/span><\/p>\n<p align=\"JUSTIFY\"><span style=\"font-family: Arial, sans-serif; color: #000080;\"><span style=\"font-size: medium;\">Upominki i sk\u0142adane \u017cyczenia \u015bwi\u0105teczne wywo\u0142a\u0142y w\u015br\u00f3d senior\u00f3w zaskoczenie, rado\u015b\u0107 a nawet \u0142zy wzruszenia.<\/span><\/span><\/p>\n<p align=\"JUSTIFY\"><span style=\"font-family: Arial, sans-serif; color: #000080;\"><span style=\"font-size: medium;\">Dzi\u0119kuj\u0119 wolontariuszom za zaanga\u017cowanie, jest to niezmiernie wa\u017cne, aby\u015bmy pami\u0119tali o osobach samotnych w tym szczeg\u00f3lnym okresie \u015bwi\u0105tecznym.<\/span><\/span><\/p>\n<p style=\"text-align: right;\" align=\"JUSTIFY\"><span style=\"font-family: Arial, sans-serif; color: #000080;\"><span style=\"font-size: medium;\"> Opiekun SKW<\/span><\/span><\/p>\nngg_shortcode_0_placeholder\n<p align=\"JUSTIFY\">&nbsp;<\/p>\n","protected":false},"excerpt":{"rendered":"<p>Szkolne Ko\u0142o Wolontariatu w\u0142\u0105czy\u0142o si\u0119 w akcj\u0119 propagowan\u0105 przez Ministra Edukacji Narodowej Dariusza Piontkowskiego pod nazw\u0105 ,,Razem na \u015awi\u0119ta\u201d. Inicjatywa mia\u0142a na celu zach\u0119cenie uczni\u00f3w do dzia\u0142a\u0144 charytatywnych i wsparcia os\u00f3b potrzebuj\u0105cych w okresie przed\u015bwi\u0105tecznym. W ramach tej akcji wolontariusze w dniu 20 grudnia br. wsp\u00f3lnie przygotowywali dekoracje oraz stroiki \u015bwi\u0105teczne, kt\u00f3re nast\u0119pnie przekazali osobom [&hellip;]<\/p>\n","protected":false},"author":2,"featured_media":0,"parent":2167,"menu_order":0,"comment_status":"closed","ping_status":"closed","template":"","meta":{"ngg_post_thumbnail":0,"footnotes":""},"class_list":["post-3878","page","type-page","status-publish","hentry"],"_links":{"self":[{"href":"https:\/\/sp1hrubieszow.pl\/index.php\/wp-json\/wp\/v2\/pages\/3878","targetHints":{"allow":["GET"]}}],"collection":[{"href":"https:\/\/sp1hrubieszow.pl\/index.php\/wp-json\/wp\/v2\/pages"}],"about":[{"href":"https:\/\/sp1hrubieszow.pl\/index.php\/wp-json\/wp\/v2\/types\/page"}],"author":[{"embeddable":true,"href":"https:\/\/sp1hrubieszow.pl\/index.php\/wp-json\/wp\/v2\/users\/2"}],"replies":[{"embeddable":true,"href":"https:\/\/sp1hrubieszow.pl\/index.php\/wp-json\/wp\/v2\/comments?post=3878"}],"version-history":[{"count":1,"href":"https:\/\/sp1hrubieszow.pl\/index.php\/wp-json\/wp\/v2\/pages\/3878\/revisions"}],"predecessor-version":[{"id":3879,"href":"https:\/\/sp1hrubieszow.pl\/index.php\/wp-json\/wp\/v2\/pages\/3878\/revisions\/3879"}],"up":[{"embeddable":true,"href":"https:\/\/sp1hrubieszow.pl\/index.php\/wp-json\/wp\/v2\/pages\/2167"}],"wp:attachment":[{"href":"https:\/\/sp1hrubieszow.pl\/index.php\/wp-json\/wp\/v2\/media?parent=3878"}],"curies":[{"name":"wp","href":"https:\/\/api.w.org\/{rel}","templated":true}]}}