{"id":3857,"date":"2019-12-23T20:57:34","date_gmt":"2019-12-23T19:57:34","guid":{"rendered":"http:\/\/sp1.hrubieszow.info\/?page_id=3857"},"modified":"2019-12-23T20:58:03","modified_gmt":"2019-12-23T19:58:03","slug":"laureaci-z-sp-nr-1-dziewiata-edycja-konkursu-plastycznego-na-plakat-promujacy-rodzicielstwo-zastepcze","status":"publish","type":"page","link":"https:\/\/sp1hrubieszow.pl\/index.php\/kronika-2019-2020\/laureaci-z-sp-nr-1-dziewiata-edycja-konkursu-plastycznego-na-plakat-promujacy-rodzicielstwo-zastepcze\/","title":{"rendered":"Laureaci z SP Nr 1-  dziewi\u0105ta edycja konkursu plastycznego  na plakat promuj\u0105cy rodzicielstwo zast\u0119pcze"},"content":{"rendered":"\n<p align=\"JUSTIFY\"><span style=\"color: #000066;\"><span style=\"font-family: Arial, sans-serif;\"><span style=\"font-size: medium;\">Powiatowe Centrum Pomocy Rodzinie w Hrubieszowie w dniu 17 grudnia 2019 r. zorganizowa\u0142o spotkanie op\u0142atkowe dla rodzin zast\u0119pczych z terenu powiatu hrubieszowskiego po\u0142\u0105czone z wr\u0119czeniem nagr\u00f3d laureatom.<\/span><\/span><\/span><\/p>\n<p align=\"JUSTIFY\"><span style=\"color: #000066;\"><span style=\"font-family: Arial, sans-serif;\"><span style=\"font-size: medium;\"> Uroczysto\u015b\u0107 odby\u0142a si\u0119 w siedzibie Starostwa Powiatowego w Hrubieszowie, w obecno\u015bci Pani Maryli Symczuk \u2013 Starosty Hrubieszowskiego, kt\u00f3ra obj\u0119\u0142a patronatem nasz konkurs oraz Pana Tomasza Su\u0142kowskiego- Dyrektora Wydzia\u0142u Polityki Spo\u0142ecznej, Zarz\u0105dzania Kryzysowego i Obronno\u015bci Starostwa Powiatowego w Hrubieszowie.<\/span><\/span><\/span><\/p>\n<p align=\"JUSTIFY\"><span style=\"color: #000066;\"><span style=\"font-family: Arial, sans-serif;\"><span style=\"font-size: medium;\">W kategorii klasy IV, V i VI szko\u0142y podstawowej jury wyr\u00f3\u017cni\u0142o prace \u2013 Wiktorii Iwan z klasy V d, a w kategorii klasa VII i VIII wyr\u00f3\u017cniono Juli\u0119 Nowosad i Agat\u0119 Czajkowsk\u0105 z klasy 7 c ze Szko\u0142y Podstawowej Nr 1 w Hrubieszowie. <\/span><\/span><\/span><\/p>\n<p align=\"JUSTIFY\"><span style=\"color: #000066;\"><span style=\"font-family: Arial, sans-serif;\"><span style=\"font-size: medium;\">Nagrodzone prace zosta\u0142y umieszczone na kalendarzu \u015bciennym na 2020 rok .<\/span><\/span><\/span><\/p>\n<p align=\"LEFT\"><span style=\"color: #000066;\"><span style=\"font-family: Arial, sans-serif;\"><span style=\"font-size: medium;\">Serdecznie gratulujemy wszystkim laureatom i \u017cyczymy dalszych sukces\u00f3w!<\/span><\/span><\/span><\/p>\nngg_shortcode_0_placeholder\n","protected":false},"excerpt":{"rendered":"<p>Powiatowe Centrum Pomocy Rodzinie w Hrubieszowie w dniu 17 grudnia 2019 r. zorganizowa\u0142o spotkanie op\u0142atkowe dla rodzin zast\u0119pczych z terenu powiatu hrubieszowskiego po\u0142\u0105czone z wr\u0119czeniem nagr\u00f3d laureatom. Uroczysto\u015b\u0107 odby\u0142a si\u0119 w siedzibie Starostwa Powiatowego w Hrubieszowie, w obecno\u015bci Pani Maryli Symczuk \u2013 Starosty Hrubieszowskiego, kt\u00f3ra obj\u0119\u0142a patronatem nasz konkurs oraz Pana Tomasza Su\u0142kowskiego- Dyrektora Wydzia\u0142u [&hellip;]<\/p>\n","protected":false},"author":2,"featured_media":0,"parent":2167,"menu_order":0,"comment_status":"closed","ping_status":"closed","template":"","meta":{"ngg_post_thumbnail":0,"footnotes":""},"class_list":["post-3857","page","type-page","status-publish","hentry"],"_links":{"self":[{"href":"https:\/\/sp1hrubieszow.pl\/index.php\/wp-json\/wp\/v2\/pages\/3857","targetHints":{"allow":["GET"]}}],"collection":[{"href":"https:\/\/sp1hrubieszow.pl\/index.php\/wp-json\/wp\/v2\/pages"}],"about":[{"href":"https:\/\/sp1hrubieszow.pl\/index.php\/wp-json\/wp\/v2\/types\/page"}],"author":[{"embeddable":true,"href":"https:\/\/sp1hrubieszow.pl\/index.php\/wp-json\/wp\/v2\/users\/2"}],"replies":[{"embeddable":true,"href":"https:\/\/sp1hrubieszow.pl\/index.php\/wp-json\/wp\/v2\/comments?post=3857"}],"version-history":[{"count":1,"href":"https:\/\/sp1hrubieszow.pl\/index.php\/wp-json\/wp\/v2\/pages\/3857\/revisions"}],"predecessor-version":[{"id":3858,"href":"https:\/\/sp1hrubieszow.pl\/index.php\/wp-json\/wp\/v2\/pages\/3857\/revisions\/3858"}],"up":[{"embeddable":true,"href":"https:\/\/sp1hrubieszow.pl\/index.php\/wp-json\/wp\/v2\/pages\/2167"}],"wp:attachment":[{"href":"https:\/\/sp1hrubieszow.pl\/index.php\/wp-json\/wp\/v2\/media?parent=3857"}],"curies":[{"name":"wp","href":"https:\/\/api.w.org\/{rel}","templated":true}]}}