{"id":3829,"date":"2019-12-21T21:05:59","date_gmt":"2019-12-21T20:05:59","guid":{"rendered":"http:\/\/sp1.hrubieszow.info\/?page_id=3829"},"modified":"2019-12-21T21:06:34","modified_gmt":"2019-12-21T20:06:34","slug":"wojewodzki-konkurs-historyczny-dzieci-zamojszczyzny-los-dzieci-w-relacjach-zrodlowych","status":"publish","type":"page","link":"https:\/\/sp1hrubieszow.pl\/index.php\/kronika-2019-2020\/wojewodzki-konkurs-historyczny-dzieci-zamojszczyzny-los-dzieci-w-relacjach-zrodlowych\/","title":{"rendered":"Wojew\u00f3dzki Konkurs Historyczny \u201eDzieci Zamojszczyzny. Los dzieci w\u00a0relacjach \u017ar\u00f3d\u0142owych\u201d"},"content":{"rendered":"\n<p align=\"JUSTIFY\"><span style=\"color: #000080;\"><span style=\"font-size: medium;\"><span lang=\"en-US\">29 listopada 2019 r. odby<\/span><\/span><span style=\"font-size: medium;\">\u0142o si\u0119 posumowanie X jubileuszowej edycji Wojew\u00f3dzkiego Konkursu Historycznego \u201eDzieci Zamojszczyzny. Los dzieci w&nbsp;relacjach \u017ar\u00f3d\u0142owych\u201d. Konkurs zorganizowany by\u0142 przez&nbsp;Szko\u0142\u0119 Podstawow\u0105 nr&nbsp;7 im.&nbsp;A. Mickiewicza w&nbsp;Zamo\u015bciu przy wsp\u00f3\u0142pracy z&nbsp;Muzeum Zamojskim oraz&nbsp;Ko\u0142em Przewodnik\u00f3w Terenowych PTTK im.&nbsp;R\u00f3\u017cy i&nbsp;Jana Zamoyskich. <\/span><span style=\"font-size: medium;\">Patronat honorowy nad konkursem obj\u0119li: Prezydenta Miasta Zamo\u015b\u0107, Kuratorium O\u015bwiaty w&nbsp;Lublinie, IPN Oddzia\u0142 w&nbsp;Lublinie, \u015aZ\u017bAK Oddzia\u0142 w&nbsp;Zamo\u015bciu, a&nbsp;patronat medialny sprawowa\u0142o Katolickie Radio Zamo\u015b\u0107. <\/span><\/span><\/p>\n<p align=\"JUSTIFY\"><span style=\"color: #000080;\"><span lang=\"en-US\"> Konkurs by<\/span>\u0142 interdyscyplinarny i&nbsp;sk\u0142ada\u0142 si\u0119 z&nbsp;trzech kategorii: pracy plastycznej, pracy literackiej oraz&nbsp;testu wiedzy historycznej<span lang=\"en-US\">. <\/span><\/span><\/p>\n<p align=\"JUSTIFY\"><span style=\"color: #000080;\">W kategorii praca plastyczna uczennica naszej szko\u0142y Kaya Perehubka otrzyma\u0142a wyr\u00f3\u017cnienie. Gratulujemy!<\/span><\/p>\nngg_shortcode_0_placeholder\n<p align=\"JUSTIFY\"><br><br><\/p>\n","protected":false},"excerpt":{"rendered":"<p>29 listopada 2019 r. odby\u0142o si\u0119 posumowanie X jubileuszowej edycji Wojew\u00f3dzkiego Konkursu Historycznego \u201eDzieci Zamojszczyzny. Los dzieci w&nbsp;relacjach \u017ar\u00f3d\u0142owych\u201d. Konkurs zorganizowany by\u0142 przez&nbsp;Szko\u0142\u0119 Podstawow\u0105 nr&nbsp;7 im.&nbsp;A. Mickiewicza w&nbsp;Zamo\u015bciu przy wsp\u00f3\u0142pracy z&nbsp;Muzeum Zamojskim oraz&nbsp;Ko\u0142em Przewodnik\u00f3w Terenowych PTTK im.&nbsp;R\u00f3\u017cy i&nbsp;Jana Zamoyskich. Patronat honorowy nad konkursem obj\u0119li: Prezydenta Miasta Zamo\u015b\u0107, Kuratorium O\u015bwiaty w&nbsp;Lublinie, IPN Oddzia\u0142 w&nbsp;Lublinie, \u015aZ\u017bAK Oddzia\u0142 [&hellip;]<\/p>\n","protected":false},"author":2,"featured_media":0,"parent":2167,"menu_order":0,"comment_status":"closed","ping_status":"closed","template":"","meta":{"ngg_post_thumbnail":0,"footnotes":""},"class_list":["post-3829","page","type-page","status-publish","hentry"],"_links":{"self":[{"href":"https:\/\/sp1hrubieszow.pl\/index.php\/wp-json\/wp\/v2\/pages\/3829","targetHints":{"allow":["GET"]}}],"collection":[{"href":"https:\/\/sp1hrubieszow.pl\/index.php\/wp-json\/wp\/v2\/pages"}],"about":[{"href":"https:\/\/sp1hrubieszow.pl\/index.php\/wp-json\/wp\/v2\/types\/page"}],"author":[{"embeddable":true,"href":"https:\/\/sp1hrubieszow.pl\/index.php\/wp-json\/wp\/v2\/users\/2"}],"replies":[{"embeddable":true,"href":"https:\/\/sp1hrubieszow.pl\/index.php\/wp-json\/wp\/v2\/comments?post=3829"}],"version-history":[{"count":1,"href":"https:\/\/sp1hrubieszow.pl\/index.php\/wp-json\/wp\/v2\/pages\/3829\/revisions"}],"predecessor-version":[{"id":3830,"href":"https:\/\/sp1hrubieszow.pl\/index.php\/wp-json\/wp\/v2\/pages\/3829\/revisions\/3830"}],"up":[{"embeddable":true,"href":"https:\/\/sp1hrubieszow.pl\/index.php\/wp-json\/wp\/v2\/pages\/2167"}],"wp:attachment":[{"href":"https:\/\/sp1hrubieszow.pl\/index.php\/wp-json\/wp\/v2\/media?parent=3829"}],"curies":[{"name":"wp","href":"https:\/\/api.w.org\/{rel}","templated":true}]}}