{"id":3810,"date":"2019-12-20T21:24:08","date_gmt":"2019-12-20T20:24:08","guid":{"rendered":"http:\/\/sp1.hrubieszow.info\/?page_id=3810"},"modified":"2019-12-28T18:03:35","modified_gmt":"2019-12-28T17:03:35","slug":"zyczenia","status":"publish","type":"page","link":"https:\/\/sp1hrubieszow.pl\/index.php\/kronika-2019-2020\/zyczenia\/","title":{"rendered":"\u017byczenia"},"content":{"rendered":"\n<p><img loading=\"lazy\" decoding=\"async\" class=\"alignnone  wp-image-3809\" src=\"http:\/\/sp1.hrubieszow.info\/wp-content\/uploads\/2019\/12\/a-1-300x207.jpg\" alt=\"\" width=\"589\" height=\"406\" srcset=\"https:\/\/sp1hrubieszow.pl\/wp-content\/uploads\/2019\/12\/a-1-300x207.jpg 300w, https:\/\/sp1hrubieszow.pl\/wp-content\/uploads\/2019\/12\/a-1-768x529.jpg 768w, https:\/\/sp1hrubieszow.pl\/wp-content\/uploads\/2019\/12\/a-1.jpg 1024w, https:\/\/sp1hrubieszow.pl\/wp-content\/uploads\/2019\/12\/a-1-624x430.jpg 624w\" sizes=\"auto, (max-width: 589px) 100vw, 589px\" \/><\/p>\n<p align=\"CENTER\"><span style=\"color: #000066;\"><span style=\"font-family: Arial, sans-serif;\"><b>Naszym drogim uczniom, ich rodzinom, przyjacio\u0142om szko\u0142y<\/b><\/span><\/span><\/p>\n<p align=\"CENTER\"><span style=\"color: #000066;\"><span style=\"font-family: Arial, sans-serif;\"><b>sk\u0142adamy najlepsze <\/b><b>\u017c<\/b><b>yczenia<\/b><\/span><\/span><\/p>\n<p align=\"CENTER\"><span style=\"color: #000066;\"><span style=\"font-family: Arial, sans-serif;\"><b>zdrowych, pogodnych <\/b><b>\u015a<\/b><b>wi<\/b><b>\u0105<\/b><b>t Bo<\/b><b>\u017c<\/b><b>ego Narodzenia, <\/b><\/span><\/span><\/p>\n<p align=\"CENTER\"><span style=\"color: #000066;\"><span style=\"font-family: Arial, sans-serif;\"><b>wszelkiej pomy<\/b><b>\u015b<\/b><b>lno<\/b><b>\u015b<\/b><b>ci <br>w Nowym Roku,<\/b><\/span><\/span><\/p>\n<p align=\"CENTER\"><span style=\"color: #000066;\"><span style=\"font-family: Arial, sans-serif;\"><b>a tak<\/b><b>\u017c<\/b><b>e mi\u0142ych chwil sp<\/b><b>\u0119<\/b><b>dzonych w gronie rodziny.<\/b><\/span><\/span><\/p>\n<p style=\"text-align: right;\" align=\"CENTER\"><span style=\"color: #000066;\"><span style=\"font-family: Arial, sans-serif;\"><b>dyrekcja, grono pedagogiczne, pracownicy administracji i obs\u0142ugi<\/b><\/span><\/span><\/p>\n<p style=\"text-align: right;\" align=\"CENTER\"><span style=\"color: #000066;\"><span style=\"font-family: Arial, sans-serif;\"><b>SP Nr 1 w Hrubieszowie<\/b><\/span><\/span><\/p>\n\n\n","protected":false},"excerpt":{"rendered":"<p>Naszym drogim uczniom, ich rodzinom, przyjacio\u0142om szko\u0142y sk\u0142adamy najlepsze \u017cyczenia zdrowych, pogodnych \u015awi\u0105t Bo\u017cego Narodzenia, wszelkiej pomy\u015blno\u015bci w Nowym Roku, a tak\u017ce mi\u0142ych chwil sp\u0119dzonych w gronie rodziny. dyrekcja, grono pedagogiczne, pracownicy administracji i obs\u0142ugi SP Nr 1 w Hrubieszowie<\/p>\n","protected":false},"author":2,"featured_media":0,"parent":2167,"menu_order":0,"comment_status":"closed","ping_status":"closed","template":"","meta":{"ngg_post_thumbnail":0,"footnotes":""},"class_list":["post-3810","page","type-page","status-publish","hentry"],"_links":{"self":[{"href":"https:\/\/sp1hrubieszow.pl\/index.php\/wp-json\/wp\/v2\/pages\/3810","targetHints":{"allow":["GET"]}}],"collection":[{"href":"https:\/\/sp1hrubieszow.pl\/index.php\/wp-json\/wp\/v2\/pages"}],"about":[{"href":"https:\/\/sp1hrubieszow.pl\/index.php\/wp-json\/wp\/v2\/types\/page"}],"author":[{"embeddable":true,"href":"https:\/\/sp1hrubieszow.pl\/index.php\/wp-json\/wp\/v2\/users\/2"}],"replies":[{"embeddable":true,"href":"https:\/\/sp1hrubieszow.pl\/index.php\/wp-json\/wp\/v2\/comments?post=3810"}],"version-history":[{"count":1,"href":"https:\/\/sp1hrubieszow.pl\/index.php\/wp-json\/wp\/v2\/pages\/3810\/revisions"}],"predecessor-version":[{"id":3811,"href":"https:\/\/sp1hrubieszow.pl\/index.php\/wp-json\/wp\/v2\/pages\/3810\/revisions\/3811"}],"up":[{"embeddable":true,"href":"https:\/\/sp1hrubieszow.pl\/index.php\/wp-json\/wp\/v2\/pages\/2167"}],"wp:attachment":[{"href":"https:\/\/sp1hrubieszow.pl\/index.php\/wp-json\/wp\/v2\/media?parent=3810"}],"curies":[{"name":"wp","href":"https:\/\/api.w.org\/{rel}","templated":true}]}}