{"id":3766,"date":"2019-12-17T15:28:02","date_gmt":"2019-12-17T14:28:02","guid":{"rendered":"http:\/\/sp1.hrubieszow.info\/?page_id=3766"},"modified":"2019-12-23T20:39:44","modified_gmt":"2019-12-23T19:39:44","slug":"3766-2","status":"publish","type":"page","link":"https:\/\/sp1hrubieszow.pl\/index.php\/kronika-2019-2020\/3766-2\/","title":{"rendered":"Prace uczni\u00f3w w ramach zadania Remont mogi\u0142 \u017co\u0142nierzy \u2013 legionist\u00f3w poleg\u0142ych w 1918-1920 roku, pochowanych na cmentarzu grzebalnym w Hrubieszowie"},"content":{"rendered":"\n<p><img loading=\"lazy\" decoding=\"async\" class=\"wp-image-3722 alignnone\" src=\"http:\/\/sp1.hrubieszow.info\/wp-content\/uploads\/2019\/12\/a-300x85.jpg\" alt=\"\" width=\"273\" height=\"77\" srcset=\"https:\/\/sp1hrubieszow.pl\/wp-content\/uploads\/2019\/12\/a-300x85.jpg 300w, https:\/\/sp1hrubieszow.pl\/wp-content\/uploads\/2019\/12\/a-768x217.jpg 768w, https:\/\/sp1hrubieszow.pl\/wp-content\/uploads\/2019\/12\/a-1024x290.jpg 1024w, https:\/\/sp1hrubieszow.pl\/wp-content\/uploads\/2019\/12\/a-624x176.jpg 624w\" sizes=\"auto, (max-width: 273px) 100vw, 273px\" \/>&nbsp; &nbsp; &nbsp; &nbsp; &nbsp; &nbsp; &nbsp; &nbsp; &nbsp; &nbsp; &nbsp; &nbsp; &nbsp; &nbsp; &nbsp; &nbsp; &nbsp; &nbsp; &nbsp; &nbsp;<img loading=\"lazy\" decoding=\"async\" class=\"wp-image-2813 alignnone\" src=\"http:\/\/sp1.hrubieszow.info\/wp-content\/uploads\/2019\/11\/mkidn_01_cmyk-300x300.jpg\" alt=\"\" width=\"140\" height=\"140\" srcset=\"https:\/\/sp1hrubieszow.pl\/wp-content\/uploads\/2019\/11\/mkidn_01_cmyk-300x300.jpg 300w, https:\/\/sp1hrubieszow.pl\/wp-content\/uploads\/2019\/11\/mkidn_01_cmyk-150x150.jpg 150w, https:\/\/sp1hrubieszow.pl\/wp-content\/uploads\/2019\/11\/mkidn_01_cmyk-768x768.jpg 768w, https:\/\/sp1hrubieszow.pl\/wp-content\/uploads\/2019\/11\/mkidn_01_cmyk-1024x1024.jpg 1024w, https:\/\/sp1hrubieszow.pl\/wp-content\/uploads\/2019\/11\/mkidn_01_cmyk-624x624.jpg 624w, https:\/\/sp1hrubieszow.pl\/wp-content\/uploads\/2019\/11\/mkidn_01_cmyk.jpg 1323w\" sizes=\"auto, (max-width: 140px) 100vw, 140px\" \/><\/p>\n<p><span style=\"color: #000080;\">Prace uczni\u00f3w naszej szko\u0142y wykonane w ramach zadania: <strong>Remont mogi\u0142 \u017co\u0142nierzy \u2013 legionist\u00f3w poleg\u0142ych w 1918-1920 roku, pochowanych na cmentarzu grzebalnym <br>w Hrubieszowie, <\/strong>realizowanego z dofinansowaniem ze \u015brodk\u00f3w finansowych Ministra Kultury i Dziedzictwa Narodowego pochodz\u0105cych z bud\u017cetu pa\u0144stwa:<\/span><\/p>\n<ol>\n<li><span style=\"color: #000080;\"><strong><em>\u015aladami bitew i mogi\u0142 \u017co\u0142nierzy polskich z lat 1919 \u2013 1920.<\/em><\/strong><strong><em> Wojna polsko \u2013 ukrai\u0144ska oraz wojna polsko &#8211; bolszewicka na ziemi hrubieszowskiej<\/em><\/strong><strong> \u2013 Olgierd Adam Pisiewicz, kl. 6c<\/strong><\/span><\/li>\n<li><span style=\"color: #000080;\"><strong><em>Dzia\u0142ania historyczne na ziemi hrubieszowskiej z okresu 1918-1920<\/em><\/strong><strong> &#8211; Jakub Chomiak, Maciej Janiszek, 6c<\/strong><\/span><\/li>\n<li><span style=\"color: #000080;\"><strong><em>Walki na ziemi hrubieszowskiej w okresie wojny polsko \u2013 bolszewickiej<\/em><\/strong><strong> \u2013 Nikola Czulak, Karolina Radziejewska, kl. 6b<\/strong><\/span><\/li>\n<li><span style=\"color: #000080;\"><strong><em>Hrubiesz\u00f3w w latach 1918-<\/em><\/strong><strong><em>1920<\/em><\/strong><strong> &#8211; Tomasz Zaj\u0105c,&nbsp; 8a<\/strong><\/span><\/li>\n<\/ol>\n<p>&nbsp;<\/p>\n<p><span style=\"color: #000080;\"><a style=\"color: #000080;\" href=\"http:\/\/sp1.hrubieszow.info\/wp-content\/uploads\/2019\/12\/\u015aladami-bitew-i-mogi\u0142-\u017co\u0142nierzy-polskich-1.pptx\">\u015aladami bitew i mogi\u0142 \u017co\u0142nierzy polskich<\/a><\/span><\/p>\n<p><span style=\"color: #000080;\"><a style=\"color: #000080;\" href=\"http:\/\/sp1.hrubieszow.info\/wp-content\/uploads\/2019\/12\/Hrubiesz\u00f3w-w-latach-1918-1920-1.ppt\">Hrubiesz\u00f3w w latach 1918-1920<\/a><\/span><\/p>\n<p><span style=\"color: #000080;\"><a style=\"color: #000080;\" href=\"http:\/\/sp1.hrubieszow.info\/wp-content\/uploads\/2019\/12\/Dzia\u0142ania-historyczne-na-ziemi-hrubieszowskiej-z-okresu-1918-1920-1.pptx\">Dzia\u0142ania historyczne na ziemi hrubieszowskiej z okresu 1918-1920<\/a><\/span><\/p>\n<p><a href=\"http:\/\/sp1.hrubieszow.info\/wp-content\/uploads\/2019\/12\/Walki-na-ziemi-hrubieszowskiej-cz.1.ppt\">Walki na ziemi hrubieszowskiej cz.1<\/a><\/p>\n<p><a href=\"http:\/\/sp1.hrubieszow.info\/wp-content\/uploads\/2019\/12\/Walki-na-ziemi-hrubieszowskiej-cz.2.ppt\">Walki na ziemi hrubieszowskiej cz.2<\/a><\/p>\n<p>&nbsp;<\/p>\n<p><strong>&nbsp;&nbsp;&nbsp;&nbsp;&nbsp;&nbsp;&nbsp;&nbsp;&nbsp;&nbsp;&nbsp; &nbsp;<\/strong><\/p>\n","protected":false},"excerpt":{"rendered":"<p>&nbsp; &nbsp; &nbsp; &nbsp; &nbsp; &nbsp; &nbsp; &nbsp; &nbsp; &nbsp; &nbsp; &nbsp; &nbsp; &nbsp; &nbsp; &nbsp; &nbsp; &nbsp; &nbsp; &nbsp; Prace uczni\u00f3w naszej szko\u0142y wykonane w ramach zadania: Remont mogi\u0142 \u017co\u0142nierzy \u2013 legionist\u00f3w poleg\u0142ych w 1918-1920 roku, pochowanych na cmentarzu grzebalnym w Hrubieszowie, realizowanego z dofinansowaniem ze \u015brodk\u00f3w finansowych Ministra Kultury i Dziedzictwa Narodowego pochodz\u0105cych [&hellip;]<\/p>\n","protected":false},"author":2,"featured_media":0,"parent":2167,"menu_order":0,"comment_status":"closed","ping_status":"closed","template":"","meta":{"ngg_post_thumbnail":0,"footnotes":""},"class_list":["post-3766","page","type-page","status-publish","hentry"],"_links":{"self":[{"href":"https:\/\/sp1hrubieszow.pl\/index.php\/wp-json\/wp\/v2\/pages\/3766","targetHints":{"allow":["GET"]}}],"collection":[{"href":"https:\/\/sp1hrubieszow.pl\/index.php\/wp-json\/wp\/v2\/pages"}],"about":[{"href":"https:\/\/sp1hrubieszow.pl\/index.php\/wp-json\/wp\/v2\/types\/page"}],"author":[{"embeddable":true,"href":"https:\/\/sp1hrubieszow.pl\/index.php\/wp-json\/wp\/v2\/users\/2"}],"replies":[{"embeddable":true,"href":"https:\/\/sp1hrubieszow.pl\/index.php\/wp-json\/wp\/v2\/comments?post=3766"}],"version-history":[{"count":5,"href":"https:\/\/sp1hrubieszow.pl\/index.php\/wp-json\/wp\/v2\/pages\/3766\/revisions"}],"predecessor-version":[{"id":3840,"href":"https:\/\/sp1hrubieszow.pl\/index.php\/wp-json\/wp\/v2\/pages\/3766\/revisions\/3840"}],"up":[{"embeddable":true,"href":"https:\/\/sp1hrubieszow.pl\/index.php\/wp-json\/wp\/v2\/pages\/2167"}],"wp:attachment":[{"href":"https:\/\/sp1hrubieszow.pl\/index.php\/wp-json\/wp\/v2\/media?parent=3766"}],"curies":[{"name":"wp","href":"https:\/\/api.w.org\/{rel}","templated":true}]}}