{"id":3700,"date":"2019-12-16T16:41:02","date_gmt":"2019-12-16T15:41:02","guid":{"rendered":"http:\/\/sp1.hrubieszow.info\/?page_id=3700"},"modified":"2019-12-18T19:58:52","modified_gmt":"2019-12-18T18:58:52","slug":"swietlicowy-konkurs-recytatorski-klasyka-dla-smyka","status":"publish","type":"page","link":"https:\/\/sp1hrubieszow.pl\/index.php\/kronika-2019-2020\/swietlicowy-konkurs-recytatorski-klasyka-dla-smyka\/","title":{"rendered":"\u015awietlicowy Konkurs Recytatorski \u201eKlasyka dla smyka\u201d"},"content":{"rendered":"\n<p align=\"JUSTIFY\"><span style=\"color: #000066;\"><span style=\"font-family: Arial, sans-serif;\"><span style=\"font-size: medium;\">10 grudnia 2019r. w naszej szkole odby\u0142 si\u0119 konkurs recytatorski dla klas 0-3. Dzieci zaprezentowa\u0142y wiersze Juliana Tuwima, Jana Brzechwy i Marii Konopnickiej. Mimo, i\u017c utwory wymienionych autor\u00f3w powsta\u0142y bardzo dawno, to nadal bawi\u0105 i ucz\u0105 dzieci. Jury ocenia\u0142o: dob\u00f3r tekstu i jego pami\u0119ciowe opanowanie, prawid\u0142ow\u0105 artykulacj\u0119, dykcj\u0119 i emisj\u0119 g\u0142osu, odpowiedni\u0105 interpretacj\u0119 tekstu, og\u00f3lny wyraz artystyczny (uzasadniony gest sceniczny, kostium dobrany do tematyki utworu). Mali recytatorzy stan\u0119li na wysoko\u015bci zadania, przy pomocy rodzic\u00f3w przygotowali przepi\u0119kne stroje i odwa\u017cnie wyst\u0105pili przed publiczno\u015bci\u0105. Komisja konkursowa w sk\u0142adzie p. Aneta Rycerz i p. Agnieszka Ha\u0142asa przyzna\u0142a nast\u0119puj\u0105ce nagrody:<\/span><\/span><\/span><\/p>\n<p align=\"JUSTIFY\"><span style=\"color: #000066;\"><span style=\"font-family: Arial, sans-serif;\"><span style=\"font-size: medium;\">I miejsce \u2013 Karolina Danilczuk,<\/span><\/span><\/span><\/p>\n<p align=\"JUSTIFY\"><span style=\"color: #000066;\"><span style=\"font-family: Arial, sans-serif;\"><span style=\"font-size: medium;\">II miejsce \u2013 Hanna Sidorczuk i Jakub Bajerczak,<\/span><\/span><\/span><\/p>\n<p align=\"JUSTIFY\"><span style=\"color: #000066;\"><span style=\"font-family: Arial, sans-serif;\"><span style=\"font-size: medium;\">III miejsce \u2013 Anna Metyk i Mateusz Ka\u0144ski.<\/span><\/span><\/span><\/p>\n<p align=\"JUSTIFY\"><span style=\"color: #000066;\"><span style=\"font-family: Arial, sans-serif;\"><span style=\"font-size: medium;\">Wyr\u00f3\u017cnienia otrzymali:<\/span><\/span><\/span><\/p>\n<p align=\"JUSTIFY\"><span style=\"color: #000066;\"><span style=\"font-family: Arial, sans-serif;\"><span style=\"font-size: medium;\">Dawid Kornaszewski, Lena Ni\u017anikowska, Martyna Balcer, Ma\u0142gorzata Korneluk, Wiktoria Dynkiewicz, Nikola Kosza\u0142ka i Lena Ho\u0142\u00f3wek.<\/span><\/span><\/span><\/p>\n<p align=\"JUSTIFY\"><span style=\"color: #000066;\"><span style=\"font-family: Arial, sans-serif;\"><span style=\"font-size: medium;\">Konkurs zorganizowa\u0142y p. Aneta Rycerz i p. Monika Korneluk. Laureaci otrzymali dyplomy i nagrody ksi\u0105\u017ckowe.<\/span><\/span><\/span><\/p>\nngg_shortcode_0_placeholder\nngg_shortcode_1_placeholder\n","protected":false},"excerpt":{"rendered":"<p>10 grudnia 2019r. w naszej szkole odby\u0142 si\u0119 konkurs recytatorski dla klas 0-3. Dzieci zaprezentowa\u0142y wiersze Juliana Tuwima, Jana Brzechwy i Marii Konopnickiej. Mimo, i\u017c utwory wymienionych autor\u00f3w powsta\u0142y bardzo dawno, to nadal bawi\u0105 i ucz\u0105 dzieci. Jury ocenia\u0142o: dob\u00f3r tekstu i jego pami\u0119ciowe opanowanie, prawid\u0142ow\u0105 artykulacj\u0119, dykcj\u0119 i emisj\u0119 g\u0142osu, odpowiedni\u0105 interpretacj\u0119 tekstu, og\u00f3lny [&hellip;]<\/p>\n","protected":false},"author":2,"featured_media":0,"parent":2167,"menu_order":0,"comment_status":"closed","ping_status":"closed","template":"","meta":{"ngg_post_thumbnail":0,"footnotes":""},"class_list":["post-3700","page","type-page","status-publish","hentry"],"_links":{"self":[{"href":"https:\/\/sp1hrubieszow.pl\/index.php\/wp-json\/wp\/v2\/pages\/3700","targetHints":{"allow":["GET"]}}],"collection":[{"href":"https:\/\/sp1hrubieszow.pl\/index.php\/wp-json\/wp\/v2\/pages"}],"about":[{"href":"https:\/\/sp1hrubieszow.pl\/index.php\/wp-json\/wp\/v2\/types\/page"}],"author":[{"embeddable":true,"href":"https:\/\/sp1hrubieszow.pl\/index.php\/wp-json\/wp\/v2\/users\/2"}],"replies":[{"embeddable":true,"href":"https:\/\/sp1hrubieszow.pl\/index.php\/wp-json\/wp\/v2\/comments?post=3700"}],"version-history":[{"count":2,"href":"https:\/\/sp1hrubieszow.pl\/index.php\/wp-json\/wp\/v2\/pages\/3700\/revisions"}],"predecessor-version":[{"id":3781,"href":"https:\/\/sp1hrubieszow.pl\/index.php\/wp-json\/wp\/v2\/pages\/3700\/revisions\/3781"}],"up":[{"embeddable":true,"href":"https:\/\/sp1hrubieszow.pl\/index.php\/wp-json\/wp\/v2\/pages\/2167"}],"wp:attachment":[{"href":"https:\/\/sp1hrubieszow.pl\/index.php\/wp-json\/wp\/v2\/media?parent=3700"}],"curies":[{"name":"wp","href":"https:\/\/api.w.org\/{rel}","templated":true}]}}