{"id":3657,"date":"2019-12-15T17:28:58","date_gmt":"2019-12-15T16:28:58","guid":{"rendered":"http:\/\/sp1.hrubieszow.info\/?page_id=3657"},"modified":"2019-12-15T17:31:46","modified_gmt":"2019-12-15T16:31:46","slug":"list-do-krolowej-wielkiej-brytanii","status":"publish","type":"page","link":"https:\/\/sp1hrubieszow.pl\/index.php\/kronika-2019-2020\/list-do-krolowej-wielkiej-brytanii\/","title":{"rendered":"List do Kr\u00f3lowej Wielkiej Brytanii"},"content":{"rendered":"\n<p><span style=\"color: #000066;\"><span style=\"font-family: Arial, sans-serif;\"><span style=\"font-size: medium;\">Dnia 10 grudnia 2019 r. uczniowie z oddzia\u0142u 7 B na kole j\u0119zyka angielskiego prowadzonym przez p. Ilon\u0119 Winogrodzk\u0105 napisali \u017cyczenia \u015bwi\u0105teczne do Kr\u00f3lowej El\u017cbiety II. Kartka bo\u017conarodzeniowa zosta\u0142a wykonana przez Ol\u0119 Szymko. Wszyscy uczestnicy zaj\u0119\u0107 bardzo ch\u0119tnie zaanga\u017cowali si\u0119 w napisanie \u017cycze\u0144 do Kr\u00f3lowej i ka\u017cdy stara\u0142 si\u0119 napisa\u0107 je jak najdok\u0142adniej. Nast\u0119pnie ca\u0142a grupa wraz na nauczycielem podpisa\u0142a si\u0119 pod pi\u0119knie zredagowanymi \u015bwi\u0105tecznymi pozdrowieniami. <\/span><\/span><\/span><\/p>\n<p align=\"JUSTIFY\"><span style=\"color: #000066;\"><span style=\"font-family: Arial, sans-serif;\"><span style=\"font-size: medium;\">List zosta\u0142 wys\u0142any, a my z niecierpliwo\u015bci\u0105 czekamy na odpowied\u017a z Pa\u0142acu Buckingham!<\/span><\/span><\/span><\/p>\nngg_shortcode_0_placeholder\n<p align=\"JUSTIFY\">&nbsp;<\/p>\n","protected":false},"excerpt":{"rendered":"<p>Dnia 10 grudnia 2019 r. uczniowie z oddzia\u0142u 7 B na kole j\u0119zyka angielskiego prowadzonym przez p. Ilon\u0119 Winogrodzk\u0105 napisali \u017cyczenia \u015bwi\u0105teczne do Kr\u00f3lowej El\u017cbiety II. Kartka bo\u017conarodzeniowa zosta\u0142a wykonana przez Ol\u0119 Szymko. Wszyscy uczestnicy zaj\u0119\u0107 bardzo ch\u0119tnie zaanga\u017cowali si\u0119 w napisanie \u017cycze\u0144 do Kr\u00f3lowej i ka\u017cdy stara\u0142 si\u0119 napisa\u0107 je jak najdok\u0142adniej. Nast\u0119pnie ca\u0142a [&hellip;]<\/p>\n","protected":false},"author":2,"featured_media":0,"parent":2167,"menu_order":0,"comment_status":"closed","ping_status":"closed","template":"","meta":{"ngg_post_thumbnail":0,"footnotes":""},"class_list":["post-3657","page","type-page","status-publish","hentry"],"_links":{"self":[{"href":"https:\/\/sp1hrubieszow.pl\/index.php\/wp-json\/wp\/v2\/pages\/3657","targetHints":{"allow":["GET"]}}],"collection":[{"href":"https:\/\/sp1hrubieszow.pl\/index.php\/wp-json\/wp\/v2\/pages"}],"about":[{"href":"https:\/\/sp1hrubieszow.pl\/index.php\/wp-json\/wp\/v2\/types\/page"}],"author":[{"embeddable":true,"href":"https:\/\/sp1hrubieszow.pl\/index.php\/wp-json\/wp\/v2\/users\/2"}],"replies":[{"embeddable":true,"href":"https:\/\/sp1hrubieszow.pl\/index.php\/wp-json\/wp\/v2\/comments?post=3657"}],"version-history":[{"count":2,"href":"https:\/\/sp1hrubieszow.pl\/index.php\/wp-json\/wp\/v2\/pages\/3657\/revisions"}],"predecessor-version":[{"id":3672,"href":"https:\/\/sp1hrubieszow.pl\/index.php\/wp-json\/wp\/v2\/pages\/3657\/revisions\/3672"}],"up":[{"embeddable":true,"href":"https:\/\/sp1hrubieszow.pl\/index.php\/wp-json\/wp\/v2\/pages\/2167"}],"wp:attachment":[{"href":"https:\/\/sp1hrubieszow.pl\/index.php\/wp-json\/wp\/v2\/media?parent=3657"}],"curies":[{"name":"wp","href":"https:\/\/api.w.org\/{rel}","templated":true}]}}