{"id":3624,"date":"2019-12-13T19:43:29","date_gmt":"2019-12-13T18:43:29","guid":{"rendered":"http:\/\/sp1.hrubieszow.info\/?page_id=3624"},"modified":"2019-12-13T19:43:53","modified_gmt":"2019-12-13T18:43:53","slug":"spotkanie-z-duchem-bieluchem","status":"publish","type":"page","link":"https:\/\/sp1hrubieszow.pl\/index.php\/kronika-2019-2020\/spotkanie-z-duchem-bieluchem\/","title":{"rendered":"Spotkanie z \u201eDuchem Bieluchem\u201d"},"content":{"rendered":"\n<p align=\"LEFT\"><span style=\"color: #000066;\"><span style=\"font-family: Arial, sans-serif;\"><span style=\"font-size: medium;\">Tegoroczne miko\u0142ajki uczniowie z klas 6b, 6c i 6d postanowili sp\u0119dzi\u0107 nietypowo \u2013 wybrali si\u0119 3 grudnia wraz z opiekunami p. M. Czulak, p. M Szumiat\u0105 i p. A. Rycerz na wycieczk\u0119 do Che\u0142ma. Na pocz\u0105tku zwiedzili\u015bmy Podziemia Kredowe, gdzie g\u0142\u00f3wn\u0105 atrakcj\u0105 by\u0142o spotkanie z \u201eDuchem Bieluchem\u201d. Us\u0142yszeli\u015bmy wiele ciekawych opowie\u015bci na temat historii miasta i wydobycia cennego surowca, jednak najbardziej zapami\u0119tali\u015bmy \u017carty przewodnika, kt\u00f3ry oprowadza\u0142 nas kr\u0119tymi korytarzami. Mo\u017cna si\u0119 by\u0142o poczu\u0107 jak w labiryncie Minotaura, na szcz\u0119\u015bcie nie musieli\u015bmy czeka\u0107 na zbawcz\u0105 ni\u0107 Ariadny, tylko zostali\u015bmy doprowadzeni do wyj\u015bcia. <\/span><\/span><\/span><\/p>\n<p align=\"LEFT\"><span style=\"color: #000066;\"><span style=\"font-family: Arial, sans-serif;\"><span style=\"font-size: medium;\">P\u00f3\u017aniej udali\u015bmy si\u0119 na basen, a po ponad trzech godzinach w wodzie musieli\u015bmy zaspokoi\u0107 g\u0142\u00f3d w restauracji McDonald. Wr\u00f3cili\u015bmy do Hrubieszowa oko\u0142o godziny 17 w znakomitych nastrojach i pe\u0142ni energii. <\/span><\/span><\/span><\/p>\nngg_shortcode_0_placeholder\n","protected":false},"excerpt":{"rendered":"<p>Tegoroczne miko\u0142ajki uczniowie z klas 6b, 6c i 6d postanowili sp\u0119dzi\u0107 nietypowo \u2013 wybrali si\u0119 3 grudnia wraz z opiekunami p. M. Czulak, p. M Szumiat\u0105 i p. A. Rycerz na wycieczk\u0119 do Che\u0142ma. Na pocz\u0105tku zwiedzili\u015bmy Podziemia Kredowe, gdzie g\u0142\u00f3wn\u0105 atrakcj\u0105 by\u0142o spotkanie z \u201eDuchem Bieluchem\u201d. Us\u0142yszeli\u015bmy wiele ciekawych opowie\u015bci na temat historii miasta [&hellip;]<\/p>\n","protected":false},"author":2,"featured_media":0,"parent":2167,"menu_order":0,"comment_status":"closed","ping_status":"closed","template":"","meta":{"ngg_post_thumbnail":0,"footnotes":""},"class_list":["post-3624","page","type-page","status-publish","hentry"],"_links":{"self":[{"href":"https:\/\/sp1hrubieszow.pl\/index.php\/wp-json\/wp\/v2\/pages\/3624","targetHints":{"allow":["GET"]}}],"collection":[{"href":"https:\/\/sp1hrubieszow.pl\/index.php\/wp-json\/wp\/v2\/pages"}],"about":[{"href":"https:\/\/sp1hrubieszow.pl\/index.php\/wp-json\/wp\/v2\/types\/page"}],"author":[{"embeddable":true,"href":"https:\/\/sp1hrubieszow.pl\/index.php\/wp-json\/wp\/v2\/users\/2"}],"replies":[{"embeddable":true,"href":"https:\/\/sp1hrubieszow.pl\/index.php\/wp-json\/wp\/v2\/comments?post=3624"}],"version-history":[{"count":1,"href":"https:\/\/sp1hrubieszow.pl\/index.php\/wp-json\/wp\/v2\/pages\/3624\/revisions"}],"predecessor-version":[{"id":3625,"href":"https:\/\/sp1hrubieszow.pl\/index.php\/wp-json\/wp\/v2\/pages\/3624\/revisions\/3625"}],"up":[{"embeddable":true,"href":"https:\/\/sp1hrubieszow.pl\/index.php\/wp-json\/wp\/v2\/pages\/2167"}],"wp:attachment":[{"href":"https:\/\/sp1hrubieszow.pl\/index.php\/wp-json\/wp\/v2\/media?parent=3624"}],"curies":[{"name":"wp","href":"https:\/\/api.w.org\/{rel}","templated":true}]}}